{"id":43313,"date":"2025-05-29T11:46:31","date_gmt":"2025-05-29T09:46:31","guid":{"rendered":"https:\/\/www.bau-styl.hu\/epitoanyag\/?post_type=product&#038;p=43313"},"modified":"2025-06-13T13:28:58","modified_gmt":"2025-06-13T11:28:58","slug":"henkel-ceresit-cl-51-kenheto-szigetelofolia-5-kg","status":"publish","type":"product","link":"https:\/\/www.bau-styl.hu\/epitoanyag\/termek\/henkel-ceresit-cl-51-kenheto-szigetelofolia-5-kg\/","title":{"rendered":"Henkel Ceresit CL 51 Kenhet\u0151 szigetel\u0151f\u00f3lia 5 kg"},"content":{"rendered":"","protected":false},"excerpt":{"rendered":"<p>A\u00a0CERESIT\u00ae CL 51 egykomponens\u0171 szigetel\u0151 bevonat belt\u00e9ri vizes helyis\u00e9gek ker\u00e1miaburkolata alatti fal- \u00e9s padl\u00f3fel\u00fcletek h\u00e9zagmentes \u00e9s tart\u00f3s szigetel\u00e9sre alkalmas a h\u00e1ztart\u00e1sokban. Szigetel\u0151 r\u00e9teggel \u00e9p\u00edtett padl\u00f3kon a CL 51 r\u00f6gt\u00f6n a teherhord\u00f3 sim\u00edt\u00f3 r\u00e9tegre is felkenhet\u0151. Padl\u00f3f\u0171t\u00e9s eset\u00e9n is alkalmazhat\u00f3.<\/p>\n<p>A r\u00e9szletes t\u00e1j\u00e9koztat\u00f3 <a href=\"https:\/\/www.bau-styl.hu\/epitoanyag\/wp-content\/uploads\/2025\/06\/CERESIT-CL-51-hu_HU.pdf\" target=\"_blank\" rel=\"noopener\"><span style=\"text-decoration: underline;\">innen<\/span><\/a> let\u00f6lthet\u0151.<\/p>\n","protected":false},"featured_media":43311,"template":"","meta":[],"product_brand":[],"product_cat":[129,4078],"product_tag":[6601],"class_list":{"0":"post-43313","1":"product","2":"type-product","3":"status-publish","4":"has-post-thumbnail","6":"product_cat-hidegburkolas","7":"product_cat-kenheto-szigeteles-hidegburkolas","8":"product_tag-henkel","10":"first","11":"instock","12":"taxable","13":"shipping-taxable","14":"purchasable","15":"product-type-simple"},"aioseo_notices":[],"_links":{"self":[{"href":"https:\/\/www.bau-styl.hu\/epitoanyag\/wp-json\/wp\/v2\/product\/43313","targetHints":{"allow":["GET"]}}],"collection":[{"href":"https:\/\/www.bau-styl.hu\/epitoanyag\/wp-json\/wp\/v2\/product"}],"about":[{"href":"https:\/\/www.bau-styl.hu\/epitoanyag\/wp-json\/wp\/v2\/types\/product"}],"wp:featuredmedia":[{"embeddable":true,"href":"https:\/\/www.bau-styl.hu\/epitoanyag\/wp-json\/wp\/v2\/media\/43311"}],"wp:attachment":[{"href":"https:\/\/www.bau-styl.hu\/epitoanyag\/wp-json\/wp\/v2\/media?parent=43313"}],"wp:term":[{"taxonomy":"product_brand","embeddable":true,"href":"https:\/\/www.bau-styl.hu\/epitoanyag\/wp-json\/wp\/v2\/product_brand?post=43313"},{"taxonomy":"product_cat","embeddable":true,"href":"https:\/\/www.bau-styl.hu\/epitoanyag\/wp-json\/wp\/v2\/product_cat?post=43313"},{"taxonomy":"product_tag","embeddable":true,"href":"https:\/\/www.bau-styl.hu\/epitoanyag\/wp-json\/wp\/v2\/product_tag?post=43313"}],"curies":[{"name":"wp","href":"https:\/\/api.w.org\/{rel}","templated":true}]}}