{"id":43333,"date":"2025-05-29T12:22:30","date_gmt":"2025-05-29T10:22:30","guid":{"rendered":"https:\/\/www.bau-styl.hu\/epitoanyag\/?post_type=product&#038;p=43333"},"modified":"2025-06-13T13:28:57","modified_gmt":"2025-06-13T11:28:57","slug":"sikablackseal-301-bitumenes-szigeteloanyag-fekete-5-kg","status":"publish","type":"product","link":"https:\/\/www.bau-styl.hu\/epitoanyag\/termek\/sikablackseal-301-bitumenes-szigeteloanyag-fekete-5-kg\/","title":{"rendered":"SikaBlackSeal 301 Bitumenes szigetel\u0151anyag fekete 5 kg"},"content":{"rendered":"","protected":false},"excerpt":{"rendered":"<p>Sz\u00e1ler\u0151s\u00edtett, bitumenes v\u00edzszigetel\u0151 \u00e9s v\u00edzszigetel\u00e9st jav\u00edt\u00f3 kever\u00e9k. A Sika BlackSeal-301 old\u00f3szeres, sim\u00edt\u00f3val feldolgozhat\u00f3, sz\u00e1ler\u0151s\u00edtett bitumenes v\u00edzszigetel\u0151 \u00e9s jav\u00edt\u00f3 kever\u00e9k (azbesztmentes).<\/p>\n<p>A t\u00e1j\u00e9koztat\u00f3 <a href=\"https:\/\/www.bau-styl.hu\/epitoanyag\/wp-content\/uploads\/2025\/06\/sika_blackseal_301_hu04ta.pdf\" target=\"_blank\" rel=\"noopener\"><span style=\"text-decoration: underline;\">innen<\/span><\/a> let\u00f6lthet\u0151.<\/p>\n","protected":false},"featured_media":43301,"template":"","meta":[],"product_brand":[],"product_cat":[9620,129],"product_tag":[10205],"class_list":{"0":"post-43333","1":"product","2":"type-product","3":"status-publish","4":"has-post-thumbnail","6":"product_cat-epitesi-segedanyagok-adalekanyagok","7":"product_cat-hidegburkolas","8":"product_tag-sika","10":"first","11":"instock","12":"taxable","13":"shipping-taxable","14":"purchasable","15":"product-type-simple"},"aioseo_notices":[],"_links":{"self":[{"href":"https:\/\/www.bau-styl.hu\/epitoanyag\/wp-json\/wp\/v2\/product\/43333","targetHints":{"allow":["GET"]}}],"collection":[{"href":"https:\/\/www.bau-styl.hu\/epitoanyag\/wp-json\/wp\/v2\/product"}],"about":[{"href":"https:\/\/www.bau-styl.hu\/epitoanyag\/wp-json\/wp\/v2\/types\/product"}],"wp:featuredmedia":[{"embeddable":true,"href":"https:\/\/www.bau-styl.hu\/epitoanyag\/wp-json\/wp\/v2\/media\/43301"}],"wp:attachment":[{"href":"https:\/\/www.bau-styl.hu\/epitoanyag\/wp-json\/wp\/v2\/media?parent=43333"}],"wp:term":[{"taxonomy":"product_brand","embeddable":true,"href":"https:\/\/www.bau-styl.hu\/epitoanyag\/wp-json\/wp\/v2\/product_brand?post=43333"},{"taxonomy":"product_cat","embeddable":true,"href":"https:\/\/www.bau-styl.hu\/epitoanyag\/wp-json\/wp\/v2\/product_cat?post=43333"},{"taxonomy":"product_tag","embeddable":true,"href":"https:\/\/www.bau-styl.hu\/epitoanyag\/wp-json\/wp\/v2\/product_tag?post=43333"}],"curies":[{"name":"wp","href":"https:\/\/api.w.org\/{rel}","templated":true}]}}