{"id":43334,"date":"2025-05-29T12:22:30","date_gmt":"2025-05-29T10:22:30","guid":{"rendered":"https:\/\/www.bau-styl.hu\/epitoanyag\/?post_type=product&#038;p=43334"},"modified":"2025-06-13T13:28:57","modified_gmt":"2025-06-13T11:28:57","slug":"sika-multiseal-bitumenes-szigetelo-szalag-terrakotta-300-mm-x-10-m","status":"publish","type":"product","link":"https:\/\/www.bau-styl.hu\/epitoanyag\/termek\/sika-multiseal-bitumenes-szigetelo-szalag-terrakotta-300-mm-x-10-m\/","title":{"rendered":"Sika MultiSeal Bitumenes szigetel\u0151 szalag terrakotta 300 mm x 10 m"},"content":{"rendered":"","protected":false},"excerpt":{"rendered":"<p>A Sika\u00ae MultiSeal egy \u00f6ntapad\u00f3, modifik\u00e1lt bitumenes szigetel\u0151szalag, fels\u0151 oldal\u00e1n alum\u00ednium f\u00f3li\u00e1val kas\u00edrozva. A Sika\u00ae MultiSeal alkalmas szigetel\u00e9sk\u00e9nt \u00e9s gyorsjav\u00edt\u00e1sk\u00e9nt v\u00edzbesziv\u00e1rg\u00e1s ellen tet\u0151k\u00f6n \u00e9s m\u00e1s \u00e9p\u00fcletelemeken. Nagyon egyszer\u0171 felhaszn\u00e1l\u00e1s, j\u00f3 tapad\u00e1s k\u00fcl\u00f6nf\u00e9le alapfel\u00fcletekre, \u00f6ntapad\u00f3, bitumenes anyagokkal kompatibilis, \u00e1tfesthet\u0151, alacsony h\u0151m\u00e9rs\u00e9kleten is alkalmazhat\u00f3.<\/p>\n<p>A t\u00e1j\u00e9koztat\u00f3 <a href=\"https:\/\/www.bau-styl.hu\/epitoanyag\/wp-content\/uploads\/2025\/06\/VFS_9608ade8d2af826e0db194bbf0c43590.pdf\" target=\"_blank\" rel=\"noopener\"><span style=\"text-decoration: underline;\">innen<\/span><\/a> let\u00f6lthet\u0151.<\/p>\n","protected":false},"featured_media":43300,"template":"","meta":[],"product_brand":[],"product_cat":[355,445],"product_tag":[10205],"class_list":{"0":"post-43334","1":"product","2":"type-product","3":"status-publish","4":"has-post-thumbnail","6":"product_cat-tetofedes","7":"product_cat-tetotartozek","8":"product_tag-sika","10":"first","11":"instock","12":"taxable","13":"shipping-taxable","14":"purchasable","15":"product-type-simple"},"aioseo_notices":[],"_links":{"self":[{"href":"https:\/\/www.bau-styl.hu\/epitoanyag\/wp-json\/wp\/v2\/product\/43334","targetHints":{"allow":["GET"]}}],"collection":[{"href":"https:\/\/www.bau-styl.hu\/epitoanyag\/wp-json\/wp\/v2\/product"}],"about":[{"href":"https:\/\/www.bau-styl.hu\/epitoanyag\/wp-json\/wp\/v2\/types\/product"}],"wp:featuredmedia":[{"embeddable":true,"href":"https:\/\/www.bau-styl.hu\/epitoanyag\/wp-json\/wp\/v2\/media\/43300"}],"wp:attachment":[{"href":"https:\/\/www.bau-styl.hu\/epitoanyag\/wp-json\/wp\/v2\/media?parent=43334"}],"wp:term":[{"taxonomy":"product_brand","embeddable":true,"href":"https:\/\/www.bau-styl.hu\/epitoanyag\/wp-json\/wp\/v2\/product_brand?post=43334"},{"taxonomy":"product_cat","embeddable":true,"href":"https:\/\/www.bau-styl.hu\/epitoanyag\/wp-json\/wp\/v2\/product_cat?post=43334"},{"taxonomy":"product_tag","embeddable":true,"href":"https:\/\/www.bau-styl.hu\/epitoanyag\/wp-json\/wp\/v2\/product_tag?post=43334"}],"curies":[{"name":"wp","href":"https:\/\/api.w.org\/{rel}","templated":true}]}}