{"id":4334,"date":"2023-02-27T15:06:57","date_gmt":"2023-02-27T13:06:57","guid":{"rendered":"https:\/\/www.bau-styl.hu\/epitoanyag\/termek\/tondach-kekes-egyenesvagasu-alapcserep-fusion-protect-piros\/"},"modified":"2026-02-11T11:42:35","modified_gmt":"2026-02-11T09:42:35","slug":"tondach-kekes-egyenesvagasu-alapcserep-fusion-protect-piros","status":"publish","type":"product","link":"https:\/\/www.bau-styl.hu\/epitoanyag\/termek\/tondach-kekes-egyenesvagasu-alapcserep-fusion-protect-piros\/","title":{"rendered":"Tondach K\u00e9kes Egyenesv\u00e1g\u00e1s\u00fa Alapcser\u00e9p Fusion Protect piros"},"content":{"rendered":"","protected":false},"excerpt":{"rendered":"<p>Az alapcser\u00e9p mell\u00e9 opcion\u00e1lis term\u00e9kek, idomcserepek (szell\u0151z\u0151cser\u00e9p, f\u00e9lcser\u00e9p, szeg\u00e9lycser\u00e9p, k\u00fapcser\u00e9p, eloszt\u00f3 k\u00fapcser\u00e9p, kezd\u0151 k\u00fapcser\u00e9p) k\u00f6z\u00fcl v\u00e1laszthat, amelyek \u00e1rair\u00f3l az aj\u00e1nlatk\u00e9r\u00e9s lead\u00e1s\u00e1t k\u00f6vet\u0151en munkat\u00e1rsunk emailben t\u00e1j\u00e9koztatja \u00d6nt.<\/p>\n","protected":false},"featured_media":35982,"template":"","meta":[],"product_brand":[],"product_cat":[355,6656,6669],"product_tag":[],"class_list":{"0":"post-4334","1":"product","2":"type-product","3":"status-publish","4":"has-post-thumbnail","6":"product_cat-tetofedes","7":"product_cat-keramia-cserep","8":"product_cat-tondach-keramia-alapcserep","10":"first","11":"instock","12":"taxable","13":"shipping-taxable","14":"purchasable","15":"product-type-simple"},"aioseo_notices":[],"_links":{"self":[{"href":"https:\/\/www.bau-styl.hu\/epitoanyag\/wp-json\/wp\/v2\/product\/4334","targetHints":{"allow":["GET"]}}],"collection":[{"href":"https:\/\/www.bau-styl.hu\/epitoanyag\/wp-json\/wp\/v2\/product"}],"about":[{"href":"https:\/\/www.bau-styl.hu\/epitoanyag\/wp-json\/wp\/v2\/types\/product"}],"wp:featuredmedia":[{"embeddable":true,"href":"https:\/\/www.bau-styl.hu\/epitoanyag\/wp-json\/wp\/v2\/media\/35982"}],"wp:attachment":[{"href":"https:\/\/www.bau-styl.hu\/epitoanyag\/wp-json\/wp\/v2\/media?parent=4334"}],"wp:term":[{"taxonomy":"product_brand","embeddable":true,"href":"https:\/\/www.bau-styl.hu\/epitoanyag\/wp-json\/wp\/v2\/product_brand?post=4334"},{"taxonomy":"product_cat","embeddable":true,"href":"https:\/\/www.bau-styl.hu\/epitoanyag\/wp-json\/wp\/v2\/product_cat?post=4334"},{"taxonomy":"product_tag","embeddable":true,"href":"https:\/\/www.bau-styl.hu\/epitoanyag\/wp-json\/wp\/v2\/product_tag?post=4334"}],"curies":[{"name":"wp","href":"https:\/\/api.w.org\/{rel}","templated":true}]}}