{"id":43457,"date":"2025-06-02T15:34:11","date_gmt":"2025-06-02T13:34:11","guid":{"rendered":"https:\/\/www.bau-styl.hu\/epitoanyag\/?post_type=product&#038;p=43457"},"modified":"2025-06-03T20:46:57","modified_gmt":"2025-06-03T18:46:57","slug":"kk-kavics-frankfurt-normalko-terko-szurke-225x1125x8-cm","status":"publish","type":"product","link":"https:\/\/www.bau-styl.hu\/epitoanyag\/termek\/kk-kavics-frankfurt-normalko-terko-szurke-225x1125x8-cm\/","title":{"rendered":"KK Kavics Frankfurt Norm\u00e1lk\u0151 t\u00e9rk\u0151 sz\u00fcrke 22,5&#215;11,25&#215;8 cm"},"content":{"rendered":"<p><strong>Aj\u00e1nlhatunk hozz\u00e1 m\u00e1st is?<\/strong><\/p>\n<p><span style=\"text-decoration: underline;\"><a href=\"https:\/\/www.bau-styl.hu\/epitoanyag\/termek\/lb-knauf-kvarchomok-0-06-mm-40-kg\/\">Cemix Kvarchomok 0-0,6 mm 40 kg<\/a><\/span><br \/>\n<span style=\"text-decoration: underline;\"><a href=\"https:\/\/www.bau-styl.hu\/epitoanyag\/termek\/murva-0-20\/\">Murva 0-20Murva 0-20 \/ tonna<\/a><\/span><br \/>\n<span style=\"text-decoration: underline;\"><a href=\"https:\/\/www.bau-styl.hu\/epitoanyag\/termek\/murva-12-20\/\">Murva 12-20<\/a><\/span><br \/>\n<span style=\"text-decoration: underline;\"><a href=\"https:\/\/www.bau-styl.hu\/epitoanyag\/termek\/homok-0-4\/\">Homok 0-4 \/ tonna<\/a><\/span><\/p>\n","protected":false},"excerpt":{"rendered":"<p>A Frankfurt burkol\u00f3k\u00f6veket el\u0151szeretettel haszn\u00e1lj\u00e1k a nagym\u00e9ret\u0171, forgalmas terek burkol\u00e1s\u00e1ra, mert ez a leger\u0151sebb kapcsol\u00f3d\u00e1s\u00fa burkol\u00f3k\u0151. A hull\u00e1mk\u00f6vek k\u00f6z\u00fcl a legeredetibb megjelen\u00e9ssel b\u00fcszk\u00e9lkedhet. A kialak\u00edt\u00e1s horizont\u00e1lisan \u00e9s vertik\u00e1lisan is stabilabb\u00e1 teszi a burkolatot, ennek a k\u00e9tir\u00e1ny\u00fa kapcsol\u00f3d\u00e1snak k\u00f6sz\u00f6nhet\u0151en maxim\u00e1liss\u00e1 v\u00e1lik a burkol\u00f3k\u0151 teherb\u00edr\u00e1sa. A t\u00f6bb sz\u00ednben k\u00e9sz\u00fclt Frankfurt burkol\u00f3k\u00f6vek bar\u00e1ts\u00e1goss\u00e1 teszik a gar\u00e1zsbej\u00e1r\u00f3kat, kapubej\u00e1ratokat, j\u00e1tsz\u00f3tereket vagy a parkol\u00f3kat. Nagy seg\u00edts\u00e9get jelent a kivitelez\u00e9s sor\u00e1n, hogy a term\u00e9kcsal\u00e1d f\u00e9lk\u00f6vet \u00e9s kezd\u0151k\u00f6vet is tartalmaz. A v\u00e1g\u00e1si selejt \u00edgy minim\u00e1lis.<\/p>\n","protected":false},"featured_media":43414,"template":"","meta":[],"product_brand":[],"product_cat":[168,175,180],"product_tag":[10204],"class_list":{"0":"post-43457","1":"product","2":"type-product","3":"status-publish","4":"has-post-thumbnail","6":"product_cat-kertepites-es-terburkolat","7":"product_cat-terkovek","8":"product_cat-kk-kavics-beton-terko-kiegeszito","9":"product_tag-kk-new","11":"first","12":"instock","13":"taxable","14":"shipping-taxable","15":"purchasable","16":"product-type-simple"},"aioseo_notices":[],"_links":{"self":[{"href":"https:\/\/www.bau-styl.hu\/epitoanyag\/wp-json\/wp\/v2\/product\/43457","targetHints":{"allow":["GET"]}}],"collection":[{"href":"https:\/\/www.bau-styl.hu\/epitoanyag\/wp-json\/wp\/v2\/product"}],"about":[{"href":"https:\/\/www.bau-styl.hu\/epitoanyag\/wp-json\/wp\/v2\/types\/product"}],"wp:featuredmedia":[{"embeddable":true,"href":"https:\/\/www.bau-styl.hu\/epitoanyag\/wp-json\/wp\/v2\/media\/43414"}],"wp:attachment":[{"href":"https:\/\/www.bau-styl.hu\/epitoanyag\/wp-json\/wp\/v2\/media?parent=43457"}],"wp:term":[{"taxonomy":"product_brand","embeddable":true,"href":"https:\/\/www.bau-styl.hu\/epitoanyag\/wp-json\/wp\/v2\/product_brand?post=43457"},{"taxonomy":"product_cat","embeddable":true,"href":"https:\/\/www.bau-styl.hu\/epitoanyag\/wp-json\/wp\/v2\/product_cat?post=43457"},{"taxonomy":"product_tag","embeddable":true,"href":"https:\/\/www.bau-styl.hu\/epitoanyag\/wp-json\/wp\/v2\/product_tag?post=43457"}],"curies":[{"name":"wp","href":"https:\/\/api.w.org\/{rel}","templated":true}]}}