{"id":43467,"date":"2025-06-02T15:34:14","date_gmt":"2025-06-02T13:34:14","guid":{"rendered":"https:\/\/www.bau-styl.hu\/epitoanyag\/?post_type=product&#038;p=43467"},"modified":"2026-04-20T12:12:38","modified_gmt":"2026-04-20T10:12:38","slug":"kk-kavics-colonia-vario-kombi-terko-borostyan-6-cm","status":"publish","type":"product","link":"https:\/\/www.bau-styl.hu\/epitoanyag\/termek\/kk-kavics-colonia-vario-kombi-terko-borostyan-6-cm\/","title":{"rendered":"KK Kavics Colonia Vario Kombi t\u00e9rk\u0151 borosty\u00e1n 6 cm"},"content":{"rendered":"<p><strong>Aj\u00e1nlhatunk hozz\u00e1 m\u00e1st is?<\/strong><\/p>\n<p><span style=\"text-decoration: underline;\"><a href=\"https:\/\/www.bau-styl.hu\/epitoanyag\/termek\/lb-knauf-kvarchomok-0-06-mm-40-kg\/\">Cemix Kvarchomok 0-0,6 mm 40 kg<\/a><\/span><br \/>\n<span style=\"text-decoration: underline;\"><a href=\"https:\/\/www.bau-styl.hu\/epitoanyag\/termek\/murva-0-20\/\">Murva 0-20Murva 0-20 \/ tonna<\/a><\/span><br \/>\n<span style=\"text-decoration: underline;\"><a href=\"https:\/\/www.bau-styl.hu\/epitoanyag\/termek\/murva-12-20\/\">Murva 12-20<\/a><\/span><br \/>\n<span style=\"text-decoration: underline;\"><a href=\"https:\/\/www.bau-styl.hu\/epitoanyag\/termek\/homok-0-4\/\">Homok 0-4 \/ tonna<\/a><\/span><\/p>\n","protected":false},"excerpt":{"rendered":"<p>A Colonia Vario k\u00f6vek struktur\u00e1lt fel\u00fclet\u00fck, l\u00e1gy vonalaik \u00e9s mel\u00edrozott \u00e1rnyalatuk bar\u00e1ts\u00e1goss\u00e1 \u00e9s rendk\u00edv\u00fcl term\u00e9szetess\u00e9 teszi a burkol\u00f3elemeket. A k\u00e9t k\u0151form\u00e1nak \u00e9s t\u00f6bb k\u00fcl\u00f6nb\u00f6z\u0151 m\u00e9retnek k\u00f6sz\u00f6nhet\u0151en a term\u00e9kcsal\u00e1d izgalmas fel\u00fcleteket biztos\u00edt, amelyet a borosty\u00e1n \u00e9s korall sz\u00ednek tesznek m\u00e9g v\u00e1ltozatosabb\u00e1. A Colonia vario term\u00e9kcsal\u00e1d soronk\u00e9nt kaphat\u00f3. Lerak\u00e1s\u00e1t egy el\u0151re meghat\u00e1rozott sablon teszi k\u00e9nyelmesebb\u00e9. Mindazok, akik a Colonia vario mellett d\u00f6ntenek, a term\u00e9szet sz\u00e9ps\u00e9g\u00e9t v\u00e1lasztj\u00e1k.<\/p>\n","protected":false},"featured_media":43375,"template":"","meta":[],"product_brand":[11287],"product_cat":[168,175],"product_tag":[],"class_list":{"0":"post-43467","1":"product","2":"type-product","3":"status-publish","4":"has-post-thumbnail","6":"product_brand-kk-kavics-beton","7":"product_cat-kertepites-es-terburkolat","8":"product_cat-terkovek","10":"first","11":"instock","12":"taxable","13":"shipping-taxable","14":"purchasable","15":"product-type-simple"},"aioseo_notices":[],"_links":{"self":[{"href":"https:\/\/www.bau-styl.hu\/epitoanyag\/wp-json\/wp\/v2\/product\/43467","targetHints":{"allow":["GET"]}}],"collection":[{"href":"https:\/\/www.bau-styl.hu\/epitoanyag\/wp-json\/wp\/v2\/product"}],"about":[{"href":"https:\/\/www.bau-styl.hu\/epitoanyag\/wp-json\/wp\/v2\/types\/product"}],"wp:featuredmedia":[{"embeddable":true,"href":"https:\/\/www.bau-styl.hu\/epitoanyag\/wp-json\/wp\/v2\/media\/43375"}],"wp:attachment":[{"href":"https:\/\/www.bau-styl.hu\/epitoanyag\/wp-json\/wp\/v2\/media?parent=43467"}],"wp:term":[{"taxonomy":"product_brand","embeddable":true,"href":"https:\/\/www.bau-styl.hu\/epitoanyag\/wp-json\/wp\/v2\/product_brand?post=43467"},{"taxonomy":"product_cat","embeddable":true,"href":"https:\/\/www.bau-styl.hu\/epitoanyag\/wp-json\/wp\/v2\/product_cat?post=43467"},{"taxonomy":"product_tag","embeddable":true,"href":"https:\/\/www.bau-styl.hu\/epitoanyag\/wp-json\/wp\/v2\/product_tag?post=43467"}],"curies":[{"name":"wp","href":"https:\/\/api.w.org\/{rel}","templated":true}]}}