{"id":43468,"date":"2025-06-02T15:34:15","date_gmt":"2025-06-02T13:34:15","guid":{"rendered":"https:\/\/www.bau-styl.hu\/epitoanyag\/?post_type=product&#038;p=43468"},"modified":"2026-04-20T12:12:38","modified_gmt":"2026-04-20T10:12:38","slug":"kk-kavics-parizs-segitoko-terko-voros-20x20x6-cm","status":"publish","type":"product","link":"https:\/\/www.bau-styl.hu\/epitoanyag\/termek\/kk-kavics-parizs-segitoko-terko-voros-20x20x6-cm\/","title":{"rendered":"KK Kavics P\u00e1rizs Seg\u00edt\u0151k\u0151 t\u00e9rk\u0151 v\u00f6r\u00f6s 20x20x6 cm"},"content":{"rendered":"<p><strong>Aj\u00e1nlhatunk hozz\u00e1 m\u00e1st is?<\/strong><\/p>\n<p><span style=\"text-decoration: underline;\"><a href=\"https:\/\/www.bau-styl.hu\/epitoanyag\/termek\/lb-knauf-kvarchomok-0-06-mm-40-kg\/\">Cemix Kvarchomok 0-0,6 mm 40 kg<\/a><\/span><br \/>\n<span style=\"text-decoration: underline;\"><a href=\"https:\/\/www.bau-styl.hu\/epitoanyag\/termek\/murva-0-20\/\">Murva 0-20Murva 0-20 \/ tonna<\/a><\/span><br \/>\n<span style=\"text-decoration: underline;\"><a href=\"https:\/\/www.bau-styl.hu\/epitoanyag\/termek\/murva-12-20\/\">Murva 12-20<\/a><\/span><br \/>\n<span style=\"text-decoration: underline;\"><a href=\"https:\/\/www.bau-styl.hu\/epitoanyag\/termek\/homok-0-4\/\">Homok 0-4 \/ tonna<\/a><\/span><\/p>\n","protected":false},"excerpt":{"rendered":"<p>Gondolunk azokra az embert\u00e1rsainkra is, akik sz\u00e1m\u00e1ra sokkal nehezebb a k\u00f6zleked\u00e9s. Ami m\u00e1soknak egyszer\u0171 \u00e9s h\u00e9tk\u00f6znapi, az a vakok \u00e9s gyeng\u00e9n l\u00e1t\u00f3k sz\u00e1m\u00e1ra neh\u00e9zkes \u00e9s vesz\u00e9lyes is lehet. \u0150ket seg\u00edti ez a speci\u00e1lis term\u00e9k! A P\u00e1rizs seg\u00edt\u0151k\u0151 3 mm m\u00e9lyen bord\u00e1zott fel\u00fclete cs\u00fasz\u00e1sg\u00e1tl\u00f3, \u00e9s k\u00f6nnyen \u00e9rz\u00e9kelhet\u0151 a vesz\u00e9lyes ter\u00fcleteken. \u00cdgy haszn\u00e1lata szinte elengedhetetlen p\u00e1lyaudvarok, keresztez\u0151d\u00e9sek, gyalog\u00e1tkel\u0151k k\u00f6rny\u00e9k\u00e9n. Mag\u00e1nfelhaszn\u00e1l\u00e1s eset\u00e9n hasznos lehet meredekebb lejt\u0151k kocsifelhajt\u00f3in<\/p>\n","protected":false},"featured_media":43454,"template":"","meta":[],"product_brand":[11287],"product_cat":[168,175],"product_tag":[],"class_list":{"0":"post-43468","1":"product","2":"type-product","3":"status-publish","4":"has-post-thumbnail","6":"product_brand-kk-kavics-beton","7":"product_cat-kertepites-es-terburkolat","8":"product_cat-terkovek","10":"first","11":"instock","12":"taxable","13":"shipping-taxable","14":"purchasable","15":"product-type-simple"},"aioseo_notices":[],"_links":{"self":[{"href":"https:\/\/www.bau-styl.hu\/epitoanyag\/wp-json\/wp\/v2\/product\/43468","targetHints":{"allow":["GET"]}}],"collection":[{"href":"https:\/\/www.bau-styl.hu\/epitoanyag\/wp-json\/wp\/v2\/product"}],"about":[{"href":"https:\/\/www.bau-styl.hu\/epitoanyag\/wp-json\/wp\/v2\/types\/product"}],"wp:featuredmedia":[{"embeddable":true,"href":"https:\/\/www.bau-styl.hu\/epitoanyag\/wp-json\/wp\/v2\/media\/43454"}],"wp:attachment":[{"href":"https:\/\/www.bau-styl.hu\/epitoanyag\/wp-json\/wp\/v2\/media?parent=43468"}],"wp:term":[{"taxonomy":"product_brand","embeddable":true,"href":"https:\/\/www.bau-styl.hu\/epitoanyag\/wp-json\/wp\/v2\/product_brand?post=43468"},{"taxonomy":"product_cat","embeddable":true,"href":"https:\/\/www.bau-styl.hu\/epitoanyag\/wp-json\/wp\/v2\/product_cat?post=43468"},{"taxonomy":"product_tag","embeddable":true,"href":"https:\/\/www.bau-styl.hu\/epitoanyag\/wp-json\/wp\/v2\/product_tag?post=43468"}],"curies":[{"name":"wp","href":"https:\/\/api.w.org\/{rel}","templated":true}]}}