{"id":43489,"date":"2025-06-02T15:34:21","date_gmt":"2025-06-02T13:34:21","guid":{"rendered":"https:\/\/www.bau-styl.hu\/epitoanyag\/?post_type=product&#038;p=43489"},"modified":"2026-04-20T12:12:40","modified_gmt":"2026-04-20T10:12:40","slug":"kk-kavics-rotterdam-felko-terko-szurke-165x10x10-cm","status":"publish","type":"product","link":"https:\/\/www.bau-styl.hu\/epitoanyag\/termek\/kk-kavics-rotterdam-felko-terko-szurke-165x10x10-cm\/","title":{"rendered":"KK Kavics Rotterdam F\u00e9lk\u0151 t\u00e9rk\u0151 sz\u00fcrke 16,5x10x10 cm"},"content":{"rendered":"<p><strong>Aj\u00e1nlhatunk hozz\u00e1 m\u00e1st is?<\/strong><\/p>\n<p><span style=\"text-decoration: underline;\"><a href=\"https:\/\/www.bau-styl.hu\/epitoanyag\/termek\/lb-knauf-kvarchomok-0-06-mm-40-kg\/\">Cemix Kvarchomok 0-0,6 mm 40 kg<\/a><\/span><br \/>\n<span style=\"text-decoration: underline;\"><a href=\"https:\/\/www.bau-styl.hu\/epitoanyag\/termek\/murva-0-20\/\">Murva 0-20Murva 0-20 \/ tonna<\/a><\/span><br \/>\n<span style=\"text-decoration: underline;\"><a href=\"https:\/\/www.bau-styl.hu\/epitoanyag\/termek\/murva-12-20\/\">Murva 12-20<\/a><\/span><br \/>\n<span style=\"text-decoration: underline;\"><a href=\"https:\/\/www.bau-styl.hu\/epitoanyag\/termek\/homok-0-4\/\">Homok 0-4 \/ tonna<\/a><\/span><\/p>\n","protected":false},"excerpt":{"rendered":"<p>A Rotterdam burkol\u00f3k\u0151 6, 8 \u00e9s 10 cm vastags\u00e1ga j\u00f3l mutatja, hogy ezt a term\u00e9ket tart\u00f3san nagy terhel\u00e9shez k\u00e9sz\u00edtett\u00e9k. Feladat\u00e1t \u00e9vtizedeken kereszt\u00fcl biztosan el is l\u00e1tja. A burkol\u00f3k\u00f6vek \u201eH\u201d bet\u0171re hasonl\u00edt\u00f3 form\u00e1ja er\u0151s k\u00f6t\u00e9st biztos\u00edt, mely rendk\u00edv\u00fcl stabil kapcsol\u00f3d\u00e1st tesz lehet\u0151v\u00e9. A t\u00f6bb ponton egym\u00e1sba kapaszkod\u00f3 rendszer \u00edgy az egyik legterhelhet\u0151bb burkol\u00f3k\u0151forma a piacon. A t\u00f6k\u00e9letes kivitelez\u00e9st pedig a rendszerhez tartoz\u00f3 kezd\u0151- \u00e9s f\u00e9lk\u00f6vek seg\u00edtik el\u0151. A Rotterdam burkol\u00f3k\u00f6vet els\u0151sorban \u00fattestekhez, j\u00e1rd\u00e1khoz, ker\u00e9kp\u00e1r- \u00e9s gyalogutakhoz, ipari udvarokhoz aj\u00e1nljuk. Ugyanakkor a k\u00f6vek form\u00e1j\u00e1b\u00f3l ered\u0151 stabil kapcsol\u00f3d\u00e1s a f\u00f3zolt \u00e9lekkel alkalmass\u00e1 teszik a Rotterdamot lejt\u0151s terepek, \u00edves vonalvezet\u00e9s\u0171 fel\u00fcletek\u00a0burkol\u00e1s\u00e1ra, pl.: gar\u00e1zsle- vagy felhajt\u00f3k. A g\u00e9pj\u00e1rm\u0171 kerekei meg tudnak kapaszkodni rajta, valamint a man\u0151verekn\u00e9l sz\u00fcks\u00e9ges ker\u00e9kmozg\u00e1s sem fogja kilaz\u00edtani a k\u00f6veket,<\/p>\n","protected":false},"featured_media":47746,"template":"","meta":[],"product_brand":[11287],"product_cat":[168,175],"product_tag":[],"class_list":{"0":"post-43489","1":"product","2":"type-product","3":"status-publish","4":"has-post-thumbnail","6":"product_brand-kk-kavics-beton","7":"product_cat-kertepites-es-terburkolat","8":"product_cat-terkovek","10":"first","11":"instock","12":"taxable","13":"shipping-taxable","14":"purchasable","15":"product-type-simple"},"aioseo_notices":[],"_links":{"self":[{"href":"https:\/\/www.bau-styl.hu\/epitoanyag\/wp-json\/wp\/v2\/product\/43489","targetHints":{"allow":["GET"]}}],"collection":[{"href":"https:\/\/www.bau-styl.hu\/epitoanyag\/wp-json\/wp\/v2\/product"}],"about":[{"href":"https:\/\/www.bau-styl.hu\/epitoanyag\/wp-json\/wp\/v2\/types\/product"}],"wp:featuredmedia":[{"embeddable":true,"href":"https:\/\/www.bau-styl.hu\/epitoanyag\/wp-json\/wp\/v2\/media\/47746"}],"wp:attachment":[{"href":"https:\/\/www.bau-styl.hu\/epitoanyag\/wp-json\/wp\/v2\/media?parent=43489"}],"wp:term":[{"taxonomy":"product_brand","embeddable":true,"href":"https:\/\/www.bau-styl.hu\/epitoanyag\/wp-json\/wp\/v2\/product_brand?post=43489"},{"taxonomy":"product_cat","embeddable":true,"href":"https:\/\/www.bau-styl.hu\/epitoanyag\/wp-json\/wp\/v2\/product_cat?post=43489"},{"taxonomy":"product_tag","embeddable":true,"href":"https:\/\/www.bau-styl.hu\/epitoanyag\/wp-json\/wp\/v2\/product_tag?post=43489"}],"curies":[{"name":"wp","href":"https:\/\/api.w.org\/{rel}","templated":true}]}}