{"id":43492,"date":"2025-06-02T15:34:22","date_gmt":"2025-06-02T13:34:22","guid":{"rendered":"https:\/\/www.bau-styl.hu\/epitoanyag\/?post_type=product&#038;p=43492"},"modified":"2026-04-20T12:12:40","modified_gmt":"2026-04-20T10:12:40","slug":"kk-kavics-roma-classic-kocka-terko-antracit-118x118x6-cm","status":"publish","type":"product","link":"https:\/\/www.bau-styl.hu\/epitoanyag\/termek\/kk-kavics-roma-classic-kocka-terko-antracit-118x118x6-cm\/","title":{"rendered":"KK Kavics R\u00f3ma Classic Kocka t\u00e9rk\u0151 antracit 11,8&#215;11,8&#215;6 cm"},"content":{"rendered":"<p><strong>Aj\u00e1nlhatunk hozz\u00e1 m\u00e1st is?<\/strong><\/p>\n<p><span style=\"text-decoration: underline;\"><a href=\"https:\/\/www.bau-styl.hu\/epitoanyag\/termek\/lb-knauf-kvarchomok-0-06-mm-40-kg\/\">Cemix Kvarchomok 0-0,6 mm 40 kg<\/a><\/span><br \/>\n<span style=\"text-decoration: underline;\"><a href=\"https:\/\/www.bau-styl.hu\/epitoanyag\/termek\/murva-0-20\/\">Murva 0-20Murva 0-20 \/ tonna<\/a><\/span><br \/>\n<span style=\"text-decoration: underline;\"><a href=\"https:\/\/www.bau-styl.hu\/epitoanyag\/termek\/murva-12-20\/\">Murva 12-20<\/a><\/span><br \/>\n<span style=\"text-decoration: underline;\"><a href=\"https:\/\/www.bau-styl.hu\/epitoanyag\/termek\/homok-0-4\/\">Homok 0-4 \/ tonna<\/a><\/span><\/p>\n","protected":false},"excerpt":{"rendered":"<p>Ez a burkol\u00f3k\u0151 rendszer val\u00f3ban az \u00f6r\u00f6k v\u00e1rost id\u00e9zi, hiszen megjelen\u00e9s\u00e9ben visszak\u00f6sz\u00f6n R\u00f3ma hangulata. \u00cdves sarkai t\u00f6rt\u00e9nelmi utaz\u00e1sra h\u00edvnak, \u00e9s elrep\u00edtenek az \u00f3kor var\u00e1zslatos vil\u00e1g\u00e1ba. Igazi klasszikusr\u00f3l van sz\u00f3, amely a mag\u00e1nfelhaszn\u00e1l\u00f3k k\u00f6r\u00e9ben az egyik legkedveltebb term\u00e9kcsal\u00e1d. M\u00e9ret\u00e9b\u0151l \u00e9s form\u00e1j\u00e1b\u00f3l ad\u00f3d\u00f3an izgalmas fektet\u00e9si mint\u00e1k lerak\u00e1s\u00e1ra alkalmas. Kiv\u00e1l\u00f3 megold\u00e1st jelent k\u00f6r vagy k\u00f6r\u00edv kialak\u00edt\u00e1sa eset\u00e9n, r\u00e1ad\u00e1sul a term\u00e9kcsal\u00e1dban megtal\u00e1lhat\u00f3 form\u00e1k felhaszn\u00e1l\u00e1s\u00e1val v\u00e1g\u00e1sra sincs sz\u00fcks\u00e9g. A R\u00f3ma burkol\u00f3k\u00f6veket b\u00e1tran aj\u00e1nljuk modern, klasszikus \u00e9s mediterr\u00e1n kertek d\u00edsz\u00edt\u00e9s\u00e9re, valamint parkol\u00f3helyek, g\u00e9pkocsifelhajt\u00f3k, \u00e1tj\u00e1r\u00f3k \u00e9s terek burkol\u00e1s\u00e1hoz.<\/p>\n","protected":false},"featured_media":43365,"template":"","meta":[],"product_brand":[11287],"product_cat":[168,175],"product_tag":[],"class_list":{"0":"post-43492","1":"product","2":"type-product","3":"status-publish","4":"has-post-thumbnail","6":"product_brand-kk-kavics-beton","7":"product_cat-kertepites-es-terburkolat","8":"product_cat-terkovek","10":"first","11":"instock","12":"taxable","13":"shipping-taxable","14":"purchasable","15":"product-type-simple"},"aioseo_notices":[],"_links":{"self":[{"href":"https:\/\/www.bau-styl.hu\/epitoanyag\/wp-json\/wp\/v2\/product\/43492","targetHints":{"allow":["GET"]}}],"collection":[{"href":"https:\/\/www.bau-styl.hu\/epitoanyag\/wp-json\/wp\/v2\/product"}],"about":[{"href":"https:\/\/www.bau-styl.hu\/epitoanyag\/wp-json\/wp\/v2\/types\/product"}],"wp:featuredmedia":[{"embeddable":true,"href":"https:\/\/www.bau-styl.hu\/epitoanyag\/wp-json\/wp\/v2\/media\/43365"}],"wp:attachment":[{"href":"https:\/\/www.bau-styl.hu\/epitoanyag\/wp-json\/wp\/v2\/media?parent=43492"}],"wp:term":[{"taxonomy":"product_brand","embeddable":true,"href":"https:\/\/www.bau-styl.hu\/epitoanyag\/wp-json\/wp\/v2\/product_brand?post=43492"},{"taxonomy":"product_cat","embeddable":true,"href":"https:\/\/www.bau-styl.hu\/epitoanyag\/wp-json\/wp\/v2\/product_cat?post=43492"},{"taxonomy":"product_tag","embeddable":true,"href":"https:\/\/www.bau-styl.hu\/epitoanyag\/wp-json\/wp\/v2\/product_tag?post=43492"}],"curies":[{"name":"wp","href":"https:\/\/api.w.org\/{rel}","templated":true}]}}