{"id":43496,"date":"2025-06-02T15:34:22","date_gmt":"2025-06-02T13:34:22","guid":{"rendered":"https:\/\/www.bau-styl.hu\/epitoanyag\/?post_type=product&#038;p=43496"},"modified":"2026-04-20T12:12:40","modified_gmt":"2026-04-20T10:12:40","slug":"kk-kavics-bazel-vario-kombi-terko-szurke-8-cm","status":"publish","type":"product","link":"https:\/\/www.bau-styl.hu\/epitoanyag\/termek\/kk-kavics-bazel-vario-kombi-terko-szurke-8-cm\/","title":{"rendered":"KK Kavics B\u00e1zel Vario Kombi t\u00e9rk\u0151 sz\u00fcrke 8 cm"},"content":{"rendered":"<p><strong>Aj\u00e1nlhatunk hozz\u00e1 m\u00e1st is?<\/strong><\/p>\n<p><span style=\"text-decoration: underline;\"><a href=\"https:\/\/www.bau-styl.hu\/epitoanyag\/termek\/lb-knauf-kvarchomok-0-06-mm-40-kg\/\">Cemix Kvarchomok 0-0,6 mm 40 kg<\/a><\/span><br \/>\n<span style=\"text-decoration: underline;\"><a href=\"https:\/\/www.bau-styl.hu\/epitoanyag\/termek\/murva-0-20\/\">Murva 0-20Murva 0-20 \/ tonna<\/a><\/span><br \/>\n<span style=\"text-decoration: underline;\"><a href=\"https:\/\/www.bau-styl.hu\/epitoanyag\/termek\/murva-12-20\/\">Murva 12-20<\/a><\/span><br \/>\n<span style=\"text-decoration: underline;\"><a href=\"https:\/\/www.bau-styl.hu\/epitoanyag\/termek\/homok-0-4\/\">Homok 0-4 \/ tonna<\/a><\/span><\/p>\n","protected":false},"excerpt":{"rendered":"<p>A B\u00e1zel Vario n\u00e9gy m\u00e9retb\u0151l \u00e1ll\u00f3 mixk\u0151. Izgalmas megjelen\u00e9s\u00e9ben fontos szerepet j\u00e1tszik az egyedi megmunk\u00e1l\u00e1sa, amely eredm\u00e9nyek\u00e9nt hull\u00e1mszer\u0171 m\u00e9lyed\u00e9sek tal\u00e1lhat\u00f3k fel\u00fclet\u00e9n. Robusztus m\u00e9rete, teherb\u00edr\u00e1sa \u00e9s domin\u00e1ns megjelen\u00e9se alkalmass\u00e1 teszi forgalmas terek vagy utak \u00e9p\u00edt\u00e9s\u00e9re is.<\/p>\n","protected":false},"featured_media":43417,"template":"","meta":[],"product_brand":[11287],"product_cat":[168,175],"product_tag":[],"class_list":{"0":"post-43496","1":"product","2":"type-product","3":"status-publish","4":"has-post-thumbnail","6":"product_brand-kk-kavics-beton","7":"product_cat-kertepites-es-terburkolat","8":"product_cat-terkovek","10":"first","11":"instock","12":"taxable","13":"shipping-taxable","14":"purchasable","15":"product-type-simple"},"aioseo_notices":[],"_links":{"self":[{"href":"https:\/\/www.bau-styl.hu\/epitoanyag\/wp-json\/wp\/v2\/product\/43496","targetHints":{"allow":["GET"]}}],"collection":[{"href":"https:\/\/www.bau-styl.hu\/epitoanyag\/wp-json\/wp\/v2\/product"}],"about":[{"href":"https:\/\/www.bau-styl.hu\/epitoanyag\/wp-json\/wp\/v2\/types\/product"}],"wp:featuredmedia":[{"embeddable":true,"href":"https:\/\/www.bau-styl.hu\/epitoanyag\/wp-json\/wp\/v2\/media\/43417"}],"wp:attachment":[{"href":"https:\/\/www.bau-styl.hu\/epitoanyag\/wp-json\/wp\/v2\/media?parent=43496"}],"wp:term":[{"taxonomy":"product_brand","embeddable":true,"href":"https:\/\/www.bau-styl.hu\/epitoanyag\/wp-json\/wp\/v2\/product_brand?post=43496"},{"taxonomy":"product_cat","embeddable":true,"href":"https:\/\/www.bau-styl.hu\/epitoanyag\/wp-json\/wp\/v2\/product_cat?post=43496"},{"taxonomy":"product_tag","embeddable":true,"href":"https:\/\/www.bau-styl.hu\/epitoanyag\/wp-json\/wp\/v2\/product_tag?post=43496"}],"curies":[{"name":"wp","href":"https:\/\/api.w.org\/{rel}","templated":true}]}}