{"id":43498,"date":"2025-06-02T15:34:25","date_gmt":"2025-06-02T13:34:25","guid":{"rendered":"https:\/\/www.bau-styl.hu\/epitoanyag\/?post_type=product&#038;p=43498"},"modified":"2026-04-20T15:16:00","modified_gmt":"2026-04-20T13:16:00","slug":"kk-kavics-dublin-gyepracsko-terko-antracit-60x40x10-cm","status":"publish","type":"product","link":"https:\/\/www.bau-styl.hu\/epitoanyag\/termek\/kk-kavics-dublin-gyepracsko-terko-antracit-60x40x10-cm\/","title":{"rendered":"KK Kavics Dublin Gyepr\u00e1csk\u0151 t\u00e9rk\u0151 antracit 60x40x10 cm"},"content":{"rendered":"<p><strong>Aj\u00e1nlhatunk hozz\u00e1 m\u00e1st is?<\/strong><\/p>\n<p><span style=\"text-decoration: underline;\"><a href=\"https:\/\/www.bau-styl.hu\/epitoanyag\/termek\/lb-knauf-kvarchomok-0-06-mm-40-kg\/\">Cemix Kvarchomok 0-0,6 mm 40 kg<\/a><\/span><br \/>\n<span style=\"text-decoration: underline;\"><a href=\"https:\/\/www.bau-styl.hu\/epitoanyag\/termek\/murva-0-20\/\">Murva 0-20Murva 0-20 \/ tonna<\/a><\/span><br \/>\n<span style=\"text-decoration: underline;\"><a href=\"https:\/\/www.bau-styl.hu\/epitoanyag\/termek\/murva-12-20\/\">Murva 12-20<\/a><\/span><br \/>\n<span style=\"text-decoration: underline;\"><a href=\"https:\/\/www.bau-styl.hu\/epitoanyag\/termek\/homok-0-4\/\">Homok 0-4 \/ tonna<\/a><\/span><\/p>\n","protected":false},"excerpt":{"rendered":"<p>A Dublin csal\u00e1d mindk\u00e9t term\u00e9ke k\u00f6nnyed\u00e9n megbirk\u00f3zik az es\u0151v\u00edzzel megfelel\u0151 v\u00edz\u00e1tereszt\u0151 al\u00e9p\u00edtm\u00e9ny eset\u00e9n. A Dublin gyepr\u00e1cs kialak\u00edt\u00e1sa el\u0151seg\u00edti a k\u00f6nny\u0171 gyepes\u00edt\u00e9st, hiszen nagyszer\u0171 t\u00e1maszk\u00e9nt szolg\u00e1l a puha f\u0171ben, r\u00e1ad\u00e1sul term\u00e9szetes m\u00f3don visszavezeti a lehullott csapad\u00e9kot a talajba. A Dublin k\u00f6vek k\u00f6nnyed\u00e9n elviselik a nagy forgalmi terhel\u00e9st, \u00edgy ide\u00e1lisak k\u00f6zter\u00fcletek burkol\u00e1s\u00e1ra. Felhaszn\u00e1l\u00e1sukkal megmaradnak a talaj \u00e9s a z\u00f6ldter\u00fclet \u00f6kol\u00f3giai jellemz\u0151i.<\/p>\n","protected":false},"featured_media":43347,"template":"","meta":[],"product_brand":[11287],"product_cat":[11353,168,175],"product_tag":[],"class_list":{"0":"post-43498","1":"product","2":"type-product","3":"status-publish","4":"has-post-thumbnail","6":"product_brand-kk-kavics-beton","7":"product_cat-gyepracs","8":"product_cat-kertepites-es-terburkolat","9":"product_cat-terkovek","11":"first","12":"instock","13":"taxable","14":"shipping-taxable","15":"purchasable","16":"product-type-simple"},"aioseo_notices":[],"_links":{"self":[{"href":"https:\/\/www.bau-styl.hu\/epitoanyag\/wp-json\/wp\/v2\/product\/43498","targetHints":{"allow":["GET"]}}],"collection":[{"href":"https:\/\/www.bau-styl.hu\/epitoanyag\/wp-json\/wp\/v2\/product"}],"about":[{"href":"https:\/\/www.bau-styl.hu\/epitoanyag\/wp-json\/wp\/v2\/types\/product"}],"wp:featuredmedia":[{"embeddable":true,"href":"https:\/\/www.bau-styl.hu\/epitoanyag\/wp-json\/wp\/v2\/media\/43347"}],"wp:attachment":[{"href":"https:\/\/www.bau-styl.hu\/epitoanyag\/wp-json\/wp\/v2\/media?parent=43498"}],"wp:term":[{"taxonomy":"product_brand","embeddable":true,"href":"https:\/\/www.bau-styl.hu\/epitoanyag\/wp-json\/wp\/v2\/product_brand?post=43498"},{"taxonomy":"product_cat","embeddable":true,"href":"https:\/\/www.bau-styl.hu\/epitoanyag\/wp-json\/wp\/v2\/product_cat?post=43498"},{"taxonomy":"product_tag","embeddable":true,"href":"https:\/\/www.bau-styl.hu\/epitoanyag\/wp-json\/wp\/v2\/product_tag?post=43498"}],"curies":[{"name":"wp","href":"https:\/\/api.w.org\/{rel}","templated":true}]}}