{"id":43509,"date":"2025-06-02T15:34:28","date_gmt":"2025-06-02T13:34:28","guid":{"rendered":"https:\/\/www.bau-styl.hu\/epitoanyag\/?post_type=product&#038;p=43509"},"modified":"2026-04-20T12:12:41","modified_gmt":"2026-04-20T10:12:41","slug":"kk-kavics-parizs-vezetoko-terko-feher-20x20x6-cm","status":"publish","type":"product","link":"https:\/\/www.bau-styl.hu\/epitoanyag\/termek\/kk-kavics-parizs-vezetoko-terko-feher-20x20x6-cm\/","title":{"rendered":"KK Kavics P\u00e1rizs Vezet\u0151k\u0151 t\u00e9rk\u0151 feh\u00e9r 20x20x6 cm"},"content":{"rendered":"<p><strong>Aj\u00e1nlhatunk hozz\u00e1 m\u00e1st is?<\/strong><\/p>\n<p><span style=\"text-decoration: underline;\"><a href=\"https:\/\/www.bau-styl.hu\/epitoanyag\/termek\/lb-knauf-kvarchomok-0-06-mm-40-kg\/\">Cemix Kvarchomok 0-0,6 mm 40 kg<\/a><\/span><br \/>\n<span style=\"text-decoration: underline;\"><a href=\"https:\/\/www.bau-styl.hu\/epitoanyag\/termek\/murva-0-20\/\">Murva 0-20Murva 0-20 \/ tonna<\/a><\/span><br \/>\n<span style=\"text-decoration: underline;\"><a href=\"https:\/\/www.bau-styl.hu\/epitoanyag\/termek\/murva-12-20\/\">Murva 12-20<\/a><\/span><br \/>\n<span style=\"text-decoration: underline;\"><a href=\"https:\/\/www.bau-styl.hu\/epitoanyag\/termek\/homok-0-4\/\">Homok 0-4 \/ tonna<\/a><\/span><\/p>\n","protected":false},"excerpt":{"rendered":"<p>A P\u00e1rizs vezet\u0151k\u0151, ahogy arra neve is utal, hosszir\u00e1ny\u00fa bord\u00e1zott fel\u00fclet\u00e9vel biztons\u00e1ggal c\u00e9lhoz vezeti a cs\u00f6kkent l\u00e1t\u00f3k\u00e9pess\u00e9g\u0171 embert\u00e1rsainkat. Haszn\u00e1latukkal a vakok \u00e9s gyeng\u00e9nl\u00e1t\u00f3k sz\u00e1m\u00e1ra is biztons\u00e1ggal jelezhet\u0151k az egyes akad\u00e1lyok &#8211; p\u00e9ld\u00e1ul gyalog\u00e1tkel\u0151 eset\u00e9n a j\u00e1rda \u00e9s az \u00fattest hat\u00e1ra. A hosszir\u00e1ny\u00fa bord\u00e1k bottal \u00e9s l\u00e1bbelin kereszt\u00fcl is j\u00f3l \u00e9szlelhet\u0151en jelzik a fokozott figyelmet ig\u00e9nyl\u0151 helyzetet.<\/p>\n","protected":false},"featured_media":43428,"template":"","meta":[],"product_brand":[11287],"product_cat":[168,175],"product_tag":[],"class_list":{"0":"post-43509","1":"product","2":"type-product","3":"status-publish","4":"has-post-thumbnail","6":"product_brand-kk-kavics-beton","7":"product_cat-kertepites-es-terburkolat","8":"product_cat-terkovek","10":"first","11":"instock","12":"taxable","13":"shipping-taxable","14":"purchasable","15":"product-type-simple"},"aioseo_notices":[],"_links":{"self":[{"href":"https:\/\/www.bau-styl.hu\/epitoanyag\/wp-json\/wp\/v2\/product\/43509","targetHints":{"allow":["GET"]}}],"collection":[{"href":"https:\/\/www.bau-styl.hu\/epitoanyag\/wp-json\/wp\/v2\/product"}],"about":[{"href":"https:\/\/www.bau-styl.hu\/epitoanyag\/wp-json\/wp\/v2\/types\/product"}],"wp:featuredmedia":[{"embeddable":true,"href":"https:\/\/www.bau-styl.hu\/epitoanyag\/wp-json\/wp\/v2\/media\/43428"}],"wp:attachment":[{"href":"https:\/\/www.bau-styl.hu\/epitoanyag\/wp-json\/wp\/v2\/media?parent=43509"}],"wp:term":[{"taxonomy":"product_brand","embeddable":true,"href":"https:\/\/www.bau-styl.hu\/epitoanyag\/wp-json\/wp\/v2\/product_brand?post=43509"},{"taxonomy":"product_cat","embeddable":true,"href":"https:\/\/www.bau-styl.hu\/epitoanyag\/wp-json\/wp\/v2\/product_cat?post=43509"},{"taxonomy":"product_tag","embeddable":true,"href":"https:\/\/www.bau-styl.hu\/epitoanyag\/wp-json\/wp\/v2\/product_tag?post=43509"}],"curies":[{"name":"wp","href":"https:\/\/api.w.org\/{rel}","templated":true}]}}