{"id":43511,"date":"2025-06-02T15:34:29","date_gmt":"2025-06-02T13:34:29","guid":{"rendered":"https:\/\/www.bau-styl.hu\/epitoanyag\/?post_type=product&#038;p=43511"},"modified":"2026-04-20T12:12:41","modified_gmt":"2026-04-20T10:12:41","slug":"kk-kavics-parizs-korzo-vario-kombi-terko-antracit-marvanymosott-6-cm","status":"publish","type":"product","link":"https:\/\/www.bau-styl.hu\/epitoanyag\/termek\/kk-kavics-parizs-korzo-vario-kombi-terko-antracit-marvanymosott-6-cm\/","title":{"rendered":"KK Kavics P\u00e1rizs Korz\u00f3 Vario Kombi t\u00e9rk\u0151 antracit m\u00e1rv\u00e1nymosott 6 cm"},"content":{"rendered":"<p><strong>Aj\u00e1nlhatunk hozz\u00e1 m\u00e1st is?<\/strong><\/p>\n<p><span style=\"text-decoration: underline;\"><a href=\"https:\/\/www.bau-styl.hu\/epitoanyag\/termek\/lb-knauf-kvarchomok-0-06-mm-40-kg\/\">Cemix Kvarchomok 0-0,6 mm 40 kg<\/a><\/span><br \/>\n<span style=\"text-decoration: underline;\"><a href=\"https:\/\/www.bau-styl.hu\/epitoanyag\/termek\/murva-0-20\/\">Murva 0-20Murva 0-20 \/ tonna<\/a><\/span><br \/>\n<span style=\"text-decoration: underline;\"><a href=\"https:\/\/www.bau-styl.hu\/epitoanyag\/termek\/murva-12-20\/\">Murva 12-20<\/a><\/span><br \/>\n<span style=\"text-decoration: underline;\"><a href=\"https:\/\/www.bau-styl.hu\/epitoanyag\/termek\/homok-0-4\/\">Homok 0-4 \/ tonna<\/a><\/span><\/p>\n","protected":false},"excerpt":{"rendered":"<p>Ennek a formavil\u00e1gnak k\u00f6sz\u00f6nheti a P\u00e1rizs Korz\u00f3, hogy \u00faj dimenzi\u00f3t nyit a burkol\u00f3k\u0151 felhaszn\u00e1l\u00e1s ter\u00fclet\u00e9n. Eszt\u00e9tikus megjelen\u00e9s, term\u00e9szetes \u0151rlem\u00e9ny hat\u00e1s\u00fa fel\u00fclet \u00e9s hosszan tart\u00f3 t\u00f6rt kavicsos megold\u00e1s. A term\u00e9k ez\u00e9rt st\u00edlusos k\u00f6rnyezetet teremt m\u0171eml\u00e9kek, illetve r\u00e9gi \u00e9p\u00fcletek k\u00f6zel\u00e9ben. N\u00e9gysz\u00f6gletes form\u00e1j\u00e1hoz h\u00e1rom sz\u00edn\u00e1rnyalat tartozik. A 9 k\u00fcl\u00f6nb\u00f6z\u0151 m\u00e9retben kaphat\u00f3 burkol\u00f3k\u0151 \u00e9s sz\u00ednvari\u00e1ci\u00f3i lehet\u0151v\u00e9 teszik, hogy csakis a sz\u00e1rnyal\u00f3 fant\u00e1zia alak\u00edtsa a lerak\u00e1si mint\u00e1t. V\u00e9gtelen\u00fcl tiszta form\u00e1ja az \u00f3ri\u00e1st\u00e9gl\u00e1nak, valamint az \u00f3ri\u00e1skock\u00e1nak k\u00f6sz\u00f6nhet\u0151.<\/p>\n","protected":false},"featured_media":43371,"template":"","meta":[],"product_brand":[11287],"product_cat":[168,175],"product_tag":[],"class_list":{"0":"post-43511","1":"product","2":"type-product","3":"status-publish","4":"has-post-thumbnail","6":"product_brand-kk-kavics-beton","7":"product_cat-kertepites-es-terburkolat","8":"product_cat-terkovek","10":"first","11":"instock","12":"taxable","13":"shipping-taxable","14":"purchasable","15":"product-type-simple"},"aioseo_notices":[],"_links":{"self":[{"href":"https:\/\/www.bau-styl.hu\/epitoanyag\/wp-json\/wp\/v2\/product\/43511","targetHints":{"allow":["GET"]}}],"collection":[{"href":"https:\/\/www.bau-styl.hu\/epitoanyag\/wp-json\/wp\/v2\/product"}],"about":[{"href":"https:\/\/www.bau-styl.hu\/epitoanyag\/wp-json\/wp\/v2\/types\/product"}],"wp:featuredmedia":[{"embeddable":true,"href":"https:\/\/www.bau-styl.hu\/epitoanyag\/wp-json\/wp\/v2\/media\/43371"}],"wp:attachment":[{"href":"https:\/\/www.bau-styl.hu\/epitoanyag\/wp-json\/wp\/v2\/media?parent=43511"}],"wp:term":[{"taxonomy":"product_brand","embeddable":true,"href":"https:\/\/www.bau-styl.hu\/epitoanyag\/wp-json\/wp\/v2\/product_brand?post=43511"},{"taxonomy":"product_cat","embeddable":true,"href":"https:\/\/www.bau-styl.hu\/epitoanyag\/wp-json\/wp\/v2\/product_cat?post=43511"},{"taxonomy":"product_tag","embeddable":true,"href":"https:\/\/www.bau-styl.hu\/epitoanyag\/wp-json\/wp\/v2\/product_tag?post=43511"}],"curies":[{"name":"wp","href":"https:\/\/api.w.org\/{rel}","templated":true}]}}