{"id":43512,"date":"2025-06-02T15:34:29","date_gmt":"2025-06-02T13:34:29","guid":{"rendered":"https:\/\/www.bau-styl.hu\/epitoanyag\/?post_type=product&#038;p=43512"},"modified":"2026-04-20T12:12:41","modified_gmt":"2026-04-20T10:12:41","slug":"kk-kavics-parizs-setany-vario-kombi-terko-feher-mosott-6-cm","status":"publish","type":"product","link":"https:\/\/www.bau-styl.hu\/epitoanyag\/termek\/kk-kavics-parizs-setany-vario-kombi-terko-feher-mosott-6-cm\/","title":{"rendered":"KK Kavics P\u00e1rizs S\u00e9t\u00e1ny Vario Kombi t\u00e9rk\u0151 feh\u00e9r mosott 6 cm"},"content":{"rendered":"<p><strong>Aj\u00e1nlhatunk hozz\u00e1 m\u00e1st is?<\/strong><\/p>\n<p><span style=\"text-decoration: underline;\"><a href=\"https:\/\/www.bau-styl.hu\/epitoanyag\/termek\/lb-knauf-kvarchomok-0-06-mm-40-kg\/\">Cemix Kvarchomok 0-0,6 mm 40 kg<\/a><\/span><br \/>\n<span style=\"text-decoration: underline;\"><a href=\"https:\/\/www.bau-styl.hu\/epitoanyag\/termek\/murva-0-20\/\">Murva 0-20Murva 0-20 \/ tonna<\/a><\/span><br \/>\n<span style=\"text-decoration: underline;\"><a href=\"https:\/\/www.bau-styl.hu\/epitoanyag\/termek\/murva-12-20\/\">Murva 12-20<\/a><\/span><br \/>\n<span style=\"text-decoration: underline;\"><a href=\"https:\/\/www.bau-styl.hu\/epitoanyag\/termek\/homok-0-4\/\">Homok 0-4 \/ tonna<\/a><\/span><\/p>\n","protected":false},"excerpt":{"rendered":"<p>A P\u00e1rizs S\u00e9t\u00e1ny sz\u00f6gletes form\u00e1val kombin\u00e1lt finoman \u00edvelt \u00e9lek k\u00fcl\u00f6nleges \u00e9s egyedi megjelen\u00e9st k\u00f6lcs\u00f6n\u00f6znek a burkol\u00f3k\u0151nek. Patin\u00e1s megjelen\u00e9se a v\u00e1logatott \u00e9s tiszt\u00edtott b\u00e1nyakavicsokb\u00f3l \u00e1ll\u00f3 fel\u00fclet\u00e9nek k\u00f6sz\u00f6nhet\u0151. Eleganci\u00e1ja mellett fokozott terhel\u00e9ssel is megbirk\u00f3zik, \u00edgy nem v\u00e9letlen, hogy k\u00f6zponti terek \u00e9s hangulatos s\u00e9t\u00e1l\u00f3utc\u00e1k kedvelt fel\u00fclete. A k\u00f6zter\u00fcleteken k\u00edv\u00fcl azonban b\u00e1rmilyen m\u00e1s k\u00f6rnyezetben remek\u00fcl alkalmazhat\u00f3, igaz\u00e1n sz\u00ednes felhaszn\u00e1l\u00e1si lehet\u0151s\u00e9geket k\u00edn\u00e1l.<\/p>\n","protected":false},"featured_media":43372,"template":"","meta":[],"product_brand":[11287],"product_cat":[168,175],"product_tag":[],"class_list":{"0":"post-43512","1":"product","2":"type-product","3":"status-publish","4":"has-post-thumbnail","6":"product_brand-kk-kavics-beton","7":"product_cat-kertepites-es-terburkolat","8":"product_cat-terkovek","10":"first","11":"instock","12":"taxable","13":"shipping-taxable","14":"purchasable","15":"product-type-simple"},"aioseo_notices":[],"_links":{"self":[{"href":"https:\/\/www.bau-styl.hu\/epitoanyag\/wp-json\/wp\/v2\/product\/43512","targetHints":{"allow":["GET"]}}],"collection":[{"href":"https:\/\/www.bau-styl.hu\/epitoanyag\/wp-json\/wp\/v2\/product"}],"about":[{"href":"https:\/\/www.bau-styl.hu\/epitoanyag\/wp-json\/wp\/v2\/types\/product"}],"wp:featuredmedia":[{"embeddable":true,"href":"https:\/\/www.bau-styl.hu\/epitoanyag\/wp-json\/wp\/v2\/media\/43372"}],"wp:attachment":[{"href":"https:\/\/www.bau-styl.hu\/epitoanyag\/wp-json\/wp\/v2\/media?parent=43512"}],"wp:term":[{"taxonomy":"product_brand","embeddable":true,"href":"https:\/\/www.bau-styl.hu\/epitoanyag\/wp-json\/wp\/v2\/product_brand?post=43512"},{"taxonomy":"product_cat","embeddable":true,"href":"https:\/\/www.bau-styl.hu\/epitoanyag\/wp-json\/wp\/v2\/product_cat?post=43512"},{"taxonomy":"product_tag","embeddable":true,"href":"https:\/\/www.bau-styl.hu\/epitoanyag\/wp-json\/wp\/v2\/product_tag?post=43512"}],"curies":[{"name":"wp","href":"https:\/\/api.w.org\/{rel}","templated":true}]}}