{"id":43515,"date":"2025-06-02T15:34:29","date_gmt":"2025-06-02T13:34:29","guid":{"rendered":"https:\/\/www.bau-styl.hu\/epitoanyag\/?post_type=product&#038;p=43515"},"modified":"2026-04-20T12:12:42","modified_gmt":"2026-04-20T10:12:42","slug":"kk-kavics-barcelona-classic-kocka-terko-agyag-15x15x6-cm","status":"publish","type":"product","link":"https:\/\/www.bau-styl.hu\/epitoanyag\/termek\/kk-kavics-barcelona-classic-kocka-terko-agyag-15x15x6-cm\/","title":{"rendered":"KK Kavics Barcelona Classic Kocka t\u00e9rk\u0151 agyag 15x15x6 cm"},"content":{"rendered":"<p><strong>Aj\u00e1nlhatunk hozz\u00e1 m\u00e1st is?<\/strong><\/p>\n<p><span style=\"text-decoration: underline;\"><a href=\"https:\/\/www.bau-styl.hu\/epitoanyag\/termek\/lb-knauf-kvarchomok-0-06-mm-40-kg\/\">Cemix Kvarchomok 0-0,6 mm 40 kg<\/a><\/span><br \/>\n<span style=\"text-decoration: underline;\"><a href=\"https:\/\/www.bau-styl.hu\/epitoanyag\/termek\/murva-0-20\/\">Murva 0-20Murva 0-20 \/ tonna<\/a><\/span><br \/>\n<span style=\"text-decoration: underline;\"><a href=\"https:\/\/www.bau-styl.hu\/epitoanyag\/termek\/murva-12-20\/\">Murva 12-20<\/a><\/span><br \/>\n<span style=\"text-decoration: underline;\"><a href=\"https:\/\/www.bau-styl.hu\/epitoanyag\/termek\/homok-0-4\/\">Homok 0-4 \/ tonna<\/a><\/span><\/p>\n","protected":false},"excerpt":{"rendered":"<p>A Barcelona term\u00e9kek, hamis\u00edtatlan mediterr\u00e1n hangulatot var\u00e1zsolnak b\u00e1rmilyen udvarra vagy k\u00f6zt\u00e9rre. Attrakt\u00edv megjelen\u00e9se els\u0151sorban gazdag forma- \u00e9s sz\u00ednvil\u00e1g\u00e1nak, valamint kerek, rusztikus hat\u00e1s\u00fa perem\u00e9nek k\u00f6sz\u00f6nhet\u0151. A term\u00e9kcsal\u00e1d kezd\u0151k\u00f6vet is tartalmaz, amely rendk\u00edv\u00fcl praktikus diagon\u00e1lis lerak\u00e1s alkalmaz\u00e1sa eset\u00e9n. Vonalvezet\u00e9se, a k\u00fcl\u00f6nb\u00f6z\u0151 k\u0151m\u00e9retek \u00e9s a kellemes sz\u00ednvil\u00e1ga \u00e1ltal a Barcelona burkol\u00f3k\u00f6vek mindig k\u00e9szen \u00e1llnak r\u00e1, hogy a helysz\u00edni adotts\u00e1gokhoz legink\u00e1bb megfelel\u0151 st\u00edlust alkoss\u00e1k.<\/p>\n","protected":false},"featured_media":43374,"template":"","meta":[],"product_brand":[11287],"product_cat":[168,175],"product_tag":[],"class_list":{"0":"post-43515","1":"product","2":"type-product","3":"status-publish","4":"has-post-thumbnail","6":"product_brand-kk-kavics-beton","7":"product_cat-kertepites-es-terburkolat","8":"product_cat-terkovek","10":"first","11":"instock","12":"taxable","13":"shipping-taxable","14":"purchasable","15":"product-type-simple"},"aioseo_notices":[],"_links":{"self":[{"href":"https:\/\/www.bau-styl.hu\/epitoanyag\/wp-json\/wp\/v2\/product\/43515","targetHints":{"allow":["GET"]}}],"collection":[{"href":"https:\/\/www.bau-styl.hu\/epitoanyag\/wp-json\/wp\/v2\/product"}],"about":[{"href":"https:\/\/www.bau-styl.hu\/epitoanyag\/wp-json\/wp\/v2\/types\/product"}],"wp:featuredmedia":[{"embeddable":true,"href":"https:\/\/www.bau-styl.hu\/epitoanyag\/wp-json\/wp\/v2\/media\/43374"}],"wp:attachment":[{"href":"https:\/\/www.bau-styl.hu\/epitoanyag\/wp-json\/wp\/v2\/media?parent=43515"}],"wp:term":[{"taxonomy":"product_brand","embeddable":true,"href":"https:\/\/www.bau-styl.hu\/epitoanyag\/wp-json\/wp\/v2\/product_brand?post=43515"},{"taxonomy":"product_cat","embeddable":true,"href":"https:\/\/www.bau-styl.hu\/epitoanyag\/wp-json\/wp\/v2\/product_cat?post=43515"},{"taxonomy":"product_tag","embeddable":true,"href":"https:\/\/www.bau-styl.hu\/epitoanyag\/wp-json\/wp\/v2\/product_tag?post=43515"}],"curies":[{"name":"wp","href":"https:\/\/api.w.org\/{rel}","templated":true}]}}