{"id":43517,"date":"2025-06-02T15:34:31","date_gmt":"2025-06-02T13:34:31","guid":{"rendered":"https:\/\/www.bau-styl.hu\/epitoanyag\/?post_type=product&#038;p=43517"},"modified":"2026-04-20T12:12:42","modified_gmt":"2026-04-20T10:12:42","slug":"kk-kavics-project-aquincum-kocka-terko-homok-14x14x7-cm","status":"publish","type":"product","link":"https:\/\/www.bau-styl.hu\/epitoanyag\/termek\/kk-kavics-project-aquincum-kocka-terko-homok-14x14x7-cm\/","title":{"rendered":"KK Kavics Project Aquincum Kocka t\u00e9rk\u0151 homok 14x14x7 cm"},"content":{"rendered":"<p><strong>Aj\u00e1nlhatunk hozz\u00e1 m\u00e1st is?<\/strong><\/p>\n<p><span style=\"text-decoration: underline;\"><a href=\"https:\/\/www.bau-styl.hu\/epitoanyag\/termek\/lb-knauf-kvarchomok-0-06-mm-40-kg\/\">Cemix Kvarchomok 0-0,6 mm 40 kg<\/a><\/span><br \/>\n<span style=\"text-decoration: underline;\"><a href=\"https:\/\/www.bau-styl.hu\/epitoanyag\/termek\/murva-0-20\/\">Murva 0-20Murva 0-20 \/ tonna<\/a><\/span><br \/>\n<span style=\"text-decoration: underline;\"><a href=\"https:\/\/www.bau-styl.hu\/epitoanyag\/termek\/murva-12-20\/\">Murva 12-20<\/a><\/span><br \/>\n<span style=\"text-decoration: underline;\"><a href=\"https:\/\/www.bau-styl.hu\/epitoanyag\/termek\/homok-0-4\/\">Homok 0-4 \/ tonna<\/a><\/span><\/p>\n","protected":false},"excerpt":{"rendered":"<p>Az Aquincum burkol\u00f3rendszer a KK Kavics Beton legn\u00e9pszer\u0171bb term\u00e9ke. Term\u00e9szetes megjelen\u00e9se, antik st\u00edlusa \u00e9s let\u00f6redezett \u00e9lei az \u00f3kor var\u00e1zslatos hangulat\u00e1t id\u00e9zik. St\u00edlusa ez\u00e9rt remek\u00fcl illik r\u00e9gi h\u00e1zak mell\u00e9 \u00e9s t\u00f6rt\u00e9nelmi v\u00e1rosr\u00e9szek utc\u00e1ira, ugyanakkor mag\u00e1nh\u00e1zak kertjeiben is mutat\u00f3sak. A rendszer minden eleme 7 cm vastag, amely \u00edgy igaz\u00e1n teherb\u00edr\u00f3 \u00e9s sokr\u00e9t\u0171en alkalmazhat\u00f3. A burkol\u00f3k\u0151 lerak\u00e1sa rendk\u00edv\u00fcl egyszer\u0171, r\u00e1ad\u00e1sul a t\u00f6rt\u00e9nelmi hat\u00e1s kedv\u00e9\u00e9rt m\u00e9g egy kis pontatlans\u00e1g is megengedett. Az elemek elt\u00e9r\u0151 m\u00e9retei megengedik a v\u00e1ltozatoss\u00e1got \u00e9s sokf\u00e9le fektet\u00e9si vari\u00e1ci\u00f3t biztos\u00edtanak. A k\u00fcl\u00f6nb\u00f6z\u0151 m\u00e9ret\u0171 burkol\u00f3elemek sz\u00ednei \u00e1rnyalatukban elt\u00e9rhetnek, \u00edgy igaz\u00e1n hangulatos, antik hat\u00e1st eredm\u00e9nyeznek. A burkolat szeg\u00e9lyez\u00e9s\u00e9re a nagyt\u00e9gl\u00e1t aj\u00e1nljuk, amellyel s\u00fcllyesztve \u00e9s kiemelten is harmonikusan lehet keretezni a burkolatot, tov\u00e1bb\u00e1 l\u00e9pcs\u0151 is \u00e9p\u00edthet\u0151 bel\u0151le.<\/p>\n","protected":false},"featured_media":43382,"template":"","meta":[],"product_brand":[11287],"product_cat":[168,175],"product_tag":[],"class_list":{"0":"post-43517","1":"product","2":"type-product","3":"status-publish","4":"has-post-thumbnail","6":"product_brand-kk-kavics-beton","7":"product_cat-kertepites-es-terburkolat","8":"product_cat-terkovek","10":"first","11":"instock","12":"taxable","13":"shipping-taxable","14":"purchasable","15":"product-type-simple"},"aioseo_notices":[],"_links":{"self":[{"href":"https:\/\/www.bau-styl.hu\/epitoanyag\/wp-json\/wp\/v2\/product\/43517","targetHints":{"allow":["GET"]}}],"collection":[{"href":"https:\/\/www.bau-styl.hu\/epitoanyag\/wp-json\/wp\/v2\/product"}],"about":[{"href":"https:\/\/www.bau-styl.hu\/epitoanyag\/wp-json\/wp\/v2\/types\/product"}],"wp:featuredmedia":[{"embeddable":true,"href":"https:\/\/www.bau-styl.hu\/epitoanyag\/wp-json\/wp\/v2\/media\/43382"}],"wp:attachment":[{"href":"https:\/\/www.bau-styl.hu\/epitoanyag\/wp-json\/wp\/v2\/media?parent=43517"}],"wp:term":[{"taxonomy":"product_brand","embeddable":true,"href":"https:\/\/www.bau-styl.hu\/epitoanyag\/wp-json\/wp\/v2\/product_brand?post=43517"},{"taxonomy":"product_cat","embeddable":true,"href":"https:\/\/www.bau-styl.hu\/epitoanyag\/wp-json\/wp\/v2\/product_cat?post=43517"},{"taxonomy":"product_tag","embeddable":true,"href":"https:\/\/www.bau-styl.hu\/epitoanyag\/wp-json\/wp\/v2\/product_tag?post=43517"}],"curies":[{"name":"wp","href":"https:\/\/api.w.org\/{rel}","templated":true}]}}