{"id":43519,"date":"2025-06-02T15:34:31","date_gmt":"2025-06-02T13:34:31","guid":{"rendered":"https:\/\/www.bau-styl.hu\/epitoanyag\/?post_type=product&#038;p=43519"},"modified":"2026-04-20T12:12:42","modified_gmt":"2026-04-20T10:12:42","slug":"kk-kavics-savaria-vario-classic-kombi-terko-terra-8-cm","status":"publish","type":"product","link":"https:\/\/www.bau-styl.hu\/epitoanyag\/termek\/kk-kavics-savaria-vario-classic-kombi-terko-terra-8-cm\/","title":{"rendered":"KK Kavics Savaria Vario Classic Kombi t\u00e9rk\u0151 terra 8 cm"},"content":{"rendered":"<p><strong>Aj\u00e1nlhatunk hozz\u00e1 m\u00e1st is?<\/strong><\/p>\n<p><span style=\"text-decoration: underline;\"><a href=\"https:\/\/www.bau-styl.hu\/epitoanyag\/termek\/lb-knauf-kvarchomok-0-06-mm-40-kg\/\">Cemix Kvarchomok 0-0,6 mm 40 kg<\/a><\/span><br \/>\n<span style=\"text-decoration: underline;\"><a href=\"https:\/\/www.bau-styl.hu\/epitoanyag\/termek\/murva-0-20\/\">Murva 0-20Murva 0-20 \/ tonna<\/a><\/span><br \/>\n<span style=\"text-decoration: underline;\"><a href=\"https:\/\/www.bau-styl.hu\/epitoanyag\/termek\/murva-12-20\/\">Murva 12-20<\/a><\/span><br \/>\n<span style=\"text-decoration: underline;\"><a href=\"https:\/\/www.bau-styl.hu\/epitoanyag\/termek\/homok-0-4\/\">Homok 0-4 \/ tonna<\/a><\/span><\/p>\n","protected":false},"excerpt":{"rendered":"<p>A Savaria Classic burkol\u00f3k\u0151, amelyet nemcsak attrakt\u00edv megjelen\u00e9se tesz vonz\u00f3v\u00e1, de praktikus \u00e9s \u00f6tletes csomagol\u00e1sa is. A gy\u00e1rilag el\u0151re \u00f6ssze\u00e1ll\u00edtott kombin\u00e1ci\u00f3 ugyanis egyszer\u0171v\u00e9 teszi a k\u00f6vek lerak\u00e1s\u00e1t. Nem sz\u00fcks\u00e9ges bonyolult mint\u00e1kkal bajl\u00f3dni, elegend\u0151 k\u00f6vetni a meghat\u00e1rozott sorrendet. Els\u0151sorban csal\u00e1di h\u00e1zakhoz aj\u00e1nljuk, de nagy teherb\u00edr\u00e1sa r\u00e9v\u00e9n meg\u00e1llja a hely\u00e9t k\u00f6zter\u00fcleteken \u00e9s egy\u00e9b forgalmas helysz\u00edneken is.<\/p>\n","protected":false},"featured_media":43413,"template":"","meta":[],"product_brand":[11287],"product_cat":[168,175],"product_tag":[],"class_list":{"0":"post-43519","1":"product","2":"type-product","3":"status-publish","4":"has-post-thumbnail","6":"product_brand-kk-kavics-beton","7":"product_cat-kertepites-es-terburkolat","8":"product_cat-terkovek","10":"first","11":"instock","12":"taxable","13":"shipping-taxable","14":"purchasable","15":"product-type-simple"},"aioseo_notices":[],"_links":{"self":[{"href":"https:\/\/www.bau-styl.hu\/epitoanyag\/wp-json\/wp\/v2\/product\/43519","targetHints":{"allow":["GET"]}}],"collection":[{"href":"https:\/\/www.bau-styl.hu\/epitoanyag\/wp-json\/wp\/v2\/product"}],"about":[{"href":"https:\/\/www.bau-styl.hu\/epitoanyag\/wp-json\/wp\/v2\/types\/product"}],"wp:featuredmedia":[{"embeddable":true,"href":"https:\/\/www.bau-styl.hu\/epitoanyag\/wp-json\/wp\/v2\/media\/43413"}],"wp:attachment":[{"href":"https:\/\/www.bau-styl.hu\/epitoanyag\/wp-json\/wp\/v2\/media?parent=43519"}],"wp:term":[{"taxonomy":"product_brand","embeddable":true,"href":"https:\/\/www.bau-styl.hu\/epitoanyag\/wp-json\/wp\/v2\/product_brand?post=43519"},{"taxonomy":"product_cat","embeddable":true,"href":"https:\/\/www.bau-styl.hu\/epitoanyag\/wp-json\/wp\/v2\/product_cat?post=43519"},{"taxonomy":"product_tag","embeddable":true,"href":"https:\/\/www.bau-styl.hu\/epitoanyag\/wp-json\/wp\/v2\/product_tag?post=43519"}],"curies":[{"name":"wp","href":"https:\/\/api.w.org\/{rel}","templated":true}]}}