{"id":43520,"date":"2025-06-02T15:34:32","date_gmt":"2025-06-02T13:34:32","guid":{"rendered":"https:\/\/www.bau-styl.hu\/epitoanyag\/?post_type=product&#038;p=43520"},"modified":"2026-04-20T12:12:42","modified_gmt":"2026-04-20T10:12:42","slug":"kk-kavics-savaria-vario-natur-kombi-terko-homokko-8-cm","status":"publish","type":"product","link":"https:\/\/www.bau-styl.hu\/epitoanyag\/termek\/kk-kavics-savaria-vario-natur-kombi-terko-homokko-8-cm\/","title":{"rendered":"KK Kavics Savaria Vario Natur Kombi t\u00e9rk\u0151 homokk\u0151 8 cm"},"content":{"rendered":"<p><strong>Aj\u00e1nlhatunk hozz\u00e1 m\u00e1st is?<\/strong><\/p>\n<p><span style=\"text-decoration: underline;\"><a href=\"https:\/\/www.bau-styl.hu\/epitoanyag\/termek\/lb-knauf-kvarchomok-0-06-mm-40-kg\/\">Cemix Kvarchomok 0-0,6 mm 40 kg<\/a><\/span><br \/>\n<span style=\"text-decoration: underline;\"><a href=\"https:\/\/www.bau-styl.hu\/epitoanyag\/termek\/murva-0-20\/\">Murva 0-20Murva 0-20 \/ tonna<\/a><\/span><br \/>\n<span style=\"text-decoration: underline;\"><a href=\"https:\/\/www.bau-styl.hu\/epitoanyag\/termek\/murva-12-20\/\">Murva 12-20<\/a><\/span><br \/>\n<span style=\"text-decoration: underline;\"><a href=\"https:\/\/www.bau-styl.hu\/epitoanyag\/termek\/homok-0-4\/\">Homok 0-4 \/ tonna<\/a><\/span><\/p>\n","protected":false},"excerpt":{"rendered":"<p>A Savaria Vario Natur t\u00e9rburkol\u00f3 rendszer el\u0151re meghat\u00e1rozott fektet\u00e9snek k\u00f6sz\u00f6nhet\u0151en a burkol\u00f3k\u0151 lerak\u00e1si mint\u00e1ja k\u00f6veti a szab\u00e1lytalan, m\u00e9gis l\u00e1tv\u00e1nyos koncepci\u00f3t. Term\u00e9szetes rendezetlens\u00e9g uralja a burkol\u00f3k\u00f6vek fel\u00fclet\u00e9t is. A speci\u00e1lis gy\u00e1rt\u00e1si\u00a0 elj\u00e1r\u00e1s egy egyedi term\u00e9szetes fel\u00fclet\u0171 hat\u00e1st eredm\u00e9nyez. Val\u00f3dinak\u00a0 t\u0171n\u0151 erezet \u00e9s kopottas szab\u00e1lytalan \u00e9lvezet\u00e9s. A\u00a0 burkol\u00f3k\u0151 kit\u0171n\u0151en passzol romantikus vid\u00e9ki vill\u00e1khoz, kertes h\u00e1zakhoz, de ak\u00e1r forgalmas d\u00edsztereket vagy s\u00e9t\u00e1l\u00f3utc\u00e1kban is impoz\u00e1ns l\u00e1tv\u00e1nyt ny\u00fajt.<\/p>\n","protected":false},"featured_media":43429,"template":"","meta":[],"product_brand":[11287],"product_cat":[168,175],"product_tag":[],"class_list":{"0":"post-43520","1":"product","2":"type-product","3":"status-publish","4":"has-post-thumbnail","6":"product_brand-kk-kavics-beton","7":"product_cat-kertepites-es-terburkolat","8":"product_cat-terkovek","10":"first","11":"instock","12":"taxable","13":"shipping-taxable","14":"purchasable","15":"product-type-simple"},"aioseo_notices":[],"_links":{"self":[{"href":"https:\/\/www.bau-styl.hu\/epitoanyag\/wp-json\/wp\/v2\/product\/43520","targetHints":{"allow":["GET"]}}],"collection":[{"href":"https:\/\/www.bau-styl.hu\/epitoanyag\/wp-json\/wp\/v2\/product"}],"about":[{"href":"https:\/\/www.bau-styl.hu\/epitoanyag\/wp-json\/wp\/v2\/types\/product"}],"wp:featuredmedia":[{"embeddable":true,"href":"https:\/\/www.bau-styl.hu\/epitoanyag\/wp-json\/wp\/v2\/media\/43429"}],"wp:attachment":[{"href":"https:\/\/www.bau-styl.hu\/epitoanyag\/wp-json\/wp\/v2\/media?parent=43520"}],"wp:term":[{"taxonomy":"product_brand","embeddable":true,"href":"https:\/\/www.bau-styl.hu\/epitoanyag\/wp-json\/wp\/v2\/product_brand?post=43520"},{"taxonomy":"product_cat","embeddable":true,"href":"https:\/\/www.bau-styl.hu\/epitoanyag\/wp-json\/wp\/v2\/product_cat?post=43520"},{"taxonomy":"product_tag","embeddable":true,"href":"https:\/\/www.bau-styl.hu\/epitoanyag\/wp-json\/wp\/v2\/product_tag?post=43520"}],"curies":[{"name":"wp","href":"https:\/\/api.w.org\/{rel}","templated":true}]}}