{"id":43521,"date":"2025-06-02T15:34:32","date_gmt":"2025-06-02T13:34:32","guid":{"rendered":"https:\/\/www.bau-styl.hu\/epitoanyag\/?post_type=product&#038;p=43521"},"modified":"2026-04-20T12:12:42","modified_gmt":"2026-04-20T10:12:42","slug":"kk-kavics-savaria-vario-odon-kombi-terko-antracit-8-cm","status":"publish","type":"product","link":"https:\/\/www.bau-styl.hu\/epitoanyag\/termek\/kk-kavics-savaria-vario-odon-kombi-terko-antracit-8-cm\/","title":{"rendered":"KK Kavics Savaria Vario \u00d3don Kombi t\u00e9rk\u0151 antracit 8 cm"},"content":{"rendered":"<p><strong>Aj\u00e1nlhatunk hozz\u00e1 m\u00e1st is?<\/strong><\/p>\n<p><span style=\"text-decoration: underline;\"><a href=\"https:\/\/www.bau-styl.hu\/epitoanyag\/termek\/lb-knauf-kvarchomok-0-06-mm-40-kg\/\">Cemix Kvarchomok 0-0,6 mm 40 kg<\/a><\/span><br \/>\n<span style=\"text-decoration: underline;\"><a href=\"https:\/\/www.bau-styl.hu\/epitoanyag\/termek\/murva-0-20\/\">Murva 0-20Murva 0-20 \/ tonna<\/a><\/span><br \/>\n<span style=\"text-decoration: underline;\"><a href=\"https:\/\/www.bau-styl.hu\/epitoanyag\/termek\/murva-12-20\/\">Murva 12-20<\/a><\/span><br \/>\n<span style=\"text-decoration: underline;\"><a href=\"https:\/\/www.bau-styl.hu\/epitoanyag\/termek\/homok-0-4\/\">Homok 0-4 \/ tonna<\/a><\/span><\/p>\n","protected":false},"excerpt":{"rendered":"<p>A Savaria t\u00e9rk\u00f6vek, a felsz\u00edn\u00fck speci\u00e1lis megmunk\u00e1l\u00e1s\u00e1nak k\u00f6sz\u00f6nhet\u0151en egyedi f\u00e9ny-\u00e1rny\u00e9k hat\u00e1st ny\u00fajtanak. Egy n\u00e9gyzet \u00e9s h\u00e1rom elt\u00e9r\u0151 m\u00e9ret\u0171 t\u00e9glalap alak\u00fa k\u0151 teszi teljess\u00e9 a v\u00e1laszt\u00e9kot. Amennyiben a lerak\u00e1s sor\u00e1n a k\u00f6veket k\u00f6vetkezetesen, a f\u00fcgg\u0151leges tengely\u00fck ment\u00e9n elforgatjuk, akkor tov\u00e1bb fokozhatjuk a term\u00e9szetes hat\u00e1st, mivel a k\u00f6vek fel\u00fcleti mint\u00e1ja csak nagyobb fel\u00fcleten ism\u00e9tl\u0151dik \u00fajra. A Savaria vario antik teret ad kreativit\u00e1sunknak, hiszen lehet\u0151s\u00e9g\u00fcnk van b\u00e1tran elt\u00e9rni a megadott lerak\u00e1si mint\u00e1t\u00f3l. Term\u00e9szetes k\u0151hat\u00e1s\u00e1nak k\u00f6sz\u00f6nhet\u0151en modern \u00e9s a r\u00e9gi st\u00edlus\u00fa \u00e9p\u00fcletek k\u00f6rnyezet\u00e9ben is l\u00e1tv\u00e1nyos, eszt\u00e9tikus, egyedi burkolatot\u00a0 eredm\u00e9nyez.<\/p>\n","protected":false},"featured_media":43376,"template":"","meta":[],"product_brand":[11287],"product_cat":[168,175],"product_tag":[],"class_list":{"0":"post-43521","1":"product","2":"type-product","3":"status-publish","4":"has-post-thumbnail","6":"product_brand-kk-kavics-beton","7":"product_cat-kertepites-es-terburkolat","8":"product_cat-terkovek","10":"first","11":"instock","12":"taxable","13":"shipping-taxable","14":"purchasable","15":"product-type-simple"},"aioseo_notices":[],"_links":{"self":[{"href":"https:\/\/www.bau-styl.hu\/epitoanyag\/wp-json\/wp\/v2\/product\/43521","targetHints":{"allow":["GET"]}}],"collection":[{"href":"https:\/\/www.bau-styl.hu\/epitoanyag\/wp-json\/wp\/v2\/product"}],"about":[{"href":"https:\/\/www.bau-styl.hu\/epitoanyag\/wp-json\/wp\/v2\/types\/product"}],"wp:featuredmedia":[{"embeddable":true,"href":"https:\/\/www.bau-styl.hu\/epitoanyag\/wp-json\/wp\/v2\/media\/43376"}],"wp:attachment":[{"href":"https:\/\/www.bau-styl.hu\/epitoanyag\/wp-json\/wp\/v2\/media?parent=43521"}],"wp:term":[{"taxonomy":"product_brand","embeddable":true,"href":"https:\/\/www.bau-styl.hu\/epitoanyag\/wp-json\/wp\/v2\/product_brand?post=43521"},{"taxonomy":"product_cat","embeddable":true,"href":"https:\/\/www.bau-styl.hu\/epitoanyag\/wp-json\/wp\/v2\/product_cat?post=43521"},{"taxonomy":"product_tag","embeddable":true,"href":"https:\/\/www.bau-styl.hu\/epitoanyag\/wp-json\/wp\/v2\/product_tag?post=43521"}],"curies":[{"name":"wp","href":"https:\/\/api.w.org\/{rel}","templated":true}]}}