{"id":43527,"date":"2025-06-02T15:34:36","date_gmt":"2025-06-02T13:34:36","guid":{"rendered":"https:\/\/www.bau-styl.hu\/epitoanyag\/?post_type=product&#038;p=43527"},"modified":"2026-04-20T12:12:29","modified_gmt":"2026-04-20T10:12:29","slug":"kk-kavics-jarolap-topaz-melirozott-35x35x45-cm","status":"publish","type":"product","link":"https:\/\/www.bau-styl.hu\/epitoanyag\/termek\/kk-kavics-jarolap-topaz-melirozott-35x35x45-cm\/","title":{"rendered":"KK Kavics J\u00e1r\u00f3lap top\u00e1z mel\u00edrozott 35x35x4,5 cm"},"content":{"rendered":"<p><strong>Aj\u00e1nlhatunk hozz\u00e1 m\u00e1st is?<\/strong><\/p>\n<p><span style=\"text-decoration: underline;\"><a href=\"https:\/\/www.bau-styl.hu\/epitoanyag\/termek\/lb-knauf-kvarchomok-0-06-mm-40-kg\/\">Cemix Kvarchomok 0-0,6 mm 40 kg<\/a><\/span><br \/>\n<span style=\"text-decoration: underline;\"><a href=\"https:\/\/www.bau-styl.hu\/epitoanyag\/termek\/murva-0-20\/\">Murva 0-20Murva 0-20 \/ tonna<\/a><\/span><br \/>\n<span style=\"text-decoration: underline;\"><a href=\"https:\/\/www.bau-styl.hu\/epitoanyag\/termek\/murva-12-20\/\">Murva 12-20<\/a><\/span><br \/>\n<span style=\"text-decoration: underline;\"><a href=\"https:\/\/www.bau-styl.hu\/epitoanyag\/termek\/homok-0-4\/\">Homok 0-4 \/ tonna<\/a><\/span><\/p>\n","protected":false},"excerpt":{"rendered":"<p>Legyen sz\u00ednes, de visszafogott. Illeszkedjen k\u00f6rnyezet\u00e9be. Legyen a fel\u00fclete sima, m\u00e9gis cs\u00fasz\u00e1sbiztos. Legyen teherb\u00edr\u00f3, de k\u00f6nny\u0171&#8230; A KK j\u00e1r\u00f3lap a felsorolt elv\u00e1r\u00e1sok ment\u00e9n sz\u00fcletett. Lerak\u00e1s\u00e1t megk\u00f6nny\u00edti \u00e9s felgyors\u00edtja az \u00e1tlagosn\u00e1l nagyobb m\u00e9rete, ugyanakkor kis s\u00falya lehet\u0151v\u00e9 teszi a f\u00f6d\u00e9men, teraszokon vagy z\u00f6ldtet\u0151k\u00f6n t\u00f6rt\u00e9n\u0151 alkalmaz\u00e1s\u00e1t is.<\/p>\n","protected":false},"featured_media":43415,"template":"","meta":[],"product_brand":[11287],"product_cat":[168,5044],"product_tag":[],"class_list":{"0":"post-43527","1":"product","2":"type-product","3":"status-publish","4":"has-post-thumbnail","6":"product_brand-kk-kavics-beton","7":"product_cat-kertepites-es-terburkolat","8":"product_cat-kerti-lapok","10":"first","11":"instock","12":"taxable","13":"shipping-taxable","14":"purchasable","15":"product-type-simple"},"aioseo_notices":[],"_links":{"self":[{"href":"https:\/\/www.bau-styl.hu\/epitoanyag\/wp-json\/wp\/v2\/product\/43527","targetHints":{"allow":["GET"]}}],"collection":[{"href":"https:\/\/www.bau-styl.hu\/epitoanyag\/wp-json\/wp\/v2\/product"}],"about":[{"href":"https:\/\/www.bau-styl.hu\/epitoanyag\/wp-json\/wp\/v2\/types\/product"}],"wp:featuredmedia":[{"embeddable":true,"href":"https:\/\/www.bau-styl.hu\/epitoanyag\/wp-json\/wp\/v2\/media\/43415"}],"wp:attachment":[{"href":"https:\/\/www.bau-styl.hu\/epitoanyag\/wp-json\/wp\/v2\/media?parent=43527"}],"wp:term":[{"taxonomy":"product_brand","embeddable":true,"href":"https:\/\/www.bau-styl.hu\/epitoanyag\/wp-json\/wp\/v2\/product_brand?post=43527"},{"taxonomy":"product_cat","embeddable":true,"href":"https:\/\/www.bau-styl.hu\/epitoanyag\/wp-json\/wp\/v2\/product_cat?post=43527"},{"taxonomy":"product_tag","embeddable":true,"href":"https:\/\/www.bau-styl.hu\/epitoanyag\/wp-json\/wp\/v2\/product_tag?post=43527"}],"curies":[{"name":"wp","href":"https:\/\/api.w.org\/{rel}","templated":true}]}}