{"id":43538,"date":"2025-06-02T15:34:43","date_gmt":"2025-06-02T13:34:43","guid":{"rendered":"https:\/\/www.bau-styl.hu\/epitoanyag\/?post_type=product&#038;p=43538"},"modified":"2025-06-03T20:47:04","modified_gmt":"2025-06-03T18:47:04","slug":"kk-kavics-london-classic-kiskocka-terko-barna-10x10x6-cm","status":"publish","type":"product","link":"https:\/\/www.bau-styl.hu\/epitoanyag\/termek\/kk-kavics-london-classic-kiskocka-terko-barna-10x10x6-cm\/","title":{"rendered":"KK Kavics London Classic Kiskocka t\u00e9rk\u0151 barna 10x10x6 cm"},"content":{"rendered":"<p><strong>Aj\u00e1nlhatunk hozz\u00e1 m\u00e1st is?<\/strong><\/p>\n<p><span style=\"text-decoration: underline;\"><a href=\"https:\/\/www.bau-styl.hu\/epitoanyag\/termek\/lb-knauf-kvarchomok-0-06-mm-40-kg\/\">Cemix Kvarchomok 0-0,6 mm 40 kg<\/a><\/span><br \/>\n<span style=\"text-decoration: underline;\"><a href=\"https:\/\/www.bau-styl.hu\/epitoanyag\/termek\/murva-0-20\/\">Murva 0-20Murva 0-20 \/ tonna<\/a><\/span><br \/>\n<span style=\"text-decoration: underline;\"><a href=\"https:\/\/www.bau-styl.hu\/epitoanyag\/termek\/murva-12-20\/\">Murva 12-20<\/a><\/span><br \/>\n<span style=\"text-decoration: underline;\"><a href=\"https:\/\/www.bau-styl.hu\/epitoanyag\/termek\/homok-0-4\/\">Homok 0-4 \/ tonna<\/a><\/span><\/p>\n","protected":false},"excerpt":{"rendered":"<p>A London az egyik legnagyobb m\u00e9ret-, forma \u00e9s sz\u00ednv\u00e1laszt\u00e9kot k\u00edn\u00e1l\u00f3 term\u00e9kcsal\u00e1dja a gy\u00e1rt\u00f3nak fantasztikus vari\u00e1lhat\u00f3s\u00e1got ny\u00fajt, amelynek csakis a fant\u00e1zia szabhat hat\u00e1rt. Nem hivalkod\u00f3, fel\u00fclet\u00e9t a n\u00e9gysz\u00f6gletes forma letisztult vonalai keretezik, amely mindig eleg\u00e1ns \u00e9s sosem lesz divatjam\u00falt. A London burkol\u00f3k\u00f6vek vizu\u00e1lis \u00f6sszhangot teremtenek kertj\u00e9ben \u00e9s h\u00e1za k\u00f6rnyezet\u00e9ben. Haszn\u00e1lja b\u00e1tran, haszn\u00e1lja kreat\u00edvan! A kezd\u0151k\u00f6vek haszn\u00e1lat\u00e1val egyszer\u0171en alkothat\u00f3 diagon\u00e1lis lerak\u00e1si minta.<\/p>\n","protected":false},"featured_media":43442,"template":"","meta":[],"product_brand":[],"product_cat":[168,175,180],"product_tag":[10204],"class_list":{"0":"post-43538","1":"product","2":"type-product","3":"status-publish","4":"has-post-thumbnail","6":"product_cat-kertepites-es-terburkolat","7":"product_cat-terkovek","8":"product_cat-kk-kavics-beton-terko-kiegeszito","9":"product_tag-kk-new","11":"first","12":"instock","13":"taxable","14":"shipping-taxable","15":"purchasable","16":"product-type-simple"},"aioseo_notices":[],"_links":{"self":[{"href":"https:\/\/www.bau-styl.hu\/epitoanyag\/wp-json\/wp\/v2\/product\/43538","targetHints":{"allow":["GET"]}}],"collection":[{"href":"https:\/\/www.bau-styl.hu\/epitoanyag\/wp-json\/wp\/v2\/product"}],"about":[{"href":"https:\/\/www.bau-styl.hu\/epitoanyag\/wp-json\/wp\/v2\/types\/product"}],"wp:featuredmedia":[{"embeddable":true,"href":"https:\/\/www.bau-styl.hu\/epitoanyag\/wp-json\/wp\/v2\/media\/43442"}],"wp:attachment":[{"href":"https:\/\/www.bau-styl.hu\/epitoanyag\/wp-json\/wp\/v2\/media?parent=43538"}],"wp:term":[{"taxonomy":"product_brand","embeddable":true,"href":"https:\/\/www.bau-styl.hu\/epitoanyag\/wp-json\/wp\/v2\/product_brand?post=43538"},{"taxonomy":"product_cat","embeddable":true,"href":"https:\/\/www.bau-styl.hu\/epitoanyag\/wp-json\/wp\/v2\/product_cat?post=43538"},{"taxonomy":"product_tag","embeddable":true,"href":"https:\/\/www.bau-styl.hu\/epitoanyag\/wp-json\/wp\/v2\/product_tag?post=43538"}],"curies":[{"name":"wp","href":"https:\/\/api.w.org\/{rel}","templated":true}]}}