{"id":43541,"date":"2025-06-02T15:34:44","date_gmt":"2025-06-02T13:34:44","guid":{"rendered":"https:\/\/www.bau-styl.hu\/epitoanyag\/?post_type=product&#038;p=43541"},"modified":"2026-04-20T12:12:43","modified_gmt":"2026-04-20T10:12:43","slug":"kk-kavics-toledo-vario-kombi-terko-kagylohej-6-cm","status":"publish","type":"product","link":"https:\/\/www.bau-styl.hu\/epitoanyag\/termek\/kk-kavics-toledo-vario-kombi-terko-kagylohej-6-cm\/","title":{"rendered":"KK Kavics Toledo Vario Kombi t\u00e9rk\u0151 kagyl\u00f3h\u00e9j 6 cm"},"content":{"rendered":"<p><strong>Aj\u00e1nlhatunk hozz\u00e1 m\u00e1st is?<\/strong><\/p>\n<p><span style=\"text-decoration: underline;\"><a href=\"https:\/\/www.bau-styl.hu\/epitoanyag\/termek\/lb-knauf-kvarchomok-0-06-mm-40-kg\/\">Cemix Kvarchomok 0-0,6 mm 40 kg<\/a><\/span><br \/>\n<span style=\"text-decoration: underline;\"><a href=\"https:\/\/www.bau-styl.hu\/epitoanyag\/termek\/murva-0-20\/\">Murva 0-20Murva 0-20 \/ tonna<\/a><\/span><br \/>\n<span style=\"text-decoration: underline;\"><a href=\"https:\/\/www.bau-styl.hu\/epitoanyag\/termek\/murva-12-20\/\">Murva 12-20<\/a><\/span><br \/>\n<span style=\"text-decoration: underline;\"><a href=\"https:\/\/www.bau-styl.hu\/epitoanyag\/termek\/homok-0-4\/\">Homok 0-4 \/ tonna<\/a><\/span><\/p>\n","protected":false},"excerpt":{"rendered":"<p>A Toledo lehet\u0151v\u00e9 teszi, hogy a burkol\u00f3k\u00f6vek t\u00f6k\u00e9letes harm\u00f3ni\u00e1t alkossanak az \u0151ket \u00f6lel\u0151 term\u00e9szettel \u00e9s egys\u00e9gbe foglalj\u00e1k kertj\u00e9t a h\u00e1z uralkod\u00f3 sz\u00edneivel. Egyik k\u0151 sem olyan mint a m\u00e1sik, \u00edgy a Toledo k\u00f6vek azokhoz sz\u00f3lnak, akik a megjelen\u00e9s v\u00e1ltozatoss\u00e1g\u00e1t keresik a min\u0151s\u00e9g \u00e1lland\u00f3s\u00e1ga mellett. A v\u00e1ltozatos \u00f6sszhat\u00e1s el\u00e9r\u00e9se \u00e9rdek\u00e9ben felt\u00e9tlen\u00fcl t\u00f6bb raklapb\u00f3l v\u00e1logatva \u00e9rdemes dolgozni. Els\u0151sorban mediterr\u00e1n st\u00edlus\u00fa h\u00e1zakhoz, \u00e9p\u00fcletekhez aj\u00e1nljuk.<\/p>\n","protected":false},"featured_media":43367,"template":"","meta":[],"product_brand":[11287],"product_cat":[168,175],"product_tag":[],"class_list":{"0":"post-43541","1":"product","2":"type-product","3":"status-publish","4":"has-post-thumbnail","6":"product_brand-kk-kavics-beton","7":"product_cat-kertepites-es-terburkolat","8":"product_cat-terkovek","10":"first","11":"instock","12":"taxable","13":"shipping-taxable","14":"purchasable","15":"product-type-simple"},"aioseo_notices":[],"_links":{"self":[{"href":"https:\/\/www.bau-styl.hu\/epitoanyag\/wp-json\/wp\/v2\/product\/43541","targetHints":{"allow":["GET"]}}],"collection":[{"href":"https:\/\/www.bau-styl.hu\/epitoanyag\/wp-json\/wp\/v2\/product"}],"about":[{"href":"https:\/\/www.bau-styl.hu\/epitoanyag\/wp-json\/wp\/v2\/types\/product"}],"wp:featuredmedia":[{"embeddable":true,"href":"https:\/\/www.bau-styl.hu\/epitoanyag\/wp-json\/wp\/v2\/media\/43367"}],"wp:attachment":[{"href":"https:\/\/www.bau-styl.hu\/epitoanyag\/wp-json\/wp\/v2\/media?parent=43541"}],"wp:term":[{"taxonomy":"product_brand","embeddable":true,"href":"https:\/\/www.bau-styl.hu\/epitoanyag\/wp-json\/wp\/v2\/product_brand?post=43541"},{"taxonomy":"product_cat","embeddable":true,"href":"https:\/\/www.bau-styl.hu\/epitoanyag\/wp-json\/wp\/v2\/product_cat?post=43541"},{"taxonomy":"product_tag","embeddable":true,"href":"https:\/\/www.bau-styl.hu\/epitoanyag\/wp-json\/wp\/v2\/product_tag?post=43541"}],"curies":[{"name":"wp","href":"https:\/\/api.w.org\/{rel}","templated":true}]}}