{"id":43549,"date":"2025-06-02T15:34:50","date_gmt":"2025-06-02T13:34:50","guid":{"rendered":"https:\/\/www.bau-styl.hu\/epitoanyag\/?post_type=product&#038;p=43549"},"modified":"2025-06-03T20:47:12","modified_gmt":"2025-06-03T18:47:12","slug":"kk-kavics-stockholm-vario-kombi-terko-andezit-5-cm","status":"publish","type":"product","link":"https:\/\/www.bau-styl.hu\/epitoanyag\/termek\/kk-kavics-stockholm-vario-kombi-terko-andezit-5-cm\/","title":{"rendered":"KK Kavics Stockholm Vario Kombi t\u00e9rk\u0151 andezit 5 cm"},"content":{"rendered":"<p><strong>Aj\u00e1nlhatunk hozz\u00e1 m\u00e1st is?<\/strong><\/p>\n<p><span style=\"text-decoration: underline;\"><a href=\"https:\/\/www.bau-styl.hu\/epitoanyag\/termek\/lb-knauf-kvarchomok-0-06-mm-40-kg\/\">Cemix Kvarchomok 0-0,6 mm 40 kg<\/a><\/span><br \/>\n<span style=\"text-decoration: underline;\"><a href=\"https:\/\/www.bau-styl.hu\/epitoanyag\/termek\/murva-0-20\/\">Murva 0-20Murva 0-20 \/ tonna<\/a><\/span><br \/>\n<span style=\"text-decoration: underline;\"><a href=\"https:\/\/www.bau-styl.hu\/epitoanyag\/termek\/murva-12-20\/\">Murva 12-20<\/a><\/span><br \/>\n<span style=\"text-decoration: underline;\"><a href=\"https:\/\/www.bau-styl.hu\/epitoanyag\/termek\/homok-0-4\/\">Homok 0-4 \/ tonna<\/a><\/span><\/p>\n","protected":false},"excerpt":{"rendered":"<p>A Stockholm Vario klasszikus fel\u00fclet\u0171 t\u00e9rk\u00f6v\u00fck, minim\u00e1lis \u00e9lt\u00f6r\u00e9ssel ell\u00e1tva. A n\u00e9gyf\u00e9le m\u00e9retb\u0151l gy\u00e1rilag el\u0151re \u00f6ssze\u00e1ll\u00edtott kombin\u00e1ci\u00f3 egyszer\u0171v\u00e9 teszi burkolat v\u00e1ltozatos kialak\u00edt\u00e1s\u00e1t. Izgalmas, v\u00e1ltozatos, lend\u00fcletes text\u00far\u00e1ja \u00e9s kellemes sz\u00ednei minden k\u00f6rnyezetben meg\u00e1llj\u00e1k a hely\u00fcket.<\/p>\n","protected":false},"featured_media":43370,"template":"","meta":[],"product_brand":[],"product_cat":[168,175,180],"product_tag":[10204],"class_list":{"0":"post-43549","1":"product","2":"type-product","3":"status-publish","4":"has-post-thumbnail","6":"product_cat-kertepites-es-terburkolat","7":"product_cat-terkovek","8":"product_cat-kk-kavics-beton-terko-kiegeszito","9":"product_tag-kk-new","11":"first","12":"instock","13":"taxable","14":"shipping-taxable","15":"purchasable","16":"product-type-simple"},"aioseo_notices":[],"_links":{"self":[{"href":"https:\/\/www.bau-styl.hu\/epitoanyag\/wp-json\/wp\/v2\/product\/43549","targetHints":{"allow":["GET"]}}],"collection":[{"href":"https:\/\/www.bau-styl.hu\/epitoanyag\/wp-json\/wp\/v2\/product"}],"about":[{"href":"https:\/\/www.bau-styl.hu\/epitoanyag\/wp-json\/wp\/v2\/types\/product"}],"wp:featuredmedia":[{"embeddable":true,"href":"https:\/\/www.bau-styl.hu\/epitoanyag\/wp-json\/wp\/v2\/media\/43370"}],"wp:attachment":[{"href":"https:\/\/www.bau-styl.hu\/epitoanyag\/wp-json\/wp\/v2\/media?parent=43549"}],"wp:term":[{"taxonomy":"product_brand","embeddable":true,"href":"https:\/\/www.bau-styl.hu\/epitoanyag\/wp-json\/wp\/v2\/product_brand?post=43549"},{"taxonomy":"product_cat","embeddable":true,"href":"https:\/\/www.bau-styl.hu\/epitoanyag\/wp-json\/wp\/v2\/product_cat?post=43549"},{"taxonomy":"product_tag","embeddable":true,"href":"https:\/\/www.bau-styl.hu\/epitoanyag\/wp-json\/wp\/v2\/product_tag?post=43549"}],"curies":[{"name":"wp","href":"https:\/\/api.w.org\/{rel}","templated":true}]}}