{"id":43560,"date":"2025-06-02T15:34:54","date_gmt":"2025-06-02T13:34:54","guid":{"rendered":"https:\/\/www.bau-styl.hu\/epitoanyag\/?post_type=product&#038;p=43560"},"modified":"2026-04-20T12:12:29","modified_gmt":"2026-04-20T10:12:29","slug":"kk-kavics-aquincum-blokk-antracit-15x20x40-cm","status":"publish","type":"product","link":"https:\/\/www.bau-styl.hu\/epitoanyag\/termek\/kk-kavics-aquincum-blokk-antracit-15x20x40-cm\/","title":{"rendered":"KK Kavics Aquincum Blokk antracit 15x20x40 cm"},"content":{"rendered":"<p><strong>Aj\u00e1nlhatunk hozz\u00e1 m\u00e1st is?<\/strong><\/p>\n<p><span style=\"text-decoration: underline;\"><a href=\"https:\/\/www.bau-styl.hu\/epitoanyag\/termek\/lb-knauf-kvarchomok-0-06-mm-40-kg\/\">Cemix Kvarchomok 0-0,6 mm 40 kg<\/a><\/span><br \/>\n<span style=\"text-decoration: underline;\"><a href=\"https:\/\/www.bau-styl.hu\/epitoanyag\/termek\/murva-0-20\/\">Murva 0-20Murva 0-20 \/ tonna<\/a><\/span><br \/>\n<span style=\"text-decoration: underline;\"><a href=\"https:\/\/www.bau-styl.hu\/epitoanyag\/termek\/murva-12-20\/\">Murva 12-20<\/a><\/span><br \/>\n<span style=\"text-decoration: underline;\"><a href=\"https:\/\/www.bau-styl.hu\/epitoanyag\/termek\/homok-0-4\/\">Homok 0-4 \/ tonna<\/a><\/span><\/p>\n","protected":false},"excerpt":{"rendered":"<p>Az \u00f3kori \u00e9p\u00edt\u00e9szet st\u00edlusjegyeit mag\u00e1n visel\u0151 Aquincum blokk egy romantikus id\u0151utaz\u00e1sra h\u00edv t\u00e9rben \u00e9s id\u0151ben. Val\u00f3di antik hat\u00e1sa rendk\u00edv\u00fcl tetszet\u0151s hangulatot k\u00f6lcs\u00f6n\u00f6z k\u00f6rnyezet\u00e9nek. A k\u00f6vek minden oldala ugyanolyan fel\u00fclet\u0171 \u00e9s mint\u00e1zat\u00fa, \u00edgy mind az el\u00fcls\u0151, mind a h\u00e1ts\u00f3 oldala haszn\u00e1lhat\u00f3. Ennek k\u00f6sz\u00f6nhet\u0151en a term\u00e9k b\u00e1rmekkora fel\u00fcleten megnyugtat\u00f3 \u00f6sszhangot eredm\u00e9nyez. Az Aquincum blokk a mai kert\u00e9p\u00edt\u00e9s egyik alapelem\u00e9v\u00e9 v\u00e1lt, hiszen elemei lehet\u0151v\u00e9 teszik a n\u00f6v\u00e9nyszigetek kiemel\u00e9s\u00e9t a s\u00edkb\u00f3l. B\u00e1tran haszn\u00e1lhat\u00f3 t\u00f6bbek k\u00f6z\u00f6tt kerti falak, talajt\u00e1mfalak, ker\u00edt\u00e9sek \u00e9s ker\u00edt\u00e9soszlopok, valamint s\u00edk kertek, teraszok, k\u00fcls\u0151 l\u00e9pcs\u0151k \u00e9p\u00edt\u00e9s\u00e9re. \u00c1ll\u00edtva palisz\u00e1dk\u00e9nt, c\u00f6l\u00f6pk\u00e9nt is haszn\u00e1lhat\u00f3.<\/p>\n","protected":false},"featured_media":43396,"template":"","meta":[],"product_brand":[11287],"product_cat":[168,169],"product_tag":[],"class_list":{"0":"post-43560","1":"product","2":"type-product","3":"status-publish","4":"has-post-thumbnail","6":"product_brand-kk-kavics-beton","7":"product_cat-kertepites-es-terburkolat","8":"product_cat-keritesek-falazoelemek-tamfalak","10":"first","11":"instock","12":"taxable","13":"shipping-taxable","14":"purchasable","15":"product-type-simple"},"aioseo_notices":[],"_links":{"self":[{"href":"https:\/\/www.bau-styl.hu\/epitoanyag\/wp-json\/wp\/v2\/product\/43560","targetHints":{"allow":["GET"]}}],"collection":[{"href":"https:\/\/www.bau-styl.hu\/epitoanyag\/wp-json\/wp\/v2\/product"}],"about":[{"href":"https:\/\/www.bau-styl.hu\/epitoanyag\/wp-json\/wp\/v2\/types\/product"}],"wp:featuredmedia":[{"embeddable":true,"href":"https:\/\/www.bau-styl.hu\/epitoanyag\/wp-json\/wp\/v2\/media\/43396"}],"wp:attachment":[{"href":"https:\/\/www.bau-styl.hu\/epitoanyag\/wp-json\/wp\/v2\/media?parent=43560"}],"wp:term":[{"taxonomy":"product_brand","embeddable":true,"href":"https:\/\/www.bau-styl.hu\/epitoanyag\/wp-json\/wp\/v2\/product_brand?post=43560"},{"taxonomy":"product_cat","embeddable":true,"href":"https:\/\/www.bau-styl.hu\/epitoanyag\/wp-json\/wp\/v2\/product_cat?post=43560"},{"taxonomy":"product_tag","embeddable":true,"href":"https:\/\/www.bau-styl.hu\/epitoanyag\/wp-json\/wp\/v2\/product_tag?post=43560"}],"curies":[{"name":"wp","href":"https:\/\/api.w.org\/{rel}","templated":true}]}}