{"id":43564,"date":"2025-06-02T15:34:54","date_gmt":"2025-06-02T13:34:54","guid":{"rendered":"https:\/\/www.bau-styl.hu\/epitoanyag\/?post_type=product&#038;p=43564"},"modified":"2025-06-03T20:47:17","modified_gmt":"2025-06-03T18:47:17","slug":"kk-kavics-lisszabon-tamfal-avar-20x153-231-cm-2","status":"publish","type":"product","link":"https:\/\/www.bau-styl.hu\/epitoanyag\/termek\/kk-kavics-lisszabon-tamfal-avar-20x153-231-cm-2\/","title":{"rendered":"KK Kavics Lisszabon T\u00e1mfal avar 20&#215;15,3\/23,1 cm"},"content":{"rendered":"<p><strong>Aj\u00e1nlhatunk hozz\u00e1 m\u00e1st is?<\/strong><\/p>\n<p><span style=\"text-decoration: underline;\"><a href=\"https:\/\/www.bau-styl.hu\/epitoanyag\/termek\/lb-knauf-kvarchomok-0-06-mm-40-kg\/\">Cemix Kvarchomok 0-0,6 mm 40 kg<\/a><\/span><br \/>\n<span style=\"text-decoration: underline;\"><a href=\"https:\/\/www.bau-styl.hu\/epitoanyag\/termek\/murva-0-20\/\">Murva 0-20Murva 0-20 \/ tonna<\/a><\/span><br \/>\n<span style=\"text-decoration: underline;\"><a href=\"https:\/\/www.bau-styl.hu\/epitoanyag\/termek\/murva-12-20\/\">Murva 12-20<\/a><\/span><br \/>\n<span style=\"text-decoration: underline;\"><a href=\"https:\/\/www.bau-styl.hu\/epitoanyag\/termek\/homok-0-4\/\">Homok 0-4 \/ tonna<\/a><\/span><\/p>\n","protected":false},"excerpt":{"rendered":"<p>Legyen sz\u00f3 szab\u00e1lyos k\u00f6ralakr\u00f3l, l\u00e1gy \u00edvekr\u0151l vagy hat\u00e1rozott egyenesr\u0151l, a Lisszabon t\u00e1mfallal mindegyik k\u00f6nnyen megval\u00f3s\u00edthat\u00f3. A trap\u00e9zforma sz\u00e1mtalan vari\u00e1ci\u00f3t k\u00edn\u00e1l, \u00edgy csak az ig\u00e9nyen \u00e9s a fant\u00e1zi\u00e1n m\u00falik a v\u00e9gs\u0151 kialak\u00edt\u00e1s. Nemcsak form\u00e1j\u00e1ban, de megjelen\u00e9s\u00e9ben is egyedi \u00e9s k\u00fcl\u00f6nleges a Lisszabon t\u00e1mfal: pattint\u00e1ssal kialak\u00edtott fel\u00fclete rusztikus hat\u00e1st kelt.<\/p>\n","protected":false},"featured_media":43355,"template":"","meta":[],"product_brand":[],"product_cat":[168,169],"product_tag":[10204],"class_list":{"0":"post-43564","1":"product","2":"type-product","3":"status-publish","4":"has-post-thumbnail","6":"product_cat-kertepites-es-terburkolat","7":"product_cat-kerites-elemek","8":"product_tag-kk-new","10":"first","11":"instock","12":"taxable","13":"shipping-taxable","14":"purchasable","15":"product-type-simple"},"aioseo_notices":[],"_links":{"self":[{"href":"https:\/\/www.bau-styl.hu\/epitoanyag\/wp-json\/wp\/v2\/product\/43564","targetHints":{"allow":["GET"]}}],"collection":[{"href":"https:\/\/www.bau-styl.hu\/epitoanyag\/wp-json\/wp\/v2\/product"}],"about":[{"href":"https:\/\/www.bau-styl.hu\/epitoanyag\/wp-json\/wp\/v2\/types\/product"}],"wp:featuredmedia":[{"embeddable":true,"href":"https:\/\/www.bau-styl.hu\/epitoanyag\/wp-json\/wp\/v2\/media\/43355"}],"wp:attachment":[{"href":"https:\/\/www.bau-styl.hu\/epitoanyag\/wp-json\/wp\/v2\/media?parent=43564"}],"wp:term":[{"taxonomy":"product_brand","embeddable":true,"href":"https:\/\/www.bau-styl.hu\/epitoanyag\/wp-json\/wp\/v2\/product_brand?post=43564"},{"taxonomy":"product_cat","embeddable":true,"href":"https:\/\/www.bau-styl.hu\/epitoanyag\/wp-json\/wp\/v2\/product_cat?post=43564"},{"taxonomy":"product_tag","embeddable":true,"href":"https:\/\/www.bau-styl.hu\/epitoanyag\/wp-json\/wp\/v2\/product_tag?post=43564"}],"curies":[{"name":"wp","href":"https:\/\/api.w.org\/{rel}","templated":true}]}}