{"id":43565,"date":"2025-06-02T15:34:54","date_gmt":"2025-06-02T13:34:54","guid":{"rendered":"https:\/\/www.bau-styl.hu\/epitoanyag\/?post_type=product&#038;p=43565"},"modified":"2025-06-03T20:47:00","modified_gmt":"2025-06-03T18:47:00","slug":"kk-kavics-lisszabon-bordas-kosar-antracit-45x30x30-cm","status":"publish","type":"product","link":"https:\/\/www.bau-styl.hu\/epitoanyag\/termek\/kk-kavics-lisszabon-bordas-kosar-antracit-45x30x30-cm\/","title":{"rendered":"KK Kavics Lisszabon Bord\u00e1s kos\u00e1r antracit 45x30x30 cm"},"content":{"rendered":"<p><strong>Aj\u00e1nlhatunk hozz\u00e1 m\u00e1st is?<\/strong><\/p>\n<p><span style=\"text-decoration: underline;\"><a href=\"https:\/\/www.bau-styl.hu\/epitoanyag\/termek\/lb-knauf-kvarchomok-0-06-mm-40-kg\/\">Cemix Kvarchomok 0-0,6 mm 40 kg<\/a><\/span><br \/>\n<span style=\"text-decoration: underline;\"><a href=\"https:\/\/www.bau-styl.hu\/epitoanyag\/termek\/murva-0-20\/\">Murva 0-20Murva 0-20 \/ tonna<\/a><\/span><br \/>\n<span style=\"text-decoration: underline;\"><a href=\"https:\/\/www.bau-styl.hu\/epitoanyag\/termek\/murva-12-20\/\">Murva 12-20<\/a><\/span><br \/>\n<span style=\"text-decoration: underline;\"><a href=\"https:\/\/www.bau-styl.hu\/epitoanyag\/termek\/homok-0-4\/\">Homok 0-4 \/ tonna<\/a><\/span><\/p>\n","protected":false},"excerpt":{"rendered":"<p>A Lisszabon Bord\u00e1s kos\u00e1r biztos \u00e9s hat\u00e9kony megold\u00e1st ny\u00fajt az omladoz\u00f3, r\u00f6g\u00f6s ter\u00fcletek megt\u00e1maszt\u00e1s\u00e1ra. A term\u00e9k kialak\u00edt\u00e1sa megengedi, hogy a fal fel\u00e9p\u00edt\u00e9se ut\u00e1n n\u00f6v\u00e9nyek ker\u00fcljenek az elemek \u00fcreges kialak\u00edt\u00e1s\u00e1ba. A z\u00f6ld n\u00f6v\u00e9nyek sz\u00ednpomp\u00e1s, vid\u00e1m k\u00fcls\u0151t k\u00f6lcs\u00f6n\u00f6znek a t\u00e1mfalnak, \u00e9s remek kontrasztot alkotnak a term\u00e9k b\u00e1rmelyik sz\u00edn\u00e9vel. \u00c9s ez m\u00e9g nem minden! A term\u00e9k borospinc\u00e9k kialak\u00edt\u00e1sa sor\u00e1n is kit\u0171n\u0151 v\u00e1laszt\u00e1s, hiszen ak\u00e1r palacktart\u00f3k\u00e9nt, ak\u00e1r t\u00e9relv\u00e1laszt\u00f3k\u00e9nt nagyszer\u0171en meg\u00e1llja a hely\u00e9t.<\/p>\n","protected":false},"featured_media":43408,"template":"","meta":[],"product_brand":[],"product_cat":[168,174],"product_tag":[10204],"class_list":{"0":"post-43565","1":"product","2":"type-product","3":"status-publish","4":"has-post-thumbnail","6":"product_cat-kertepites-es-terburkolat","7":"product_cat-kertszepitok","8":"product_tag-kk-new","10":"first","11":"instock","12":"taxable","13":"shipping-taxable","14":"purchasable","15":"product-type-simple"},"aioseo_notices":[],"_links":{"self":[{"href":"https:\/\/www.bau-styl.hu\/epitoanyag\/wp-json\/wp\/v2\/product\/43565","targetHints":{"allow":["GET"]}}],"collection":[{"href":"https:\/\/www.bau-styl.hu\/epitoanyag\/wp-json\/wp\/v2\/product"}],"about":[{"href":"https:\/\/www.bau-styl.hu\/epitoanyag\/wp-json\/wp\/v2\/types\/product"}],"wp:featuredmedia":[{"embeddable":true,"href":"https:\/\/www.bau-styl.hu\/epitoanyag\/wp-json\/wp\/v2\/media\/43408"}],"wp:attachment":[{"href":"https:\/\/www.bau-styl.hu\/epitoanyag\/wp-json\/wp\/v2\/media?parent=43565"}],"wp:term":[{"taxonomy":"product_brand","embeddable":true,"href":"https:\/\/www.bau-styl.hu\/epitoanyag\/wp-json\/wp\/v2\/product_brand?post=43565"},{"taxonomy":"product_cat","embeddable":true,"href":"https:\/\/www.bau-styl.hu\/epitoanyag\/wp-json\/wp\/v2\/product_cat?post=43565"},{"taxonomy":"product_tag","embeddable":true,"href":"https:\/\/www.bau-styl.hu\/epitoanyag\/wp-json\/wp\/v2\/product_tag?post=43565"}],"curies":[{"name":"wp","href":"https:\/\/api.w.org\/{rel}","templated":true}]}}