{"id":43622,"date":"2025-06-03T16:41:37","date_gmt":"2025-06-03T14:41:37","guid":{"rendered":"https:\/\/www.bau-styl.hu\/epitoanyag\/?post_type=product&#038;p=43622"},"modified":"2025-06-04T06:38:40","modified_gmt":"2025-06-04T04:38:40","slug":"sw-jazminko-terko-antracit-25x5x6-cm","status":"publish","type":"product","link":"https:\/\/www.bau-styl.hu\/epitoanyag\/termek\/sw-jazminko-terko-antracit-25x5x6-cm\/","title":{"rendered":"SW J\u00e1zmink\u0151 t\u00e9rk\u0151 antracit 25x5x6 cm"},"content":{"rendered":"","protected":false},"excerpt":{"rendered":"<p>Az SW t\u00e9rk\u00f6vek katal\u00f3gusa <a href=\"https:\/\/www.bau-styl.hu\/epitoanyag\/wp-content\/uploads\/2026\/01\/sw_terkokatalogus.pdf\" target=\"_blank\" rel=\"noopener\"><span style=\"text-decoration: underline;\">innen<\/span><\/a> let\u00f6lthet\u0151.<br \/>\nAz SW t\u00e9rk\u00f6vek technikai \u00fatmutat\u00f3ja <a href=\"https:\/\/www.bau-styl.hu\/epitoanyag\/wp-content\/uploads\/2024\/12\/swterko_alkalmazastechnikai_utmutato_2024.pdf\" target=\"_blank\" rel=\"noopener\"><span style=\"text-decoration: underline;\">innen<\/span><\/a> let\u00f6lthet\u0151.<br \/>\nAz SW t\u00e9rk\u00f6vek inspir\u00e1ci\u00f3s katal\u00f3gusa <a href=\"https:\/\/www.bau-styl.hu\/epitoanyag\/wp-content\/uploads\/2024\/12\/swterko_inspiracios.pdf\" target=\"_blank\" rel=\"noopener\"><span style=\"text-decoration: underline;\">innen<\/span><\/a> let\u00f6lthet\u0151.<\/p>\n","protected":false},"featured_media":43594,"template":"","meta":[],"product_brand":[],"product_cat":[168],"product_tag":[10256],"class_list":{"0":"post-43622","1":"product","2":"type-product","3":"status-publish","4":"has-post-thumbnail","6":"product_cat-kertepites-es-terburkolat","7":"product_tag-sw-new","9":"first","10":"instock","11":"taxable","12":"shipping-taxable","13":"purchasable","14":"product-type-simple"},"aioseo_notices":[],"_links":{"self":[{"href":"https:\/\/www.bau-styl.hu\/epitoanyag\/wp-json\/wp\/v2\/product\/43622","targetHints":{"allow":["GET"]}}],"collection":[{"href":"https:\/\/www.bau-styl.hu\/epitoanyag\/wp-json\/wp\/v2\/product"}],"about":[{"href":"https:\/\/www.bau-styl.hu\/epitoanyag\/wp-json\/wp\/v2\/types\/product"}],"wp:featuredmedia":[{"embeddable":true,"href":"https:\/\/www.bau-styl.hu\/epitoanyag\/wp-json\/wp\/v2\/media\/43594"}],"wp:attachment":[{"href":"https:\/\/www.bau-styl.hu\/epitoanyag\/wp-json\/wp\/v2\/media?parent=43622"}],"wp:term":[{"taxonomy":"product_brand","embeddable":true,"href":"https:\/\/www.bau-styl.hu\/epitoanyag\/wp-json\/wp\/v2\/product_brand?post=43622"},{"taxonomy":"product_cat","embeddable":true,"href":"https:\/\/www.bau-styl.hu\/epitoanyag\/wp-json\/wp\/v2\/product_cat?post=43622"},{"taxonomy":"product_tag","embeddable":true,"href":"https:\/\/www.bau-styl.hu\/epitoanyag\/wp-json\/wp\/v2\/product_tag?post=43622"}],"curies":[{"name":"wp","href":"https:\/\/api.w.org\/{rel}","templated":true}]}}