{"id":4369,"date":"2023-02-27T15:06:57","date_gmt":"2023-02-27T13:06:57","guid":{"rendered":"https:\/\/www.bau-styl.hu\/epitoanyag\/termek\/tondach-pilis-ivesvagasu-alapcserep-fusion-protect-piros\/"},"modified":"2026-02-11T11:42:40","modified_gmt":"2026-02-11T09:42:40","slug":"tondach-pilis-ivesvagasu-alapcserep-fusion-protect-piros","status":"publish","type":"product","link":"https:\/\/www.bau-styl.hu\/epitoanyag\/termek\/tondach-pilis-ivesvagasu-alapcserep-fusion-protect-piros\/","title":{"rendered":"Tondach Pilis \u00cdvesv\u00e1g\u00e1s\u00fa Alapcser\u00e9p Fusion Protect piros"},"content":{"rendered":"","protected":false},"excerpt":{"rendered":"<p>A PILIS hornyolt \u00edvesv\u00e1g\u00e1s\u00fa ker\u00e1mia tet\u0151cser\u00e9p haszn\u00e1lat\u00e1val a h\u00e1zakon a klasszikus H\u00f3dfark\u00fa hat\u00e1s \u00e9rhet\u0151 el igen gazdas\u00e1gosan. A H\u00f3dfark\u00fa \u00e9s a Hornyolt \u00edvesv\u00e1g\u00e1s\u00fa cserepek ihlett\u00e9k. Az alapcser\u00e9p mell\u00e9 opcion\u00e1lis term\u00e9kek, idomcserepek (szell\u0151z\u0151cser\u00e9p, hornyolt gerinccser\u00e9p, sajtolt gerinccser\u00e9p, hornyolt kezd\u0151 gerinccser\u00e9p, sajtolt kezd\u0151 gerinccser\u00e9p, hornyolt h\u00e1rmas gerinceloszt\u00f3 elem, sajtolt XXL gerinccser\u00e9p, sajtolt h\u00e1rmas gerinceloszt\u00f3 elem, szeg\u00e9lycser\u00e9p) k\u00f6z\u00fcl v\u00e1laszthat, amelyek \u00e1rair\u00f3l az aj\u00e1nlatk\u00e9r\u00e9s lead\u00e1s\u00e1t k\u00f6vet\u0151en munkat\u00e1rsunk emailben t\u00e1j\u00e9koztatja \u00d6nt.<\/p>\n","protected":false},"featured_media":35802,"template":"","meta":[],"product_brand":[],"product_cat":[355,6656,6669],"product_tag":[6602],"class_list":{"0":"post-4369","1":"product","2":"type-product","3":"status-publish","4":"has-post-thumbnail","6":"product_cat-tetofedes","7":"product_cat-keramia-cserep","8":"product_cat-tondach-keramia-alapcserep","9":"product_tag-tondach","11":"first","12":"instock","13":"taxable","14":"shipping-taxable","15":"purchasable","16":"product-type-simple"},"aioseo_notices":[],"_links":{"self":[{"href":"https:\/\/www.bau-styl.hu\/epitoanyag\/wp-json\/wp\/v2\/product\/4369","targetHints":{"allow":["GET"]}}],"collection":[{"href":"https:\/\/www.bau-styl.hu\/epitoanyag\/wp-json\/wp\/v2\/product"}],"about":[{"href":"https:\/\/www.bau-styl.hu\/epitoanyag\/wp-json\/wp\/v2\/types\/product"}],"wp:featuredmedia":[{"embeddable":true,"href":"https:\/\/www.bau-styl.hu\/epitoanyag\/wp-json\/wp\/v2\/media\/35802"}],"wp:attachment":[{"href":"https:\/\/www.bau-styl.hu\/epitoanyag\/wp-json\/wp\/v2\/media?parent=4369"}],"wp:term":[{"taxonomy":"product_brand","embeddable":true,"href":"https:\/\/www.bau-styl.hu\/epitoanyag\/wp-json\/wp\/v2\/product_brand?post=4369"},{"taxonomy":"product_cat","embeddable":true,"href":"https:\/\/www.bau-styl.hu\/epitoanyag\/wp-json\/wp\/v2\/product_cat?post=4369"},{"taxonomy":"product_tag","embeddable":true,"href":"https:\/\/www.bau-styl.hu\/epitoanyag\/wp-json\/wp\/v2\/product_tag?post=4369"}],"curies":[{"name":"wp","href":"https:\/\/api.w.org\/{rel}","templated":true}]}}