{"id":43933,"date":"2025-06-13T13:21:22","date_gmt":"2025-06-13T11:21:22","guid":{"rendered":"https:\/\/www.bau-styl.hu\/epitoanyag\/?post_type=product&#038;p=43933"},"modified":"2026-01-19T21:43:23","modified_gmt":"2026-01-19T19:43:23","slug":"leier-taverna-gigant-kombi-terko-beige-barna-6-cm","status":"publish","type":"product","link":"https:\/\/www.bau-styl.hu\/epitoanyag\/termek\/leier-taverna-gigant-kombi-terko-beige-barna-6-cm\/","title":{"rendered":"Leier Taverna Gigant Kombi t\u00e9rk\u0151 beige-barna 6 cm"},"content":{"rendered":"","protected":false},"excerpt":{"rendered":"<p>A TAVERNA GIGANT t\u00e9rk\u0151 rendk\u00edv\u00fcl stabil fel\u00fclet\u00e9vel \u00e9s sz\u0171k fug\u00e1ival biztos\u00edtja a burkolt fel\u00fclet biztons\u00e1gos haszn\u00e1lat\u00e1t, m\u00e9g kecses t\u0171sark\u00fa cip\u0151kkel is. Nedves \u00e1llapotban is cs\u00fasz\u00e1sbiztos. A k\u0151 kop\u00f3r\u00e9teg\u00e9ben alkalmazott nagy\u00e9rt\u00e9k\u0171 k\u0151\u0151rlem\u00e9nyek \u00e9s a nemes fel\u00fcletek egyedi karaktert k\u00f6lcs\u00f6n\u00f6znek minden burkolatnak. Kiv\u00e1l\u00f3an alkalmazhat\u00f3 kocsifelhajt\u00f3kon, s\u00e9t\u00e1nyokon, k\u00f6ztereken \u00e9s k\u00f6zleked\u0151utakon. A t\u00e9rk\u0151 6 cm vastags\u00e1g\u00fa, m\u00e9rete pedig 16.7&#215;33.3, 33.3&#215;33.3 \u00e9s 50&#215;33.3 cm vegyesen.<\/p>\n","protected":false},"featured_media":43842,"template":"","meta":[],"product_brand":[],"product_cat":[168,175],"product_tag":[10411],"class_list":{"0":"post-43933","1":"product","2":"type-product","3":"status-publish","4":"has-post-thumbnail","6":"product_cat-kertepites-es-terburkolat","7":"product_cat-terkovek","8":"product_tag-taverna","10":"first","11":"instock","12":"taxable","13":"shipping-taxable","14":"purchasable","15":"product-type-simple"},"aioseo_notices":[],"_links":{"self":[{"href":"https:\/\/www.bau-styl.hu\/epitoanyag\/wp-json\/wp\/v2\/product\/43933","targetHints":{"allow":["GET"]}}],"collection":[{"href":"https:\/\/www.bau-styl.hu\/epitoanyag\/wp-json\/wp\/v2\/product"}],"about":[{"href":"https:\/\/www.bau-styl.hu\/epitoanyag\/wp-json\/wp\/v2\/types\/product"}],"wp:featuredmedia":[{"embeddable":true,"href":"https:\/\/www.bau-styl.hu\/epitoanyag\/wp-json\/wp\/v2\/media\/43842"}],"wp:attachment":[{"href":"https:\/\/www.bau-styl.hu\/epitoanyag\/wp-json\/wp\/v2\/media?parent=43933"}],"wp:term":[{"taxonomy":"product_brand","embeddable":true,"href":"https:\/\/www.bau-styl.hu\/epitoanyag\/wp-json\/wp\/v2\/product_brand?post=43933"},{"taxonomy":"product_cat","embeddable":true,"href":"https:\/\/www.bau-styl.hu\/epitoanyag\/wp-json\/wp\/v2\/product_cat?post=43933"},{"taxonomy":"product_tag","embeddable":true,"href":"https:\/\/www.bau-styl.hu\/epitoanyag\/wp-json\/wp\/v2\/product_tag?post=43933"}],"curies":[{"name":"wp","href":"https:\/\/api.w.org\/{rel}","templated":true}]}}