{"id":43943,"date":"2025-06-13T13:21:26","date_gmt":"2025-06-13T11:21:26","guid":{"rendered":"https:\/\/www.bau-styl.hu\/epitoanyag\/?post_type=product&#038;p=43943"},"modified":"2026-01-19T21:43:35","modified_gmt":"2026-01-19T19:43:35","slug":"leier-castrum-kombi-terko-antik-kagylohej-8-cm","status":"publish","type":"product","link":"https:\/\/www.bau-styl.hu\/epitoanyag\/termek\/leier-castrum-kombi-terko-antik-kagylohej-8-cm\/","title":{"rendered":"Leier Castrum Kombi t\u00e9rk\u0151 antik kagyl\u00f3h\u00e9j 8 cm"},"content":{"rendered":"","protected":false},"excerpt":{"rendered":"<p>CASTRUM antik t\u00e9rk\u0151 14 cm sz\u00e9less\u00e9gben \u00e9s 7 k\u00fcl\u00f6nb\u00f6z\u0151 hossz\u00fas\u00e1gban, vegyes csomagol\u00e1sban el\u00e9rhet\u0151. Antik hat\u00e1st k\u00f6lcs\u00f6n\u00f6z k\u00f6rnyezet\u00e9nek. Felhaszn\u00e1lhat\u00f3 teraszokon, kocsifelhajt\u00f3kon, s\u00e9t\u00e1nyokon, csobog\u00f3medrekben \u00e9s kerti j\u00e1rd\u00e1kon.<\/p>\n","protected":false},"featured_media":43904,"template":"","meta":[],"product_brand":[],"product_cat":[168,175],"product_tag":[],"class_list":{"0":"post-43943","1":"product","2":"type-product","3":"status-publish","4":"has-post-thumbnail","6":"product_cat-kertepites-es-terburkolat","7":"product_cat-terkovek","9":"first","10":"instock","11":"taxable","12":"shipping-taxable","13":"purchasable","14":"product-type-simple"},"aioseo_notices":[],"_links":{"self":[{"href":"https:\/\/www.bau-styl.hu\/epitoanyag\/wp-json\/wp\/v2\/product\/43943","targetHints":{"allow":["GET"]}}],"collection":[{"href":"https:\/\/www.bau-styl.hu\/epitoanyag\/wp-json\/wp\/v2\/product"}],"about":[{"href":"https:\/\/www.bau-styl.hu\/epitoanyag\/wp-json\/wp\/v2\/types\/product"}],"wp:featuredmedia":[{"embeddable":true,"href":"https:\/\/www.bau-styl.hu\/epitoanyag\/wp-json\/wp\/v2\/media\/43904"}],"wp:attachment":[{"href":"https:\/\/www.bau-styl.hu\/epitoanyag\/wp-json\/wp\/v2\/media?parent=43943"}],"wp:term":[{"taxonomy":"product_brand","embeddable":true,"href":"https:\/\/www.bau-styl.hu\/epitoanyag\/wp-json\/wp\/v2\/product_brand?post=43943"},{"taxonomy":"product_cat","embeddable":true,"href":"https:\/\/www.bau-styl.hu\/epitoanyag\/wp-json\/wp\/v2\/product_cat?post=43943"},{"taxonomy":"product_tag","embeddable":true,"href":"https:\/\/www.bau-styl.hu\/epitoanyag\/wp-json\/wp\/v2\/product_tag?post=43943"}],"curies":[{"name":"wp","href":"https:\/\/api.w.org\/{rel}","templated":true}]}}