{"id":43952,"date":"2025-06-13T13:21:30","date_gmt":"2025-06-13T11:21:30","guid":{"rendered":"https:\/\/www.bau-styl.hu\/epitoanyag\/?post_type=product&#038;p=43952"},"modified":"2026-01-19T21:43:36","modified_gmt":"2026-01-19T19:43:36","slug":"leier-mercato-terko-feketemarvany-satirozott-30x20-cm-6-cm","status":"publish","type":"product","link":"https:\/\/www.bau-styl.hu\/epitoanyag\/termek\/leier-mercato-terko-feketemarvany-satirozott-30x20-cm-6-cm\/","title":{"rendered":"Leier Mercato t\u00e9rk\u0151 feketem\u00e1rv\u00e1ny sat\u00edrozott 30&#215;20 cm 6 cm"},"content":{"rendered":"","protected":false},"excerpt":{"rendered":"<p>A MERCATO t\u00e9rk\u0151 sat\u00edrozott fel\u00fclete \u00e9s szab\u00e1lytalanul let\u00f6rt \u00e9lei egyedi \u00e9s antik hat\u00e1st k\u00f6lcs\u00f6n\u00f6znek. Felhaszn\u00e1lhat\u00f3 teraszokon, kocsifelhajt\u00f3kon, s\u00e9t\u00e1nyokon, kerti pihen\u0151kben \u00e9s kerti j\u00e1rd\u00e1kon. Vastags\u00e1ga 6 cm.<\/p>\n","protected":false},"featured_media":43803,"template":"","meta":[],"product_brand":[],"product_cat":[168,175],"product_tag":[],"class_list":{"0":"post-43952","1":"product","2":"type-product","3":"status-publish","4":"has-post-thumbnail","6":"product_cat-kertepites-es-terburkolat","7":"product_cat-terkovek","9":"first","10":"instock","11":"taxable","12":"shipping-taxable","13":"purchasable","14":"product-type-simple"},"aioseo_notices":[],"_links":{"self":[{"href":"https:\/\/www.bau-styl.hu\/epitoanyag\/wp-json\/wp\/v2\/product\/43952","targetHints":{"allow":["GET"]}}],"collection":[{"href":"https:\/\/www.bau-styl.hu\/epitoanyag\/wp-json\/wp\/v2\/product"}],"about":[{"href":"https:\/\/www.bau-styl.hu\/epitoanyag\/wp-json\/wp\/v2\/types\/product"}],"wp:featuredmedia":[{"embeddable":true,"href":"https:\/\/www.bau-styl.hu\/epitoanyag\/wp-json\/wp\/v2\/media\/43803"}],"wp:attachment":[{"href":"https:\/\/www.bau-styl.hu\/epitoanyag\/wp-json\/wp\/v2\/media?parent=43952"}],"wp:term":[{"taxonomy":"product_brand","embeddable":true,"href":"https:\/\/www.bau-styl.hu\/epitoanyag\/wp-json\/wp\/v2\/product_brand?post=43952"},{"taxonomy":"product_cat","embeddable":true,"href":"https:\/\/www.bau-styl.hu\/epitoanyag\/wp-json\/wp\/v2\/product_cat?post=43952"},{"taxonomy":"product_tag","embeddable":true,"href":"https:\/\/www.bau-styl.hu\/epitoanyag\/wp-json\/wp\/v2\/product_tag?post=43952"}],"curies":[{"name":"wp","href":"https:\/\/api.w.org\/{rel}","templated":true}]}}