{"id":43955,"date":"2025-06-13T13:21:30","date_gmt":"2025-06-13T11:21:30","guid":{"rendered":"https:\/\/www.bau-styl.hu\/epitoanyag\/?post_type=product&#038;p=43955"},"modified":"2026-01-19T21:43:32","modified_gmt":"2026-01-19T19:43:32","slug":"leier-taverna-kombi-terko-sepia-6-cm","status":"publish","type":"product","link":"https:\/\/www.bau-styl.hu\/epitoanyag\/termek\/leier-taverna-kombi-terko-sepia-6-cm\/","title":{"rendered":"Leier Taverna Kombi t\u00e9rk\u0151 sepia 6 cm"},"content":{"rendered":"","protected":false},"excerpt":{"rendered":"<p>A TAVERNA t\u00e9rk\u0151 stabil fel\u00fclete \u00e9s sz\u0171k fug\u00e1i biztons\u00e1gos haszn\u00e1latot tesznek lehet\u0151v\u00e9, ak\u00e1r t\u0171sark\u00fa cip\u0151vel is. Nedves \u00e1llapotban is cs\u00fasz\u00e1sbiztos. Felhaszn\u00e1lhat\u00f3 teraszokon, lak\u00f3utc\u00e1k j\u00e1rd\u00e1in, kocsifelhajt\u00f3kon, csobog\u00f3medrekben, kerti pihen\u0151kben, parkol\u00f3kban, udvarokban \u00e9s kerti j\u00e1rd\u00e1kon. Vastags\u00e1ga 6 cm, m\u00e9retei pedig 10&#215;20, 20&#215;20 \u00e9s 20&#215;30 vegyesen.<\/p>\n","protected":false},"featured_media":43825,"template":"","meta":[],"product_brand":[],"product_cat":[168,175],"product_tag":[10411],"class_list":{"0":"post-43955","1":"product","2":"type-product","3":"status-publish","4":"has-post-thumbnail","6":"product_cat-kertepites-es-terburkolat","7":"product_cat-terkovek","8":"product_tag-taverna","10":"first","11":"instock","12":"taxable","13":"shipping-taxable","14":"purchasable","15":"product-type-simple"},"aioseo_notices":[],"_links":{"self":[{"href":"https:\/\/www.bau-styl.hu\/epitoanyag\/wp-json\/wp\/v2\/product\/43955","targetHints":{"allow":["GET"]}}],"collection":[{"href":"https:\/\/www.bau-styl.hu\/epitoanyag\/wp-json\/wp\/v2\/product"}],"about":[{"href":"https:\/\/www.bau-styl.hu\/epitoanyag\/wp-json\/wp\/v2\/types\/product"}],"wp:featuredmedia":[{"embeddable":true,"href":"https:\/\/www.bau-styl.hu\/epitoanyag\/wp-json\/wp\/v2\/media\/43825"}],"wp:attachment":[{"href":"https:\/\/www.bau-styl.hu\/epitoanyag\/wp-json\/wp\/v2\/media?parent=43955"}],"wp:term":[{"taxonomy":"product_brand","embeddable":true,"href":"https:\/\/www.bau-styl.hu\/epitoanyag\/wp-json\/wp\/v2\/product_brand?post=43955"},{"taxonomy":"product_cat","embeddable":true,"href":"https:\/\/www.bau-styl.hu\/epitoanyag\/wp-json\/wp\/v2\/product_cat?post=43955"},{"taxonomy":"product_tag","embeddable":true,"href":"https:\/\/www.bau-styl.hu\/epitoanyag\/wp-json\/wp\/v2\/product_tag?post=43955"}],"curies":[{"name":"wp","href":"https:\/\/api.w.org\/{rel}","templated":true}]}}