{"id":43960,"date":"2025-06-13T13:21:33","date_gmt":"2025-06-13T11:21:33","guid":{"rendered":"https:\/\/www.bau-styl.hu\/epitoanyag\/?post_type=product&#038;p=43960"},"modified":"2026-04-20T12:12:57","modified_gmt":"2026-04-20T10:12:57","slug":"leier-gaia-brillant-burkolo-lap-zafirfekete-60x40x38-cm","status":"publish","type":"product","link":"https:\/\/www.bau-styl.hu\/epitoanyag\/termek\/leier-gaia-brillant-burkolo-lap-zafirfekete-60x40x38-cm\/","title":{"rendered":"Leier Gaia Brillant Burkol\u00f3 lap, zaf\u00edrfekete 60x40x3,8 cm"},"content":{"rendered":"","protected":false},"excerpt":{"rendered":"<p>A GAIA burkol\u00f3lap eleg\u00e1ns \u00e9s sokoldal\u00fa felhaszn\u00e1l\u00e1si lehet\u0151s\u00e9get k\u00edn\u00e1l. Ide\u00e1lis teraszokhoz, l\u00e9pcs\u0151kh\u00f6z, gyalogbej\u00e1r\u00f3khoz, kerti utakhoz, medenceszeg\u00e9lyekhez \u00e9s falazatok fed\u00e9s\u00e9hez. A GAIA burkolatok klasszikus eleganci\u00e1val emelik ki m\u00e9g a legkisebb fel\u00fcleteket is. Vastags\u00e1ga 3,8 cm, m\u00e9rete pedig 60 x 40 cm.<\/p>\n","protected":false},"featured_media":43859,"template":"","meta":[],"product_brand":[11288],"product_cat":[168,5044],"product_tag":[],"class_list":{"0":"post-43960","1":"product","2":"type-product","3":"status-publish","4":"has-post-thumbnail","6":"product_brand-leier","7":"product_cat-kertepites-es-terburkolat","8":"product_cat-kerti-lapok","10":"first","11":"instock","12":"taxable","13":"shipping-taxable","14":"purchasable","15":"product-type-simple"},"aioseo_notices":[],"_links":{"self":[{"href":"https:\/\/www.bau-styl.hu\/epitoanyag\/wp-json\/wp\/v2\/product\/43960","targetHints":{"allow":["GET"]}}],"collection":[{"href":"https:\/\/www.bau-styl.hu\/epitoanyag\/wp-json\/wp\/v2\/product"}],"about":[{"href":"https:\/\/www.bau-styl.hu\/epitoanyag\/wp-json\/wp\/v2\/types\/product"}],"wp:featuredmedia":[{"embeddable":true,"href":"https:\/\/www.bau-styl.hu\/epitoanyag\/wp-json\/wp\/v2\/media\/43859"}],"wp:attachment":[{"href":"https:\/\/www.bau-styl.hu\/epitoanyag\/wp-json\/wp\/v2\/media?parent=43960"}],"wp:term":[{"taxonomy":"product_brand","embeddable":true,"href":"https:\/\/www.bau-styl.hu\/epitoanyag\/wp-json\/wp\/v2\/product_brand?post=43960"},{"taxonomy":"product_cat","embeddable":true,"href":"https:\/\/www.bau-styl.hu\/epitoanyag\/wp-json\/wp\/v2\/product_cat?post=43960"},{"taxonomy":"product_tag","embeddable":true,"href":"https:\/\/www.bau-styl.hu\/epitoanyag\/wp-json\/wp\/v2\/product_tag?post=43960"}],"curies":[{"name":"wp","href":"https:\/\/api.w.org\/{rel}","templated":true}]}}