{"id":43962,"date":"2025-06-13T13:21:34","date_gmt":"2025-06-13T11:21:34","guid":{"rendered":"https:\/\/www.bau-styl.hu\/epitoanyag\/?post_type=product&#038;p=43962"},"modified":"2026-04-20T12:12:57","modified_gmt":"2026-04-20T10:12:57","slug":"leier-euroline-finommosott-lap-praga-40x40x38-cm","status":"publish","type":"product","link":"https:\/\/www.bau-styl.hu\/epitoanyag\/termek\/leier-euroline-finommosott-lap-praga-40x40x38-cm\/","title":{"rendered":"Leier Euroline Finommosott lap Pr\u00e1ga 40x40x3,8 cm"},"content":{"rendered":"","protected":false},"excerpt":{"rendered":"<p>Az Appeninek, Pireneusok, Ardennek, Alpok sz\u00ednvil\u00e1ga fest\u00e9kanyag hozz\u00e1ad\u00e1sa n\u00e9lk\u00fcl, term\u00e9szetes eredetis\u00e9g\u00e9vel mutatkozik meg a lapokon. Az Euroline lapcsal\u00e1d Eur\u00f3pa hegys\u00e9geinek legnemesebb k\u0151zeteit jelen\u00edti meg.<\/p>\n","protected":false},"featured_media":43887,"template":"","meta":[],"product_brand":[11288],"product_cat":[168,5044],"product_tag":[],"class_list":{"0":"post-43962","1":"product","2":"type-product","3":"status-publish","4":"has-post-thumbnail","6":"product_brand-leier","7":"product_cat-kertepites-es-terburkolat","8":"product_cat-kerti-lapok","10":"first","11":"instock","12":"taxable","13":"shipping-taxable","14":"purchasable","15":"product-type-simple"},"aioseo_notices":[],"_links":{"self":[{"href":"https:\/\/www.bau-styl.hu\/epitoanyag\/wp-json\/wp\/v2\/product\/43962","targetHints":{"allow":["GET"]}}],"collection":[{"href":"https:\/\/www.bau-styl.hu\/epitoanyag\/wp-json\/wp\/v2\/product"}],"about":[{"href":"https:\/\/www.bau-styl.hu\/epitoanyag\/wp-json\/wp\/v2\/types\/product"}],"wp:featuredmedia":[{"embeddable":true,"href":"https:\/\/www.bau-styl.hu\/epitoanyag\/wp-json\/wp\/v2\/media\/43887"}],"wp:attachment":[{"href":"https:\/\/www.bau-styl.hu\/epitoanyag\/wp-json\/wp\/v2\/media?parent=43962"}],"wp:term":[{"taxonomy":"product_brand","embeddable":true,"href":"https:\/\/www.bau-styl.hu\/epitoanyag\/wp-json\/wp\/v2\/product_brand?post=43962"},{"taxonomy":"product_cat","embeddable":true,"href":"https:\/\/www.bau-styl.hu\/epitoanyag\/wp-json\/wp\/v2\/product_cat?post=43962"},{"taxonomy":"product_tag","embeddable":true,"href":"https:\/\/www.bau-styl.hu\/epitoanyag\/wp-json\/wp\/v2\/product_tag?post=43962"}],"curies":[{"name":"wp","href":"https:\/\/api.w.org\/{rel}","templated":true}]}}