{"id":43966,"date":"2025-06-13T13:21:34","date_gmt":"2025-06-13T11:21:34","guid":{"rendered":"https:\/\/www.bau-styl.hu\/epitoanyag\/?post_type=product&#038;p=43966"},"modified":"2026-01-19T21:43:33","modified_gmt":"2026-01-19T19:43:33","slug":"leier-facelift-finommosott-burkolo-lap-bronz-60x40x38-cm","status":"publish","type":"product","link":"https:\/\/www.bau-styl.hu\/epitoanyag\/termek\/leier-facelift-finommosott-burkolo-lap-bronz-60x40x38-cm\/","title":{"rendered":"Leier Facelift Finommosott burkol\u00f3 lap, bronz 60x40x3,8 cm"},"content":{"rendered":"","protected":false},"excerpt":{"rendered":"<p>Tetszet\u0151s, m\u00e9lys\u00e9gi k\u0151zetekb\u0151l \u00e1ll\u00f3 kop\u00f3r\u00e9teggel ell\u00e1tott burkol\u00f3lap. Tetsz\u0151legesen kombin\u00e1lhat\u00f3 Classic-Line, illetve Euroline burkol\u00f3lapokkal. Teraszok, j\u00e1rd\u00e1k ide\u00e1lis burkol\u00f3anyaga.<\/p>\n","protected":false},"featured_media":43913,"template":"","meta":[],"product_brand":[],"product_cat":[168,5044],"product_tag":[],"class_list":{"0":"post-43966","1":"product","2":"type-product","3":"status-publish","4":"has-post-thumbnail","6":"product_cat-kertepites-es-terburkolat","7":"product_cat-kerti-lapok","9":"first","10":"instock","11":"taxable","12":"shipping-taxable","13":"purchasable","14":"product-type-simple"},"aioseo_notices":[],"_links":{"self":[{"href":"https:\/\/www.bau-styl.hu\/epitoanyag\/wp-json\/wp\/v2\/product\/43966","targetHints":{"allow":["GET"]}}],"collection":[{"href":"https:\/\/www.bau-styl.hu\/epitoanyag\/wp-json\/wp\/v2\/product"}],"about":[{"href":"https:\/\/www.bau-styl.hu\/epitoanyag\/wp-json\/wp\/v2\/types\/product"}],"wp:featuredmedia":[{"embeddable":true,"href":"https:\/\/www.bau-styl.hu\/epitoanyag\/wp-json\/wp\/v2\/media\/43913"}],"wp:attachment":[{"href":"https:\/\/www.bau-styl.hu\/epitoanyag\/wp-json\/wp\/v2\/media?parent=43966"}],"wp:term":[{"taxonomy":"product_brand","embeddable":true,"href":"https:\/\/www.bau-styl.hu\/epitoanyag\/wp-json\/wp\/v2\/product_brand?post=43966"},{"taxonomy":"product_cat","embeddable":true,"href":"https:\/\/www.bau-styl.hu\/epitoanyag\/wp-json\/wp\/v2\/product_cat?post=43966"},{"taxonomy":"product_tag","embeddable":true,"href":"https:\/\/www.bau-styl.hu\/epitoanyag\/wp-json\/wp\/v2\/product_tag?post=43966"}],"curies":[{"name":"wp","href":"https:\/\/api.w.org\/{rel}","templated":true}]}}