{"id":43973,"date":"2025-06-13T13:21:38","date_gmt":"2025-06-13T11:21:38","guid":{"rendered":"https:\/\/www.bau-styl.hu\/epitoanyag\/?post_type=product&#038;p=43973"},"modified":"2026-01-19T21:43:29","modified_gmt":"2026-01-19T19:43:29","slug":"leier-architektura-keritesko-sarokelem-feketemarvany-40x20x20-cm","status":"publish","type":"product","link":"https:\/\/www.bau-styl.hu\/epitoanyag\/termek\/leier-architektura-keritesko-sarokelem-feketemarvany-40x20x20-cm\/","title":{"rendered":"Leier Architekt\u00fara Ker\u00edt\u00e9sk\u0151 sarokelem feketem\u00e1rv\u00e1ny 40x20x20 cm"},"content":{"rendered":"","protected":false},"excerpt":{"rendered":"<p>Az ARCHITEKTURA ker\u00edt\u00e9sk\u0151 egy h\u00e1z takaros kerete \u00e9s n\u00e9vjegyk\u00e1rty\u00e1ja. A has\u00edtott fel\u00fclet \u00e9s azzal \u00f6sszhangban \u00e1ll\u00f3 sz\u00ednv\u00e1laszt\u00e9k biztos\u00edtja a h\u00e1z \u00e9s ker\u00edt\u00e9s k\u00f6z\u00f6tti harmonikus \u00f6sszhat\u00e1st.<\/p>\n","protected":false},"featured_media":43897,"template":"","meta":[],"product_brand":[],"product_cat":[168,169],"product_tag":[],"class_list":{"0":"post-43973","1":"product","2":"type-product","3":"status-publish","4":"has-post-thumbnail","6":"product_cat-kertepites-es-terburkolat","7":"product_cat-kerites-elemek","9":"first","10":"instock","11":"taxable","12":"shipping-taxable","13":"purchasable","14":"product-type-simple"},"aioseo_notices":[],"_links":{"self":[{"href":"https:\/\/www.bau-styl.hu\/epitoanyag\/wp-json\/wp\/v2\/product\/43973","targetHints":{"allow":["GET"]}}],"collection":[{"href":"https:\/\/www.bau-styl.hu\/epitoanyag\/wp-json\/wp\/v2\/product"}],"about":[{"href":"https:\/\/www.bau-styl.hu\/epitoanyag\/wp-json\/wp\/v2\/types\/product"}],"wp:featuredmedia":[{"embeddable":true,"href":"https:\/\/www.bau-styl.hu\/epitoanyag\/wp-json\/wp\/v2\/media\/43897"}],"wp:attachment":[{"href":"https:\/\/www.bau-styl.hu\/epitoanyag\/wp-json\/wp\/v2\/media?parent=43973"}],"wp:term":[{"taxonomy":"product_brand","embeddable":true,"href":"https:\/\/www.bau-styl.hu\/epitoanyag\/wp-json\/wp\/v2\/product_brand?post=43973"},{"taxonomy":"product_cat","embeddable":true,"href":"https:\/\/www.bau-styl.hu\/epitoanyag\/wp-json\/wp\/v2\/product_cat?post=43973"},{"taxonomy":"product_tag","embeddable":true,"href":"https:\/\/www.bau-styl.hu\/epitoanyag\/wp-json\/wp\/v2\/product_tag?post=43973"}],"curies":[{"name":"wp","href":"https:\/\/api.w.org\/{rel}","templated":true}]}}