{"id":43978,"date":"2025-06-13T13:21:43","date_gmt":"2025-06-13T11:21:43","guid":{"rendered":"https:\/\/www.bau-styl.hu\/epitoanyag\/?post_type=product&#038;p=43978"},"modified":"2026-04-20T12:12:53","modified_gmt":"2026-04-20T10:12:53","slug":"leier-architektura-keritesko-normalko-kagylohej-40x20x20-cm","status":"publish","type":"product","link":"https:\/\/www.bau-styl.hu\/epitoanyag\/termek\/leier-architektura-keritesko-normalko-kagylohej-40x20x20-cm\/","title":{"rendered":"Leier Architekt\u00fara Ker\u00edt\u00e9sk\u0151 norm\u00e1lk\u0151 kagyl\u00f3h\u00e9j 40x20x20 cm"},"content":{"rendered":"","protected":false},"excerpt":{"rendered":"<p>Az ARCHITEKTURA ker\u00edt\u00e9sk\u0151 egy h\u00e1z takaros kerete \u00e9s n\u00e9vjegyk\u00e1rty\u00e1ja. A has\u00edtott fel\u00fclet \u00e9s azzal \u00f6sszhangban \u00e1ll\u00f3 sz\u00ednv\u00e1laszt\u00e9k biztos\u00edtja a h\u00e1z \u00e9s ker\u00edt\u00e9s k\u00f6z\u00f6tti harmonikus \u00f6sszhat\u00e1st.<\/p>\n","protected":false},"featured_media":43830,"template":"","meta":[],"product_brand":[11288],"product_cat":[168,169],"product_tag":[],"class_list":{"0":"post-43978","1":"product","2":"type-product","3":"status-publish","4":"has-post-thumbnail","6":"product_brand-leier","7":"product_cat-kertepites-es-terburkolat","8":"product_cat-keritesek-falazoelemek-tamfalak","10":"first","11":"instock","12":"taxable","13":"shipping-taxable","14":"purchasable","15":"product-type-simple"},"aioseo_notices":[],"_links":{"self":[{"href":"https:\/\/www.bau-styl.hu\/epitoanyag\/wp-json\/wp\/v2\/product\/43978","targetHints":{"allow":["GET"]}}],"collection":[{"href":"https:\/\/www.bau-styl.hu\/epitoanyag\/wp-json\/wp\/v2\/product"}],"about":[{"href":"https:\/\/www.bau-styl.hu\/epitoanyag\/wp-json\/wp\/v2\/types\/product"}],"wp:featuredmedia":[{"embeddable":true,"href":"https:\/\/www.bau-styl.hu\/epitoanyag\/wp-json\/wp\/v2\/media\/43830"}],"wp:attachment":[{"href":"https:\/\/www.bau-styl.hu\/epitoanyag\/wp-json\/wp\/v2\/media?parent=43978"}],"wp:term":[{"taxonomy":"product_brand","embeddable":true,"href":"https:\/\/www.bau-styl.hu\/epitoanyag\/wp-json\/wp\/v2\/product_brand?post=43978"},{"taxonomy":"product_cat","embeddable":true,"href":"https:\/\/www.bau-styl.hu\/epitoanyag\/wp-json\/wp\/v2\/product_cat?post=43978"},{"taxonomy":"product_tag","embeddable":true,"href":"https:\/\/www.bau-styl.hu\/epitoanyag\/wp-json\/wp\/v2\/product_tag?post=43978"}],"curies":[{"name":"wp","href":"https:\/\/api.w.org\/{rel}","templated":true}]}}