{"id":44002,"date":"2025-06-13T13:21:50","date_gmt":"2025-06-13T11:21:50","guid":{"rendered":"https:\/\/www.bau-styl.hu\/epitoanyag\/?post_type=product&#038;p=44002"},"modified":"2026-01-19T21:43:26","modified_gmt":"2026-01-19T19:43:26","slug":"leier-architektura-szarazfalazo-fustantracit-36x12x6-cm","status":"publish","type":"product","link":"https:\/\/www.bau-styl.hu\/epitoanyag\/termek\/leier-architektura-szarazfalazo-fustantracit-36x12x6-cm\/","title":{"rendered":"Leier Architekt\u00fara Sz\u00e1razfalaz\u00f3 f\u00fcstantracit 36x12x6 cm"},"content":{"rendered":"","protected":false},"excerpt":{"rendered":"<p>A sz\u00e1razfalaz\u00f3 has\u00edtott nyers fel\u00fcletei kiemelik k\u00f6rnyezet\u00fck term\u00e9szetess\u00e9g\u00e9t. wieNatur\u00ae \u2013 a speci\u00e1lis elj\u00e1r\u00e1ssal el\u0151\u00e1ll\u00edtott falazatban egyik k\u0151 sem hasonl\u00edt a m\u00e1sikra, \u00e9s a val\u00f3di term\u00e9szetes k\u0151 megjelen\u00e9s\u00e9t \u00e9s \u00e9rzet\u00e9t adja vissza.<\/p>\n","protected":false},"featured_media":43899,"template":"","meta":[],"product_brand":[],"product_cat":[168,169],"product_tag":[6599,10408],"class_list":{"0":"post-44002","1":"product","2":"type-product","3":"status-publish","4":"has-post-thumbnail","6":"product_cat-kertepites-es-terburkolat","7":"product_cat-kerites-elemek","8":"product_tag-leier","9":"product_tag-leiernew","11":"first","12":"instock","13":"taxable","14":"shipping-taxable","15":"purchasable","16":"product-type-simple"},"aioseo_notices":[],"_links":{"self":[{"href":"https:\/\/www.bau-styl.hu\/epitoanyag\/wp-json\/wp\/v2\/product\/44002","targetHints":{"allow":["GET"]}}],"collection":[{"href":"https:\/\/www.bau-styl.hu\/epitoanyag\/wp-json\/wp\/v2\/product"}],"about":[{"href":"https:\/\/www.bau-styl.hu\/epitoanyag\/wp-json\/wp\/v2\/types\/product"}],"wp:featuredmedia":[{"embeddable":true,"href":"https:\/\/www.bau-styl.hu\/epitoanyag\/wp-json\/wp\/v2\/media\/43899"}],"wp:attachment":[{"href":"https:\/\/www.bau-styl.hu\/epitoanyag\/wp-json\/wp\/v2\/media?parent=44002"}],"wp:term":[{"taxonomy":"product_brand","embeddable":true,"href":"https:\/\/www.bau-styl.hu\/epitoanyag\/wp-json\/wp\/v2\/product_brand?post=44002"},{"taxonomy":"product_cat","embeddable":true,"href":"https:\/\/www.bau-styl.hu\/epitoanyag\/wp-json\/wp\/v2\/product_cat?post=44002"},{"taxonomy":"product_tag","embeddable":true,"href":"https:\/\/www.bau-styl.hu\/epitoanyag\/wp-json\/wp\/v2\/product_tag?post=44002"}],"curies":[{"name":"wp","href":"https:\/\/api.w.org\/{rel}","templated":true}]}}