{"id":44008,"date":"2025-06-13T13:21:54","date_gmt":"2025-06-13T11:21:54","guid":{"rendered":"https:\/\/www.bau-styl.hu\/epitoanyag\/?post_type=product&#038;p=44008"},"modified":"2026-01-19T21:43:06","modified_gmt":"2026-01-19T19:43:06","slug":"leier-kaiserstein-rezsuko-szurke-25x31x125-cm","status":"publish","type":"product","link":"https:\/\/www.bau-styl.hu\/epitoanyag\/termek\/leier-kaiserstein-rezsuko-szurke-25x31x125-cm\/","title":{"rendered":"Leier Kaiserstein R\u00e9zs\u0171k\u0151 sz\u00fcrke 25x31x12,5 cm"},"content":{"rendered":"","protected":false},"excerpt":{"rendered":"<p>Ez a nat\u00far fel\u00fclet\u0171 r\u00e9zs\u0171k\u0151 term\u00e9szetesen illeszkedik a n\u00f6v\u00e9nyzet \u00e1ltal z\u00f6ldd\u00e9 var\u00e1zsolt falakba, egy\u00fattal garant\u00e1lja a n\u00f6v\u00e9nnyel fedett nagy fel\u00fcleti ar\u00e1nyt. A ny\u00edlt humuszos fel\u00fcletek lehet\u0151v\u00e9 teszik a be\u00fcltetett n\u00f6v\u00e9nyek optim\u00e1lis gy\u00f6kereztet\u00e9s\u00e9t.<\/p>\n","protected":false},"featured_media":43891,"template":"","meta":[],"product_brand":[],"product_cat":[168,174],"product_tag":[6599,10408],"class_list":{"0":"post-44008","1":"product","2":"type-product","3":"status-publish","4":"has-post-thumbnail","6":"product_cat-kertepites-es-terburkolat","7":"product_cat-kertszepitok","8":"product_tag-leier","9":"product_tag-leiernew","11":"first","12":"instock","13":"taxable","14":"shipping-taxable","15":"purchasable","16":"product-type-simple"},"aioseo_notices":[],"_links":{"self":[{"href":"https:\/\/www.bau-styl.hu\/epitoanyag\/wp-json\/wp\/v2\/product\/44008","targetHints":{"allow":["GET"]}}],"collection":[{"href":"https:\/\/www.bau-styl.hu\/epitoanyag\/wp-json\/wp\/v2\/product"}],"about":[{"href":"https:\/\/www.bau-styl.hu\/epitoanyag\/wp-json\/wp\/v2\/types\/product"}],"wp:featuredmedia":[{"embeddable":true,"href":"https:\/\/www.bau-styl.hu\/epitoanyag\/wp-json\/wp\/v2\/media\/43891"}],"wp:attachment":[{"href":"https:\/\/www.bau-styl.hu\/epitoanyag\/wp-json\/wp\/v2\/media?parent=44008"}],"wp:term":[{"taxonomy":"product_brand","embeddable":true,"href":"https:\/\/www.bau-styl.hu\/epitoanyag\/wp-json\/wp\/v2\/product_brand?post=44008"},{"taxonomy":"product_cat","embeddable":true,"href":"https:\/\/www.bau-styl.hu\/epitoanyag\/wp-json\/wp\/v2\/product_cat?post=44008"},{"taxonomy":"product_tag","embeddable":true,"href":"https:\/\/www.bau-styl.hu\/epitoanyag\/wp-json\/wp\/v2\/product_tag?post=44008"}],"curies":[{"name":"wp","href":"https:\/\/api.w.org\/{rel}","templated":true}]}}