{"id":44010,"date":"2025-06-13T13:21:54","date_gmt":"2025-06-13T11:21:54","guid":{"rendered":"https:\/\/www.bau-styl.hu\/epitoanyag\/?post_type=product&#038;p=44010"},"modified":"2026-04-20T12:13:00","modified_gmt":"2026-04-20T10:13:00","slug":"leier-kerti-szegelyko-szurke-100x25x5-cm","status":"publish","type":"product","link":"https:\/\/www.bau-styl.hu\/epitoanyag\/termek\/leier-kerti-szegelyko-szurke-100x25x5-cm\/","title":{"rendered":"Leier Kerti Szeg\u00e9lyk\u0151 sz\u00fcrke 100x25x5 cm"},"content":{"rendered":"","protected":false},"excerpt":{"rendered":"<p>Kop\u00f3r\u00e9teges \u00fatszeg\u00e9lyk\u0151 az ipari jelleg\u0171 \u00e9s nagy ig\u00e9nybev\u00e9tel\u0171 fel\u00fcletek hat\u00e1rol\u00e1s\u00e1ra, megt\u00e1maszt\u00e1s\u00e1ra.<\/p>\n","protected":false},"featured_media":43849,"template":"","meta":[],"product_brand":[11288],"product_cat":[168,171],"product_tag":[],"class_list":{"0":"post-44010","1":"product","2":"type-product","3":"status-publish","4":"has-post-thumbnail","6":"product_brand-leier","7":"product_cat-kertepites-es-terburkolat","8":"product_cat-szegelykovek","10":"first","11":"instock","12":"taxable","13":"shipping-taxable","14":"purchasable","15":"product-type-simple"},"aioseo_notices":[],"_links":{"self":[{"href":"https:\/\/www.bau-styl.hu\/epitoanyag\/wp-json\/wp\/v2\/product\/44010","targetHints":{"allow":["GET"]}}],"collection":[{"href":"https:\/\/www.bau-styl.hu\/epitoanyag\/wp-json\/wp\/v2\/product"}],"about":[{"href":"https:\/\/www.bau-styl.hu\/epitoanyag\/wp-json\/wp\/v2\/types\/product"}],"wp:featuredmedia":[{"embeddable":true,"href":"https:\/\/www.bau-styl.hu\/epitoanyag\/wp-json\/wp\/v2\/media\/43849"}],"wp:attachment":[{"href":"https:\/\/www.bau-styl.hu\/epitoanyag\/wp-json\/wp\/v2\/media?parent=44010"}],"wp:term":[{"taxonomy":"product_brand","embeddable":true,"href":"https:\/\/www.bau-styl.hu\/epitoanyag\/wp-json\/wp\/v2\/product_brand?post=44010"},{"taxonomy":"product_cat","embeddable":true,"href":"https:\/\/www.bau-styl.hu\/epitoanyag\/wp-json\/wp\/v2\/product_cat?post=44010"},{"taxonomy":"product_tag","embeddable":true,"href":"https:\/\/www.bau-styl.hu\/epitoanyag\/wp-json\/wp\/v2\/product_tag?post=44010"}],"curies":[{"name":"wp","href":"https:\/\/api.w.org\/{rel}","templated":true}]}}