{"id":44013,"date":"2025-06-13T13:21:54","date_gmt":"2025-06-13T11:21:54","guid":{"rendered":"https:\/\/www.bau-styl.hu\/epitoanyag\/?post_type=product&#038;p=44013"},"modified":"2026-01-19T21:43:25","modified_gmt":"2026-01-19T19:43:25","slug":"leier-sorszegelyko-antracit-50x6x30-cm","status":"publish","type":"product","link":"https:\/\/www.bau-styl.hu\/epitoanyag\/termek\/leier-sorszegelyko-antracit-50x6x30-cm\/","title":{"rendered":"Leier Sorszeg\u00e9lyk\u0151 antracit 50x6x30 cm"},"content":{"rendered":"","protected":false},"excerpt":{"rendered":"<p>Sorszeg\u00e9lyk\u0151 kerti utak, j\u00e1rd\u00e1k, kisebb aut\u00f3forgalm\u00fa fel\u00fcletek megt\u00e1maszt\u00e1s\u00e1ra, hat\u00e1rol\u00e1s\u00e1ra, lez\u00e1r\u00e1s\u00e1ra.<\/p>\n","protected":false},"featured_media":43911,"template":"","meta":[],"product_brand":[],"product_cat":[168,171],"product_tag":[6599,10408],"class_list":{"0":"post-44013","1":"product","2":"type-product","3":"status-publish","4":"has-post-thumbnail","6":"product_cat-kertepites-es-terburkolat","7":"product_cat-szegelykovek","8":"product_tag-leier","9":"product_tag-leiernew","11":"first","12":"instock","13":"taxable","14":"shipping-taxable","15":"purchasable","16":"product-type-simple"},"aioseo_notices":[],"_links":{"self":[{"href":"https:\/\/www.bau-styl.hu\/epitoanyag\/wp-json\/wp\/v2\/product\/44013","targetHints":{"allow":["GET"]}}],"collection":[{"href":"https:\/\/www.bau-styl.hu\/epitoanyag\/wp-json\/wp\/v2\/product"}],"about":[{"href":"https:\/\/www.bau-styl.hu\/epitoanyag\/wp-json\/wp\/v2\/types\/product"}],"wp:featuredmedia":[{"embeddable":true,"href":"https:\/\/www.bau-styl.hu\/epitoanyag\/wp-json\/wp\/v2\/media\/43911"}],"wp:attachment":[{"href":"https:\/\/www.bau-styl.hu\/epitoanyag\/wp-json\/wp\/v2\/media?parent=44013"}],"wp:term":[{"taxonomy":"product_brand","embeddable":true,"href":"https:\/\/www.bau-styl.hu\/epitoanyag\/wp-json\/wp\/v2\/product_brand?post=44013"},{"taxonomy":"product_cat","embeddable":true,"href":"https:\/\/www.bau-styl.hu\/epitoanyag\/wp-json\/wp\/v2\/product_cat?post=44013"},{"taxonomy":"product_tag","embeddable":true,"href":"https:\/\/www.bau-styl.hu\/epitoanyag\/wp-json\/wp\/v2\/product_tag?post=44013"}],"curies":[{"name":"wp","href":"https:\/\/api.w.org\/{rel}","templated":true}]}}