{"id":44020,"date":"2025-06-13T13:21:57","date_gmt":"2025-06-13T11:21:57","guid":{"rendered":"https:\/\/www.bau-styl.hu\/epitoanyag\/?post_type=product&#038;p=44020"},"modified":"2026-01-19T21:43:33","modified_gmt":"2026-01-19T19:43:33","slug":"leier-patio-terko-es-falazoelem-voros-arany-antik-25x124-cm-5-cm","status":"publish","type":"product","link":"https:\/\/www.bau-styl.hu\/epitoanyag\/termek\/leier-patio-terko-es-falazoelem-voros-arany-antik-25x124-cm-5-cm\/","title":{"rendered":"Leier Patio T\u00e9rk\u0151 \u00e9s falaz\u00f3elem v\u00f6r\u00f6s-arany antik 25&#215;12,4 cm 5 cm"},"content":{"rendered":"","protected":false},"excerpt":{"rendered":"<p>Form\u00e1ja, harmonikus sz\u00ednvil\u00e1ga \u00e9s antik fel\u00fclete r\u00e9v\u00e9n klasszikus mintak\u00e9pek lenyomatak\u00e9nt van r\u00e1nk hat\u00e1ssal a PATIO t\u00e9rk\u0151 \u00e9s falaz\u00f3k\u0151. T\u00e9rk\u0151- \u00e9s falfel\u00fcletek kialak\u00edt\u00e1s\u00e1hoz k\u00edn\u00e1l sok egyedi megold\u00e1st.<\/p>\n","protected":false},"featured_media":43802,"template":"","meta":[],"product_brand":[],"product_cat":[168,175],"product_tag":[6599,10408],"class_list":{"0":"post-44020","1":"product","2":"type-product","3":"status-publish","4":"has-post-thumbnail","6":"product_cat-kertepites-es-terburkolat","7":"product_cat-terkovek","8":"product_tag-leier","9":"product_tag-leiernew","11":"first","12":"instock","13":"taxable","14":"shipping-taxable","15":"purchasable","16":"product-type-simple"},"aioseo_notices":[],"_links":{"self":[{"href":"https:\/\/www.bau-styl.hu\/epitoanyag\/wp-json\/wp\/v2\/product\/44020","targetHints":{"allow":["GET"]}}],"collection":[{"href":"https:\/\/www.bau-styl.hu\/epitoanyag\/wp-json\/wp\/v2\/product"}],"about":[{"href":"https:\/\/www.bau-styl.hu\/epitoanyag\/wp-json\/wp\/v2\/types\/product"}],"wp:featuredmedia":[{"embeddable":true,"href":"https:\/\/www.bau-styl.hu\/epitoanyag\/wp-json\/wp\/v2\/media\/43802"}],"wp:attachment":[{"href":"https:\/\/www.bau-styl.hu\/epitoanyag\/wp-json\/wp\/v2\/media?parent=44020"}],"wp:term":[{"taxonomy":"product_brand","embeddable":true,"href":"https:\/\/www.bau-styl.hu\/epitoanyag\/wp-json\/wp\/v2\/product_brand?post=44020"},{"taxonomy":"product_cat","embeddable":true,"href":"https:\/\/www.bau-styl.hu\/epitoanyag\/wp-json\/wp\/v2\/product_cat?post=44020"},{"taxonomy":"product_tag","embeddable":true,"href":"https:\/\/www.bau-styl.hu\/epitoanyag\/wp-json\/wp\/v2\/product_tag?post=44020"}],"curies":[{"name":"wp","href":"https:\/\/api.w.org\/{rel}","templated":true}]}}