{"id":44021,"date":"2025-06-13T13:21:58","date_gmt":"2025-06-13T11:21:58","guid":{"rendered":"https:\/\/www.bau-styl.hu\/epitoanyag\/?post_type=product&#038;p=44021"},"modified":"2026-01-19T21:43:27","modified_gmt":"2026-01-19T19:43:27","slug":"leier-verde-gyepracs-szurke-60x40x10-cm","status":"publish","type":"product","link":"https:\/\/www.bau-styl.hu\/epitoanyag\/termek\/leier-verde-gyepracs-szurke-60x40x10-cm\/","title":{"rendered":"Leier Verde Gyepr\u00e1cs sz\u00fcrke 60x40x10 cm"},"content":{"rendered":"","protected":false},"excerpt":{"rendered":"<p>Finomszemcs\u00e9s burkol\u00f3lap letisztult fel\u00fclet\u00e9nek egyszer\u0171s\u00e9ge kiemeli a k\u00f6rnyezet sz\u00e9ps\u00e9g\u00e9t. Egysz\u00edn\u0171 \u00e1rnyalataival harmonikusan illeszkednek a modern t\u00e9rbe. A m\u00e9retar\u00e1nyok kiemelik a burkolat tiszta megjelen\u00e9s\u00e9t. Term\u00e9szetes k\u00fcls\u0151t k\u00f6lcs\u00f6n\u00f6znek, finom szemcs\u00e9zetts\u00e9g\u0171 fel\u00fclettel rendelkeznek, \u00e9llet\u00f6r\u00e9ssel \u00e9s ellen\u00e1ll\u00f3 kvarchomok kop\u00f3r\u00e9teggel.<\/p>\n","protected":false},"featured_media":43867,"template":"","meta":[],"product_brand":[],"product_cat":[168,175],"product_tag":[6599,10408],"class_list":{"0":"post-44021","1":"product","2":"type-product","3":"status-publish","4":"has-post-thumbnail","6":"product_cat-kertepites-es-terburkolat","7":"product_cat-terkovek","8":"product_tag-leier","9":"product_tag-leiernew","11":"first","12":"instock","13":"taxable","14":"shipping-taxable","15":"purchasable","16":"product-type-simple"},"aioseo_notices":[],"_links":{"self":[{"href":"https:\/\/www.bau-styl.hu\/epitoanyag\/wp-json\/wp\/v2\/product\/44021","targetHints":{"allow":["GET"]}}],"collection":[{"href":"https:\/\/www.bau-styl.hu\/epitoanyag\/wp-json\/wp\/v2\/product"}],"about":[{"href":"https:\/\/www.bau-styl.hu\/epitoanyag\/wp-json\/wp\/v2\/types\/product"}],"wp:featuredmedia":[{"embeddable":true,"href":"https:\/\/www.bau-styl.hu\/epitoanyag\/wp-json\/wp\/v2\/media\/43867"}],"wp:attachment":[{"href":"https:\/\/www.bau-styl.hu\/epitoanyag\/wp-json\/wp\/v2\/media?parent=44021"}],"wp:term":[{"taxonomy":"product_brand","embeddable":true,"href":"https:\/\/www.bau-styl.hu\/epitoanyag\/wp-json\/wp\/v2\/product_brand?post=44021"},{"taxonomy":"product_cat","embeddable":true,"href":"https:\/\/www.bau-styl.hu\/epitoanyag\/wp-json\/wp\/v2\/product_cat?post=44021"},{"taxonomy":"product_tag","embeddable":true,"href":"https:\/\/www.bau-styl.hu\/epitoanyag\/wp-json\/wp\/v2\/product_tag?post=44021"}],"curies":[{"name":"wp","href":"https:\/\/api.w.org\/{rel}","templated":true}]}}