{"id":44022,"date":"2025-06-13T13:21:58","date_gmt":"2025-06-13T11:21:58","guid":{"rendered":"https:\/\/www.bau-styl.hu\/epitoanyag\/?post_type=product&#038;p=44022"},"modified":"2026-01-19T21:43:39","modified_gmt":"2026-01-19T19:43:39","slug":"leier-classic-line-fifty-betonlap-kozepszurke-50x25x38-cm","status":"publish","type":"product","link":"https:\/\/www.bau-styl.hu\/epitoanyag\/termek\/leier-classic-line-fifty-betonlap-kozepszurke-50x25x38-cm\/","title":{"rendered":"Leier Classic-Line Fifty Betonlap k\u00f6z\u00e9psz\u00fcrke 50x25x3,8 cm"},"content":{"rendered":"","protected":false},"excerpt":{"rendered":"<p>Finomszemcs\u00e9s burkol\u00f3lap letisztult fel\u00fclet\u00e9nek egyszer\u0171s\u00e9ge kiemeli a k\u00f6rnyezet sz\u00e9ps\u00e9g\u00e9t. Egysz\u00edn\u0171 \u00e1rnyalataival harmonikusan illeszkednek a modern t\u00e9rbe. A m\u00e9retar\u00e1nyok kiemelik a burkolat tiszta megjelen\u00e9s\u00e9t. Term\u00e9szetes k\u00fcls\u0151t k\u00f6lcs\u00f6n\u00f6znek, finom szemcs\u00e9zetts\u00e9g\u0171 fel\u00fclettel rendelkeznek, \u00e9llet\u00f6r\u00e9ssel \u00e9s ellen\u00e1ll\u00f3 kvarchomok kop\u00f3r\u00e9teggel.<\/p>\n","protected":false},"featured_media":43862,"template":"","meta":[],"product_brand":[],"product_cat":[168,5044],"product_tag":[],"class_list":{"0":"post-44022","1":"product","2":"type-product","3":"status-publish","4":"has-post-thumbnail","6":"product_cat-kertepites-es-terburkolat","7":"product_cat-kerti-lapok","9":"first","10":"instock","11":"taxable","12":"shipping-taxable","13":"purchasable","14":"product-type-simple"},"aioseo_notices":[],"_links":{"self":[{"href":"https:\/\/www.bau-styl.hu\/epitoanyag\/wp-json\/wp\/v2\/product\/44022","targetHints":{"allow":["GET"]}}],"collection":[{"href":"https:\/\/www.bau-styl.hu\/epitoanyag\/wp-json\/wp\/v2\/product"}],"about":[{"href":"https:\/\/www.bau-styl.hu\/epitoanyag\/wp-json\/wp\/v2\/types\/product"}],"wp:featuredmedia":[{"embeddable":true,"href":"https:\/\/www.bau-styl.hu\/epitoanyag\/wp-json\/wp\/v2\/media\/43862"}],"wp:attachment":[{"href":"https:\/\/www.bau-styl.hu\/epitoanyag\/wp-json\/wp\/v2\/media?parent=44022"}],"wp:term":[{"taxonomy":"product_brand","embeddable":true,"href":"https:\/\/www.bau-styl.hu\/epitoanyag\/wp-json\/wp\/v2\/product_brand?post=44022"},{"taxonomy":"product_cat","embeddable":true,"href":"https:\/\/www.bau-styl.hu\/epitoanyag\/wp-json\/wp\/v2\/product_cat?post=44022"},{"taxonomy":"product_tag","embeddable":true,"href":"https:\/\/www.bau-styl.hu\/epitoanyag\/wp-json\/wp\/v2\/product_tag?post=44022"}],"curies":[{"name":"wp","href":"https:\/\/api.w.org\/{rel}","templated":true}]}}