{"id":44027,"date":"2025-06-13T13:21:59","date_gmt":"2025-06-13T11:21:59","guid":{"rendered":"https:\/\/www.bau-styl.hu\/epitoanyag\/?post_type=product&#038;p=44027"},"modified":"2026-01-19T21:43:13","modified_gmt":"2026-01-19T19:43:13","slug":"leier-luna-quartz-midi-rezsuko-szurke-40x30x25-cm","status":"publish","type":"product","link":"https:\/\/www.bau-styl.hu\/epitoanyag\/termek\/leier-luna-quartz-midi-rezsuko-szurke-40x30x25-cm\/","title":{"rendered":"Leier Luna Quartz Midi R\u00e9zs\u0171k\u0151 sz\u00fcrke 40x30x25 cm"},"content":{"rendered":"","protected":false},"excerpt":{"rendered":"<p>N\u00f6v\u00e9nyekkel be\u00fcltethet\u0151 zaj- \u00e9s sz\u00e9lv\u00e9d\u0151 falak \u00e9p\u00edt\u00e9s\u00e9hez, dombhajlatok, lejt\u0151k meger\u0151s\u00edt\u00e9s\u00e9hez vagy ak\u00e1r lank\u00e1s kert terasz\u00e1nak vir\u00e1gokkal val\u00f3 be\u00fcltet\u00e9s\u00e9hez aj\u00e1nljuk.<\/p>\n","protected":false},"featured_media":43894,"template":"","meta":[],"product_brand":[],"product_cat":[168,174],"product_tag":[6599,10408],"class_list":{"0":"post-44027","1":"product","2":"type-product","3":"status-publish","4":"has-post-thumbnail","6":"product_cat-kertepites-es-terburkolat","7":"product_cat-kertszepitok","8":"product_tag-leier","9":"product_tag-leiernew","11":"first","12":"instock","13":"taxable","14":"shipping-taxable","15":"purchasable","16":"product-type-simple"},"aioseo_notices":[],"_links":{"self":[{"href":"https:\/\/www.bau-styl.hu\/epitoanyag\/wp-json\/wp\/v2\/product\/44027","targetHints":{"allow":["GET"]}}],"collection":[{"href":"https:\/\/www.bau-styl.hu\/epitoanyag\/wp-json\/wp\/v2\/product"}],"about":[{"href":"https:\/\/www.bau-styl.hu\/epitoanyag\/wp-json\/wp\/v2\/types\/product"}],"wp:featuredmedia":[{"embeddable":true,"href":"https:\/\/www.bau-styl.hu\/epitoanyag\/wp-json\/wp\/v2\/media\/43894"}],"wp:attachment":[{"href":"https:\/\/www.bau-styl.hu\/epitoanyag\/wp-json\/wp\/v2\/media?parent=44027"}],"wp:term":[{"taxonomy":"product_brand","embeddable":true,"href":"https:\/\/www.bau-styl.hu\/epitoanyag\/wp-json\/wp\/v2\/product_brand?post=44027"},{"taxonomy":"product_cat","embeddable":true,"href":"https:\/\/www.bau-styl.hu\/epitoanyag\/wp-json\/wp\/v2\/product_cat?post=44027"},{"taxonomy":"product_tag","embeddable":true,"href":"https:\/\/www.bau-styl.hu\/epitoanyag\/wp-json\/wp\/v2\/product_tag?post=44027"}],"curies":[{"name":"wp","href":"https:\/\/api.w.org\/{rel}","templated":true}]}}