{"id":44028,"date":"2025-06-13T13:22:04","date_gmt":"2025-06-13T11:22:04","guid":{"rendered":"https:\/\/www.bau-styl.hu\/epitoanyag\/?post_type=product&#038;p=44028"},"modified":"2026-01-19T21:43:40","modified_gmt":"2026-01-19T19:43:40","slug":"leier-durisol-magasagyas-negyzet-alaku-szurke","status":"publish","type":"product","link":"https:\/\/www.bau-styl.hu\/epitoanyag\/termek\/leier-durisol-magasagyas-negyzet-alaku-szurke\/","title":{"rendered":"Leier Durisol Magas\u00e1gy\u00e1s n\u00e9gyzet alak\u00fa sz\u00fcrke"},"content":{"rendered":"","protected":false},"excerpt":{"rendered":"<p>A n\u00e9gyzet alak\u00fa Leier Durisol magas\u00e1gy\u00e1s (120 cm x 80 cm x 120 cm) term\u00e9szetk\u00f6zeli megold\u00e1st k\u00edn\u00e1l a kert\u00e9szked\u00e9sre. K\u00e9pes \u00e1thidalni a rossz min\u0151s\u00e9g\u0171 talaj, a kis alapter\u00fclet \u00e9s a v\u00e1rosi k\u00f6rnyezet kih\u00edv\u00e1sait, mik\u00f6zben k\u00f6rnyezetbar\u00e1t. Anyag\u00e1t a mineraliz\u00e1lt, \u00fajrahasznos\u00edtott faforg\u00e1cs adja, \u00edgy term\u00e9szetes \u00e9s k\u00f6rnyezetk\u00edm\u00e9l\u0151.<\/p>\n","protected":false},"featured_media":43807,"template":"","meta":[],"product_brand":[],"product_cat":[168,174,10399],"product_tag":[6599,10408],"class_list":{"0":"post-44028","1":"product","2":"type-product","3":"status-publish","4":"has-post-thumbnail","6":"product_cat-kertepites-es-terburkolat","7":"product_cat-kertszepitok","8":"product_cat-durisol","9":"product_tag-leier","10":"product_tag-leiernew","12":"first","13":"instock","14":"taxable","15":"shipping-taxable","16":"purchasable","17":"product-type-simple"},"aioseo_notices":[],"_links":{"self":[{"href":"https:\/\/www.bau-styl.hu\/epitoanyag\/wp-json\/wp\/v2\/product\/44028","targetHints":{"allow":["GET"]}}],"collection":[{"href":"https:\/\/www.bau-styl.hu\/epitoanyag\/wp-json\/wp\/v2\/product"}],"about":[{"href":"https:\/\/www.bau-styl.hu\/epitoanyag\/wp-json\/wp\/v2\/types\/product"}],"wp:featuredmedia":[{"embeddable":true,"href":"https:\/\/www.bau-styl.hu\/epitoanyag\/wp-json\/wp\/v2\/media\/43807"}],"wp:attachment":[{"href":"https:\/\/www.bau-styl.hu\/epitoanyag\/wp-json\/wp\/v2\/media?parent=44028"}],"wp:term":[{"taxonomy":"product_brand","embeddable":true,"href":"https:\/\/www.bau-styl.hu\/epitoanyag\/wp-json\/wp\/v2\/product_brand?post=44028"},{"taxonomy":"product_cat","embeddable":true,"href":"https:\/\/www.bau-styl.hu\/epitoanyag\/wp-json\/wp\/v2\/product_cat?post=44028"},{"taxonomy":"product_tag","embeddable":true,"href":"https:\/\/www.bau-styl.hu\/epitoanyag\/wp-json\/wp\/v2\/product_tag?post=44028"}],"curies":[{"name":"wp","href":"https:\/\/api.w.org\/{rel}","templated":true}]}}