{"id":44033,"date":"2025-06-13T13:22:05","date_gmt":"2025-06-13T11:22:05","guid":{"rendered":"https:\/\/www.bau-styl.hu\/epitoanyag\/?post_type=product&#038;p=44033"},"modified":"2026-01-19T21:43:40","modified_gmt":"2026-01-19T19:43:40","slug":"leier-durisol-magasagyas-u-szett-szurke","status":"publish","type":"product","link":"https:\/\/www.bau-styl.hu\/epitoanyag\/termek\/leier-durisol-magasagyas-u-szett-szurke\/","title":{"rendered":"Leier Durisol Magas\u00e1gy\u00e1s &#8220;U&#8221; szett sz\u00fcrke"},"content":{"rendered":"","protected":false},"excerpt":{"rendered":"<p>Az &#8220;U&#8221; alak\u00fa Leier Durisol magas\u00e1gy\u00e1s (340 cm x 80 cm x 230 cm) kiv\u00e1l\u00f3 v\u00e1laszt\u00e1s a kert\u00e9szked\u00e9shez. M\u00e9retei lehet\u0151v\u00e9 teszik a nagyobb ter\u00fclet kihaszn\u00e1l\u00e1s\u00e1t \u00e9s v\u00e1ltozatos n\u00f6v\u00e9nyek termeszt\u00e9s\u00e9t. Emellett a kialak\u00edt\u00e1sa jobb hozz\u00e1f\u00e9r\u00e9st biztos\u00edt a n\u00f6v\u00e9nyekhez, k\u00f6nnyebb munkav\u00e9gz\u00e9st tesz lehet\u0151v\u00e9. Az U alak\u00fa magas\u00e1gy\u00e1s lehet\u0151s\u00e9get ad a kreat\u00edv kert\u00e9p\u00edt\u00e9sre \u00e9s a tervez\u00e9s szabads\u00e1g\u00e1ra. Praktikus \u00e9s hat\u00e9kony megold\u00e1s a n\u00f6v\u00e9nytermeszt\u00e9shez.<\/p>\n","protected":false},"featured_media":43817,"template":"","meta":[],"product_brand":[],"product_cat":[168,174,10399],"product_tag":[6599,10408],"class_list":{"0":"post-44033","1":"product","2":"type-product","3":"status-publish","4":"has-post-thumbnail","6":"product_cat-kertepites-es-terburkolat","7":"product_cat-kertszepitok","8":"product_cat-durisol","9":"product_tag-leier","10":"product_tag-leiernew","12":"first","13":"instock","14":"taxable","15":"shipping-taxable","16":"purchasable","17":"product-type-simple"},"aioseo_notices":[],"_links":{"self":[{"href":"https:\/\/www.bau-styl.hu\/epitoanyag\/wp-json\/wp\/v2\/product\/44033","targetHints":{"allow":["GET"]}}],"collection":[{"href":"https:\/\/www.bau-styl.hu\/epitoanyag\/wp-json\/wp\/v2\/product"}],"about":[{"href":"https:\/\/www.bau-styl.hu\/epitoanyag\/wp-json\/wp\/v2\/types\/product"}],"wp:featuredmedia":[{"embeddable":true,"href":"https:\/\/www.bau-styl.hu\/epitoanyag\/wp-json\/wp\/v2\/media\/43817"}],"wp:attachment":[{"href":"https:\/\/www.bau-styl.hu\/epitoanyag\/wp-json\/wp\/v2\/media?parent=44033"}],"wp:term":[{"taxonomy":"product_brand","embeddable":true,"href":"https:\/\/www.bau-styl.hu\/epitoanyag\/wp-json\/wp\/v2\/product_brand?post=44033"},{"taxonomy":"product_cat","embeddable":true,"href":"https:\/\/www.bau-styl.hu\/epitoanyag\/wp-json\/wp\/v2\/product_cat?post=44033"},{"taxonomy":"product_tag","embeddable":true,"href":"https:\/\/www.bau-styl.hu\/epitoanyag\/wp-json\/wp\/v2\/product_tag?post=44033"}],"curies":[{"name":"wp","href":"https:\/\/api.w.org\/{rel}","templated":true}]}}