{"id":44036,"date":"2025-06-13T13:22:05","date_gmt":"2025-06-13T11:22:05","guid":{"rendered":"https:\/\/www.bau-styl.hu\/epitoanyag\/?post_type=product&#038;p=44036"},"modified":"2026-01-19T21:43:40","modified_gmt":"2026-01-19T19:43:40","slug":"leier-durisol-magasagyas-u-plusz-alakzat-u1-szett-barna","status":"publish","type":"product","link":"https:\/\/www.bau-styl.hu\/epitoanyag\/termek\/leier-durisol-magasagyas-u-plusz-alakzat-u1-szett-barna\/","title":{"rendered":"Leier Durisol Magas\u00e1gy\u00e1s U Plusz alakzat &#8220;U1&#8221; szett barna"},"content":{"rendered":"","protected":false},"excerpt":{"rendered":"<p>Az &#8220;U&#8221; Plusz alak\u00fa Leier Durisol magas\u00e1gy\u00e1s (450 cm x 80 cm x 230 cm) kiv\u00e1l\u00f3 v\u00e1laszt\u00e1s a hat\u00e9kony kert\u00e9szked\u00e9shez, lehet\u0151v\u00e9 t\u00e9ve a sokf\u00e9le n\u00f6v\u00e9ny termeszt\u00e9s\u00e9t. A t\u00e1gas ter\u00fclet lehet\u0151v\u00e9 teszi sz\u00e1munkra, hogy sz\u00e1mos n\u00f6v\u00e9nyt elhelyezz\u00fcnk, \u00e9s kreat\u00edvan alak\u00edtsuk ki a kert\u00fcnket. A nagy magass\u00e1g pedig k\u00e9nyelmes munk\u00e1t biztos\u00edt a kert\u00e9szked\u0151k sz\u00e1m\u00e1ra. A m\u00e9lys\u00e9g elegend\u0151 helyet biztos\u00edt a gy\u00f6kerek kifejl\u0151d\u00e9s\u00e9hez \u00e9s a n\u00f6v\u00e9nyek optim\u00e1lis n\u00f6veked\u00e9s\u00e9hez.<\/p>\n","protected":false},"featured_media":43916,"template":"","meta":[],"product_brand":[],"product_cat":[168,174,10399],"product_tag":[6599,10408],"class_list":{"0":"post-44036","1":"product","2":"type-product","3":"status-publish","4":"has-post-thumbnail","6":"product_cat-kertepites-es-terburkolat","7":"product_cat-kertszepitok","8":"product_cat-durisol","9":"product_tag-leier","10":"product_tag-leiernew","12":"first","13":"instock","14":"taxable","15":"shipping-taxable","16":"purchasable","17":"product-type-simple"},"aioseo_notices":[],"_links":{"self":[{"href":"https:\/\/www.bau-styl.hu\/epitoanyag\/wp-json\/wp\/v2\/product\/44036","targetHints":{"allow":["GET"]}}],"collection":[{"href":"https:\/\/www.bau-styl.hu\/epitoanyag\/wp-json\/wp\/v2\/product"}],"about":[{"href":"https:\/\/www.bau-styl.hu\/epitoanyag\/wp-json\/wp\/v2\/types\/product"}],"wp:featuredmedia":[{"embeddable":true,"href":"https:\/\/www.bau-styl.hu\/epitoanyag\/wp-json\/wp\/v2\/media\/43916"}],"wp:attachment":[{"href":"https:\/\/www.bau-styl.hu\/epitoanyag\/wp-json\/wp\/v2\/media?parent=44036"}],"wp:term":[{"taxonomy":"product_brand","embeddable":true,"href":"https:\/\/www.bau-styl.hu\/epitoanyag\/wp-json\/wp\/v2\/product_brand?post=44036"},{"taxonomy":"product_cat","embeddable":true,"href":"https:\/\/www.bau-styl.hu\/epitoanyag\/wp-json\/wp\/v2\/product_cat?post=44036"},{"taxonomy":"product_tag","embeddable":true,"href":"https:\/\/www.bau-styl.hu\/epitoanyag\/wp-json\/wp\/v2\/product_tag?post=44036"}],"curies":[{"name":"wp","href":"https:\/\/api.w.org\/{rel}","templated":true}]}}