{"id":44415,"date":"2025-08-07T13:29:36","date_gmt":"2025-08-07T11:29:36","guid":{"rendered":"https:\/\/www.bau-styl.hu\/epitoanyag\/?post_type=product&#038;p=44415"},"modified":"2025-08-12T10:57:55","modified_gmt":"2025-08-12T08:57:55","slug":"orha-muvek-everest-steel-u-profil-05-mm","status":"publish","type":"product","link":"https:\/\/www.bau-styl.hu\/epitoanyag\/termek\/orha-muvek-everest-steel-u-profil-05-mm\/","title":{"rendered":"Orha M\u0171vek &#8211; Everest Steel U Profil, 0,5 mm"},"content":{"rendered":"","protected":false},"excerpt":{"rendered":"<p>Everest Steel ker\u00edt\u00e9selemek v\u00edzszintes \u00e9p\u00edt\u00e9s\u00e9hez haszn\u00e1latos, sz\u00ednazonos profil.<br \/>\nA ker\u00edt\u00e9selemek \u00f6nf\u00far\u00f3 csavarokkal r\u00f6gz\u00edthet\u0151k a profilhoz.<br \/>\nSzerel\u00e9s l\u00e9p\u00e9sei v\u00edzszintes elrendez\u00e9s eset\u00e9n:<br \/>\n1. Ker\u00edt\u00e9s profilokat fogad\u00f3 \u201cU\u201d s\u00ednek r\u00f6gz\u00edt\u00e9se a ker\u00edt\u00e9s oszlopok bels\u0151 oldal\u00e1ra.<br \/>\n2. Az els\u0151 ker\u00edt\u00e9selem pontos be\u00e1ll\u00edt\u00e1sa (magass\u00e1g, v\u00edzszintes poz\u00edci\u00f3).<br \/>\n3. Be\u00e1ll\u00edtott, ellen\u0151rz\u00f6tt poz\u00edci\u00f3 r\u00f6gz\u00edt\u00e9se az \u201cU\u201d s\u00ednhez, csavar seg\u00edts\u00e9g\u00e9vel.<br \/>\n4. K\u00f6vetkez\u0151 ker\u00edt\u00e9selem behelyez\u00e9se az \u201eU\u201d s\u00ednekbe \u00e9s a kioszt\u00e1si terv szerinti t\u00e1vols\u00e1g be\u00e1ll\u00edt\u00e1sa az els\u0151 elemhez k\u00e9pest.<br \/>\n5. A t\u00f6k\u00e9letes h\u00e9zagok be\u00e1ll\u00edt\u00e1sa ut\u00e1n az \u00f6sszes ker\u00edt\u00e9selemet (mindk\u00e9t oldalon) egy-egy csavarral r\u00f6gz\u00edtj\u00fck az \u201eU\u201d s\u00ednhez.<\/p>\n<p><span style=\"text-decoration: underline;\"><a href=\"https:\/\/www.bau-styl.hu\/epitoanyag\/wp-content\/uploads\/2025\/08\/Szerelesi-utmutato-vizszintes-zart_U-profilhoz.pdf\" target=\"_blank\" rel=\"noopener\">Szerel\u00e9si \u00fatmutat\u00f3 v\u00edzszintes-z\u00e1rt U profilhoz<\/a><\/span><\/p>\n","protected":false},"featured_media":44412,"template":"","meta":[],"product_brand":[],"product_cat":[168,169],"product_tag":[10462,10461],"class_list":{"0":"post-44415","1":"product","2":"type-product","3":"status-publish","4":"has-post-thumbnail","6":"product_cat-kertepites-es-terburkolat","7":"product_cat-kerites-elemek","8":"product_tag-everest-steel","9":"product_tag-orha-muvek","11":"first","12":"instock","13":"taxable","14":"shipping-taxable","15":"purchasable","16":"product-type-variable"},"aioseo_notices":[],"_links":{"self":[{"href":"https:\/\/www.bau-styl.hu\/epitoanyag\/wp-json\/wp\/v2\/product\/44415","targetHints":{"allow":["GET"]}}],"collection":[{"href":"https:\/\/www.bau-styl.hu\/epitoanyag\/wp-json\/wp\/v2\/product"}],"about":[{"href":"https:\/\/www.bau-styl.hu\/epitoanyag\/wp-json\/wp\/v2\/types\/product"}],"wp:featuredmedia":[{"embeddable":true,"href":"https:\/\/www.bau-styl.hu\/epitoanyag\/wp-json\/wp\/v2\/media\/44412"}],"wp:attachment":[{"href":"https:\/\/www.bau-styl.hu\/epitoanyag\/wp-json\/wp\/v2\/media?parent=44415"}],"wp:term":[{"taxonomy":"product_brand","embeddable":true,"href":"https:\/\/www.bau-styl.hu\/epitoanyag\/wp-json\/wp\/v2\/product_brand?post=44415"},{"taxonomy":"product_cat","embeddable":true,"href":"https:\/\/www.bau-styl.hu\/epitoanyag\/wp-json\/wp\/v2\/product_cat?post=44415"},{"taxonomy":"product_tag","embeddable":true,"href":"https:\/\/www.bau-styl.hu\/epitoanyag\/wp-json\/wp\/v2\/product_tag?post=44415"}],"curies":[{"name":"wp","href":"https:\/\/api.w.org\/{rel}","templated":true}]}}