{"id":44719,"date":"2025-09-17T14:19:42","date_gmt":"2025-09-17T12:19:42","guid":{"rendered":"https:\/\/www.bau-styl.hu\/epitoanyag\/?post_type=product&#038;p=44719"},"modified":"2026-01-28T16:31:42","modified_gmt":"2026-01-28T14:31:42","slug":"quick-step-unilin-im3105-laminalt-padlo-white-varnished-oak-8-mm-1-savos","status":"publish","type":"product","link":"https:\/\/www.bau-styl.hu\/epitoanyag\/termek\/quick-step-unilin-im3105-laminalt-padlo-white-varnished-oak-8-mm-1-savos\/","title":{"rendered":"Quick Step Lamin\u00e1lt padl\u00f3, Impressive Feh\u00e9r lakkozott t\u00f6lgy"},"content":{"rendered":"","protected":false},"excerpt":{"rendered":"<p>Quick-Step Unilin IM3105 Lamin\u00e1lt padl\u00f3, White varnished oak, 8 mm, 1 s\u00e1vos<\/p>\n<p>A Quick-Step padl\u00f3k a modern otthonok t\u00f6k\u00e9letes v\u00e1laszt\u00e1sai: eleg\u00e1ns megjelen\u00e9s\u00fck mellett olyan fejlett technol\u00f3gi\u00e1kat k\u00edn\u00e1lnak, amelyek garant\u00e1lj\u00e1k a hossz\u00fa \u00e9lettartamot \u00e9s a k\u00e9nyelmes haszn\u00e1latot.<\/p>\n<p><strong>Karcol\u00e1s\u00e1ll\u00f3 fel\u00fclet \u2013 Scratch Guard technol\u00f3gia<\/strong><br \/>\nA speci\u00e1lis bevonatnak k\u00f6sz\u00f6nhet\u0151en a Quick-Step padl\u00f3k ak\u00e1r t\u00edzszer ellen\u00e1ll\u00f3bbak a karcol\u00e1sokkal szemben, \u00edgy sok\u00e1ig meg\u0151rzik eredeti sz\u00e9ps\u00e9g\u00fcket.<\/p>\n<p><strong>100% v\u00edz\u00e1ll\u00f3s\u00e1g<\/strong><br \/>\nA nedvess\u00e9g t\u00f6bb\u00e9 nem jelent probl\u00e9m\u00e1t! A Quick-Step v\u00edz\u00e1ll\u00f3 padl\u00f3i ide\u00e1lisak konyh\u00e1ba, f\u00fcrd\u0151szob\u00e1ba vagy el\u0151szob\u00e1ba is, r\u00e1ad\u00e1sul tiszt\u00edt\u00e1suk gyors \u00e9s egyszer\u0171.<\/p>\n<p><strong>Uniclic be\u00e9p\u00edt\u00e9si rendszer<\/strong><br \/>\nA Quick-Step \u00e1ltal szabadalmaztatott Uniclic pattint\u00e1sos rendszerrel a padl\u00f3 lerak\u00e1sa gyerekj\u00e1t\u00e9k. A lapok k\u00f6nnyed\u00e9n, er\u0151fesz\u00edt\u00e9s n\u00e9lk\u00fcl illeszthet\u0151k egym\u00e1shoz, \u00edgy a telep\u00edt\u00e9s gyors \u00e9s hib\u00e1tlan lesz.<\/p>\n<p><strong>Egys\u00e9ges st\u00edlus kieg\u00e9sz\u00edt\u0151kkel<\/strong><br \/>\nA padl\u00f3hoz ill\u0151 szeg\u00e9lyl\u00e9cek, profilok \u00e9s al\u00e1t\u00e9tek gondoskodnak a teljes \u00f6sszhangr\u00f3l. \u00cdgy az enteri\u0151r nemcsak sz\u00e9p, hanem egys\u00e9ges megjelen\u00e9s\u0171 is lesz.<\/p>\n<p><strong>K\u00f6rnyezetbar\u00e1t v\u00e1laszt\u00e1s<\/strong><br \/>\nAz EU Ecolabel tan\u00fas\u00edtv\u00e1nnyal rendelkez\u0151 Quick-Step padl\u00f3k legal\u00e1bb 80%-ban fenntarthat\u00f3 forr\u00e1sb\u00f3l sz\u00e1rmaz\u00f3 f\u00e1b\u00f3l k\u00e9sz\u00fclnek. Nem tartalmaznak vesz\u00e9lyes anyagokat, energiatakar\u00e9kos \u00fczemekben gy\u00e1rtj\u00e1k \u0151ket, \u00e9s hossz\u00fa \u00e9lettartamuknak k\u00f6sz\u00f6nhet\u0151en gazdas\u00e1gos \u00e9s k\u00f6rnyezetk\u00edm\u00e9l\u0151 megold\u00e1st jelentenek.<\/p>\n<p><strong>Garancia \u00e9s tart\u00f3ss\u00e1g<\/strong><br \/>\nA Quick-Step lamin\u00e1lt padl\u00f3k hossz\u00fa t\u00e1v\u00fa garanci\u00e1val \u00e9rkeznek, k\u00f6nnyen jav\u00edthat\u00f3k \u00e9s sz\u00fcks\u00e9g eset\u00e9n egyszer\u0171en elt\u00e1vol\u00edthat\u00f3k \u2013 mindig alkalmazkodnak az \u00d6n ig\u00e9nyeihez.<\/p>\n","protected":false},"featured_media":44651,"template":"","meta":[],"product_brand":[],"product_cat":[8623],"product_tag":[8665],"class_list":{"0":"post-44719","1":"product","2":"type-product","3":"status-publish","4":"has-post-thumbnail","6":"product_cat-melegburkolat","7":"product_tag-laminalt-padlo","9":"first","10":"instock","11":"taxable","12":"shipping-taxable","13":"purchasable","14":"product-type-simple"},"aioseo_notices":[],"_links":{"self":[{"href":"https:\/\/www.bau-styl.hu\/epitoanyag\/wp-json\/wp\/v2\/product\/44719","targetHints":{"allow":["GET"]}}],"collection":[{"href":"https:\/\/www.bau-styl.hu\/epitoanyag\/wp-json\/wp\/v2\/product"}],"about":[{"href":"https:\/\/www.bau-styl.hu\/epitoanyag\/wp-json\/wp\/v2\/types\/product"}],"wp:featuredmedia":[{"embeddable":true,"href":"https:\/\/www.bau-styl.hu\/epitoanyag\/wp-json\/wp\/v2\/media\/44651"}],"wp:attachment":[{"href":"https:\/\/www.bau-styl.hu\/epitoanyag\/wp-json\/wp\/v2\/media?parent=44719"}],"wp:term":[{"taxonomy":"product_brand","embeddable":true,"href":"https:\/\/www.bau-styl.hu\/epitoanyag\/wp-json\/wp\/v2\/product_brand?post=44719"},{"taxonomy":"product_cat","embeddable":true,"href":"https:\/\/www.bau-styl.hu\/epitoanyag\/wp-json\/wp\/v2\/product_cat?post=44719"},{"taxonomy":"product_tag","embeddable":true,"href":"https:\/\/www.bau-styl.hu\/epitoanyag\/wp-json\/wp\/v2\/product_tag?post=44719"}],"curies":[{"name":"wp","href":"https:\/\/api.w.org\/{rel}","templated":true}]}}